{"id":9022,"date":"2024-08-05T11:34:02","date_gmt":"2024-08-05T09:34:02","guid":{"rendered":"https:\/\/www.museodelapaz.eus\/musee\/visitez-le-musee-de-la-paix-de-gernika\/visite-individuelle\/abris-anti-aeriens-de-gernika\/"},"modified":"2025-07-30T12:05:42","modified_gmt":"2025-07-30T10:05:42","slug":"abris-anti-aeriens-de-gernika","status":"publish","type":"page","link":"https:\/\/www.museodelapaz.eus\/fr\/musee\/visitez-le-musee-de-la-paix-de-gernika\/visite-individuelle\/abris-anti-aeriens-de-gernika\/","title":{"rendered":"Les abris anti-a\u00e9riens de Gernika: itin\u00e9raire guid\u00e9"},"content":{"rendered":"\n<div class=\"wp-block-group alignfull\"><div class=\"wp-block-group__inner-container is-layout-constrained wp-block-group-is-layout-constrained\">\n<div class=\"wp-block-group alignwide\"><div class=\"wp-block-group__inner-container is-layout-flow wp-block-group-is-layout-flow\">\n<!-- MISTERPLAN PLUGIN 1.1.44-->\n<!-- MISTERPLAN PLUGIN MOTOR TIPO 2 ID ELEMENTO 10096 DESTINO 4981 PV 8462-->\n<div class=\"MrPlanPlugin_MotorContainer MrPlanPlugin_MotorContainer_2\" >\n    <div id=\"rpsv_IncWidgetFicha\" class=\"MrPlanPlugin_CapaMotor\">       \n        \n                <script \n            nowprocket\n            type=\"text\/javascript\"\n            id_elemento=\"10096\"\n            tipo_elemento=\"2\"\n            idw=\"3973\"\n            w_type=\"ficha\"\n            TEws_fecha_ini=\"\"\n            url_confirmacion=\"https:\/\/www.museodelapaz.eus\/confirmacion-de-reserva\/\"\n            w_contenido=\"simple\"\n            w_param=\"getURL\"\n            id_idioma=\"3\"\n            paramHash=\"6247fe8251dec8697cf9b57b3ea49f0d78fb352b\"\n            src=\"https:\/\/www.mrplan.io\/experiencias\/modulos\/TExpReverse\/lib\/TExpReverseInc.php?id_experiencia=10096&idw=3973&paramHash=6247fe8251dec8697cf9b57b3ea49f0d78fb352b&source_plugin=MrPlanPlugin&web_plugin=https%3A%2F%2Fwww.museodelapaz.eus%2Ffr%2Fmusee%2Fvisitez-le-musee-de-la-paix-de-gernika%2Fvisite-individuelle%2Fabris-anti-aeriens-de-gernika%2F\">\n        <\/script>\n            <\/div>\n<\/div>\n\n<\/div><\/div>\n<\/div><\/div>\n","protected":false},"excerpt":{"rendered":"","protected":false},"author":1,"featured_media":0,"parent":3298,"menu_order":0,"comment_status":"closed","ping_status":"closed","template":"","meta":{"_acf_changed":false,"inline_featured_image":false,"footnotes":""},"class_list":["post-9022","page","type-page","status-publish","hentry"],"acf":[],"yoast_head":"<!-- This site is optimized with the Yoast SEO plugin v27.4 - https:\/\/yoast.com\/product\/yoast-seo-wordpress\/ -->\n<title>Les abris anti-a\u00e9riens de Gernika: itin\u00e9raire guid\u00e9 - Museo de la Paz de Gernika<\/title>\n<meta name=\"robots\" content=\"index, follow, max-snippet:-1, max-image-preview:large, max-video-preview:-1\" \/>\n<link rel=\"canonical\" href=\"https:\/\/www.museodelapaz.eus\/fr\/musee\/visitez-le-musee-de-la-paix-de-gernika\/visite-individuelle\/abris-anti-aeriens-de-gernika\/\" \/>\n<meta property=\"og:locale\" content=\"fr_FR\" \/>\n<meta property=\"og:type\" content=\"article\" \/>\n<meta property=\"og:title\" content=\"Les abris anti-a\u00e9riens de Gernika: itin\u00e9raire guid\u00e9 - Museo de la Paz de Gernika\" \/>\n<meta property=\"og:url\" content=\"https:\/\/www.museodelapaz.eus\/fr\/musee\/visitez-le-musee-de-la-paix-de-gernika\/visite-individuelle\/abris-anti-aeriens-de-gernika\/\" \/>\n<meta property=\"og:site_name\" content=\"Museo de la Paz de Gernika\" \/>\n<meta property=\"article:modified_time\" content=\"2025-07-30T10:05:42+00:00\" \/>\n<meta name=\"twitter:card\" content=\"summary_large_image\" \/>\n<meta name=\"twitter:label1\" content=\"Dur\u00e9e de lecture estim\u00e9e\" \/>\n\t<meta name=\"twitter:data1\" content=\"1 minute\" \/>\n<script type=\"application\/ld+json\" class=\"yoast-schema-graph\">{\"@context\":\"https:\\\/\\\/schema.org\",\"@graph\":[{\"@type\":\"WebPage\",\"@id\":\"https:\\\/\\\/www.museodelapaz.eus\\\/fr\\\/musee\\\/visitez-le-musee-de-la-paix-de-gernika\\\/visite-individuelle\\\/abris-anti-aeriens-de-gernika\\\/\",\"url\":\"https:\\\/\\\/www.museodelapaz.eus\\\/fr\\\/musee\\\/visitez-le-musee-de-la-paix-de-gernika\\\/visite-individuelle\\\/abris-anti-aeriens-de-gernika\\\/\",\"name\":\"Les abris anti-a\u00e9riens de Gernika: itin\u00e9raire guid\u00e9 - Museo de la Paz de Gernika\",\"isPartOf\":{\"@id\":\"https:\\\/\\\/www.museodelapaz.eus\\\/fr\\\/#website\"},\"datePublished\":\"2024-08-05T09:34:02+00:00\",\"dateModified\":\"2025-07-30T10:05:42+00:00\",\"breadcrumb\":{\"@id\":\"https:\\\/\\\/www.museodelapaz.eus\\\/fr\\\/musee\\\/visitez-le-musee-de-la-paix-de-gernika\\\/visite-individuelle\\\/abris-anti-aeriens-de-gernika\\\/#breadcrumb\"},\"inLanguage\":\"fr-FR\",\"potentialAction\":[{\"@type\":\"ReadAction\",\"target\":[\"https:\\\/\\\/www.museodelapaz.eus\\\/fr\\\/musee\\\/visitez-le-musee-de-la-paix-de-gernika\\\/visite-individuelle\\\/abris-anti-aeriens-de-gernika\\\/\"]}]},{\"@type\":\"BreadcrumbList\",\"@id\":\"https:\\\/\\\/www.museodelapaz.eus\\\/fr\\\/musee\\\/visitez-le-musee-de-la-paix-de-gernika\\\/visite-individuelle\\\/abris-anti-aeriens-de-gernika\\\/#breadcrumb\",\"itemListElement\":[{\"@type\":\"ListItem\",\"position\":1,\"name\":\"Portada\",\"item\":\"https:\\\/\\\/www.museodelapaz.eus\\\/fr\\\/accueil\\\/\"},{\"@type\":\"ListItem\",\"position\":2,\"name\":\"Mus\u00e9e\",\"item\":\"https:\\\/\\\/www.museodelapaz.eus\\\/fr\\\/musee\\\/\"},{\"@type\":\"ListItem\",\"position\":3,\"name\":\"Visitez le Mus\u00e9e de la Paix de Gernika\",\"item\":\"https:\\\/\\\/www.museodelapaz.eus\\\/fr\\\/musee\\\/visitez-le-musee-de-la-paix-de-gernika\\\/\"},{\"@type\":\"ListItem\",\"position\":4,\"name\":\"Visite individuelle\",\"item\":\"https:\\\/\\\/www.museodelapaz.eus\\\/fr\\\/musee\\\/visitez-le-musee-de-la-paix-de-gernika\\\/visite-individuelle\\\/\"},{\"@type\":\"ListItem\",\"position\":5,\"name\":\"Les abris anti-a\u00e9riens de Gernika: itin\u00e9raire guid\u00e9\"}]},{\"@type\":\"WebSite\",\"@id\":\"https:\\\/\\\/www.museodelapaz.eus\\\/fr\\\/#website\",\"url\":\"https:\\\/\\\/www.museodelapaz.eus\\\/fr\\\/\",\"name\":\"Museo de la Paz de Gernika\",\"description\":\"\",\"publisher\":{\"@id\":\"https:\\\/\\\/www.museodelapaz.eus\\\/fr\\\/#organization\"},\"potentialAction\":[{\"@type\":\"SearchAction\",\"target\":{\"@type\":\"EntryPoint\",\"urlTemplate\":\"https:\\\/\\\/www.museodelapaz.eus\\\/fr\\\/?s={search_term_string}\"},\"query-input\":{\"@type\":\"PropertyValueSpecification\",\"valueRequired\":true,\"valueName\":\"search_term_string\"}}],\"inLanguage\":\"fr-FR\"},{\"@type\":\"Organization\",\"@id\":\"https:\\\/\\\/www.museodelapaz.eus\\\/fr\\\/#organization\",\"name\":\"Museo de la Paz de Gernika\",\"url\":\"https:\\\/\\\/www.museodelapaz.eus\\\/fr\\\/\",\"logo\":{\"@type\":\"ImageObject\",\"inLanguage\":\"fr-FR\",\"@id\":\"https:\\\/\\\/www.museodelapaz.eus\\\/fr\\\/#\\\/schema\\\/logo\\\/image\\\/\",\"url\":\"https:\\\/\\\/www.museodelapaz.eus\\\/wp-content\\\/uploads\\\/2024\\\/05\\\/logo-museo-de-la-paz-gernika-h-1.svg\",\"contentUrl\":\"https:\\\/\\\/www.museodelapaz.eus\\\/wp-content\\\/uploads\\\/2024\\\/05\\\/logo-museo-de-la-paz-gernika-h-1.svg\",\"caption\":\"Museo de la Paz de Gernika\"},\"image\":{\"@id\":\"https:\\\/\\\/www.museodelapaz.eus\\\/fr\\\/#\\\/schema\\\/logo\\\/image\\\/\"}}]}<\/script>\n<!-- \/ Yoast SEO plugin. -->","yoast_head_json":{"title":"Les abris anti-a\u00e9riens de Gernika: itin\u00e9raire guid\u00e9 - Museo de la Paz de Gernika","robots":{"index":"index","follow":"follow","max-snippet":"max-snippet:-1","max-image-preview":"max-image-preview:large","max-video-preview":"max-video-preview:-1"},"canonical":"https:\/\/www.museodelapaz.eus\/fr\/musee\/visitez-le-musee-de-la-paix-de-gernika\/visite-individuelle\/abris-anti-aeriens-de-gernika\/","og_locale":"fr_FR","og_type":"article","og_title":"Les abris anti-a\u00e9riens de Gernika: itin\u00e9raire guid\u00e9 - Museo de la Paz de Gernika","og_url":"https:\/\/www.museodelapaz.eus\/fr\/musee\/visitez-le-musee-de-la-paix-de-gernika\/visite-individuelle\/abris-anti-aeriens-de-gernika\/","og_site_name":"Museo de la Paz de Gernika","article_modified_time":"2025-07-30T10:05:42+00:00","twitter_card":"summary_large_image","twitter_misc":{"Dur\u00e9e de lecture estim\u00e9e":"1 minute"},"schema":{"@context":"https:\/\/schema.org","@graph":[{"@type":"WebPage","@id":"https:\/\/www.museodelapaz.eus\/fr\/musee\/visitez-le-musee-de-la-paix-de-gernika\/visite-individuelle\/abris-anti-aeriens-de-gernika\/","url":"https:\/\/www.museodelapaz.eus\/fr\/musee\/visitez-le-musee-de-la-paix-de-gernika\/visite-individuelle\/abris-anti-aeriens-de-gernika\/","name":"Les abris anti-a\u00e9riens de Gernika: itin\u00e9raire guid\u00e9 - Museo de la Paz de Gernika","isPartOf":{"@id":"https:\/\/www.museodelapaz.eus\/fr\/#website"},"datePublished":"2024-08-05T09:34:02+00:00","dateModified":"2025-07-30T10:05:42+00:00","breadcrumb":{"@id":"https:\/\/www.museodelapaz.eus\/fr\/musee\/visitez-le-musee-de-la-paix-de-gernika\/visite-individuelle\/abris-anti-aeriens-de-gernika\/#breadcrumb"},"inLanguage":"fr-FR","potentialAction":[{"@type":"ReadAction","target":["https:\/\/www.museodelapaz.eus\/fr\/musee\/visitez-le-musee-de-la-paix-de-gernika\/visite-individuelle\/abris-anti-aeriens-de-gernika\/"]}]},{"@type":"BreadcrumbList","@id":"https:\/\/www.museodelapaz.eus\/fr\/musee\/visitez-le-musee-de-la-paix-de-gernika\/visite-individuelle\/abris-anti-aeriens-de-gernika\/#breadcrumb","itemListElement":[{"@type":"ListItem","position":1,"name":"Portada","item":"https:\/\/www.museodelapaz.eus\/fr\/accueil\/"},{"@type":"ListItem","position":2,"name":"Mus\u00e9e","item":"https:\/\/www.museodelapaz.eus\/fr\/musee\/"},{"@type":"ListItem","position":3,"name":"Visitez le Mus\u00e9e de la Paix de Gernika","item":"https:\/\/www.museodelapaz.eus\/fr\/musee\/visitez-le-musee-de-la-paix-de-gernika\/"},{"@type":"ListItem","position":4,"name":"Visite individuelle","item":"https:\/\/www.museodelapaz.eus\/fr\/musee\/visitez-le-musee-de-la-paix-de-gernika\/visite-individuelle\/"},{"@type":"ListItem","position":5,"name":"Les abris anti-a\u00e9riens de Gernika: itin\u00e9raire guid\u00e9"}]},{"@type":"WebSite","@id":"https:\/\/www.museodelapaz.eus\/fr\/#website","url":"https:\/\/www.museodelapaz.eus\/fr\/","name":"Museo de la Paz de Gernika","description":"","publisher":{"@id":"https:\/\/www.museodelapaz.eus\/fr\/#organization"},"potentialAction":[{"@type":"SearchAction","target":{"@type":"EntryPoint","urlTemplate":"https:\/\/www.museodelapaz.eus\/fr\/?s={search_term_string}"},"query-input":{"@type":"PropertyValueSpecification","valueRequired":true,"valueName":"search_term_string"}}],"inLanguage":"fr-FR"},{"@type":"Organization","@id":"https:\/\/www.museodelapaz.eus\/fr\/#organization","name":"Museo de la Paz de Gernika","url":"https:\/\/www.museodelapaz.eus\/fr\/","logo":{"@type":"ImageObject","inLanguage":"fr-FR","@id":"https:\/\/www.museodelapaz.eus\/fr\/#\/schema\/logo\/image\/","url":"https:\/\/www.museodelapaz.eus\/wp-content\/uploads\/2024\/05\/logo-museo-de-la-paz-gernika-h-1.svg","contentUrl":"https:\/\/www.museodelapaz.eus\/wp-content\/uploads\/2024\/05\/logo-museo-de-la-paz-gernika-h-1.svg","caption":"Museo de la Paz de Gernika"},"image":{"@id":"https:\/\/www.museodelapaz.eus\/fr\/#\/schema\/logo\/image\/"}}]}},"_links":{"self":[{"href":"https:\/\/www.museodelapaz.eus\/fr\/wp-json\/wp\/v2\/pages\/9022","targetHints":{"allow":["GET"]}}],"collection":[{"href":"https:\/\/www.museodelapaz.eus\/fr\/wp-json\/wp\/v2\/pages"}],"about":[{"href":"https:\/\/www.museodelapaz.eus\/fr\/wp-json\/wp\/v2\/types\/page"}],"author":[{"embeddable":true,"href":"https:\/\/www.museodelapaz.eus\/fr\/wp-json\/wp\/v2\/users\/1"}],"replies":[{"embeddable":true,"href":"https:\/\/www.museodelapaz.eus\/fr\/wp-json\/wp\/v2\/comments?post=9022"}],"version-history":[{"count":3,"href":"https:\/\/www.museodelapaz.eus\/fr\/wp-json\/wp\/v2\/pages\/9022\/revisions"}],"predecessor-version":[{"id":11399,"href":"https:\/\/www.museodelapaz.eus\/fr\/wp-json\/wp\/v2\/pages\/9022\/revisions\/11399"}],"up":[{"embeddable":true,"href":"https:\/\/www.museodelapaz.eus\/fr\/wp-json\/wp\/v2\/pages\/3298"}],"wp:attachment":[{"href":"https:\/\/www.museodelapaz.eus\/fr\/wp-json\/wp\/v2\/media?parent=9022"}],"curies":[{"name":"wp","href":"https:\/\/api.w.org\/{rel}","templated":true}]}}