{"id":3663,"date":"2025-02-14T10:20:56","date_gmt":"2025-02-14T09:20:56","guid":{"rendered":"https:\/\/www.museodelapaz.eus\/mentions-legales-et-politique-de-confidentialite\/"},"modified":"2025-07-09T13:09:35","modified_gmt":"2025-07-09T11:09:35","slug":"mentions-legales-et-politique-de-confidentialite","status":"publish","type":"page","link":"https:\/\/www.museodelapaz.eus\/fr\/mentions-legales-et-politique-de-confidentialite\/","title":{"rendered":"Mentions l\u00e9gales et politique de confidentialit\u00e9"},"content":{"rendered":"\n<p><strong>FUNDACI\u00d3N MUSEO DE LA PAZ DE GERNIKA<\/strong> (ci-apr\u00e8s d\u00e9nomm\u00e9e <strong>FUNDACI\u00d3N MUSEO DE LA PAZ DE GERNIKA<\/strong>), conform\u00e9ment \u00e0 la l\u00e9gislation en mati\u00e8re de protection des donn\u00e9es de caract\u00e8re personnel (R\u00e8glement Europ\u00e9en 2016\/679 et autres normes de mise en application) ainsi que de r\u00e8glementation existante en mati\u00e8re de services de la soci\u00e9t\u00e9 de l&#8217;information et du commerce \u00e9lectronique (Loi 34\/2002, du 11 juillet), vous informe des pr\u00e9sentes conditions g\u00e9n\u00e9rales d&#8217;utilisation qui sont appliqu\u00e9es \u00e0 toutes les op\u00e9rations r\u00e9alis\u00e9es \u00e0 travers le site web : www.museodelapaz.org<\/p>\n\n<h2 class=\"wp-block-heading\">1. Donn\u00e9es l\u00e9gales:<\/h2>\n\n<p>Le titulaire de ce site web est :<\/p>\n\n<p>\u00a9GernikakoBakearenMuseoFundazioa<\/p>\n\n<p>CIF: G95222949<\/p>\n\n<p>Foru plaza,1.<\/p>\n\n<p>E 48300 Gernika-Lumo.<\/p>\n\n<p>Bizkaia. Euskadi. Espa\u00f1a  <\/p>\n\n<p>Tel.:(+34) 94 627 02 13<\/p>\n\n<p>E-mail: <a href=\"mailto:museoa@bakearenmuseoagernika.eus\">museoa@bakearenmuseoagernika.eus<\/a><\/p>\n\n<p><a href=\"http:\/\/www.museodelapaz.eus\/\" target=\"_blank\" rel=\"noreferrer noopener\">www.museodelapaz.eus<\/a><\/p>\n\n<p>Inscrite au Registre des Fondations du Pays Basque : F 162 Section 3<sup>e<\/sup>.<\/p>\n\n<h2 class=\"wp-block-heading\">2. Propri\u00e9t\u00e9 intellectuelle<\/h2>\n\n<p>Les droits de la propri\u00e9t\u00e9 intellectuelle du site web, ainsi que leurs diff\u00e9rents contenus appartiennent \u00e0 la <strong>FUNDACI\u00d3N MUSEO DE LA PAZ DE GERNIKA<\/strong>.<\/p>\n\n<p>Il est strictement interdit d&#8217;effectuer tout changement sur ce site. <strong>FUNDACI\u00d3N MUSEO DE LA PAZ DE GERNIKA<\/strong> rejette toute responsabilit\u00e9 pouvant d\u00e9river des manipulations ou alt\u00e9rations non autoris\u00e9es. <strong>FUNDACI\u00d3N MUSEO DE LA PAZ DE GERNIKA<\/strong> ne conc\u00e8de aucune licence ou autorisation d&#8217;usage d&#8217;aucune sorte sur ses droits de propri\u00e9t\u00e9 industrielle et intellectuelle ou sur toute autre propri\u00e9t\u00e9 ou droit en relation avec le web, les services ou contenus.<\/p>\n\n<p>La reproduction totale ou partielle des contenus de ce site web est interdite sans mentionner leur origine ou demander l&#8217;autorisation formelle pour cela. L&#8217;utilisation non autoris\u00e9e de l&#8217;information contenue sur ce site web, ainsi que les pr\u00e9judices occasionn\u00e9s sur les droits de propri\u00e9t\u00e9 intellectuelle et industrielle de la <strong>FUNDACI\u00d3N MUSEO DE LA PAZ DE GERNIKA<\/strong> engendreront l&#8217;exercice des actions correspondantes et le cas \u00e9ch\u00e9ant, les responsabilit\u00e9s qui d\u00e9rivent de cet exercice. <\/p>\n\n<h2 class=\"wp-block-heading\">3. Conditions d&#8217;utilisation<\/h2>\n\n<p>Ce site web a \u00e9t\u00e9 cr\u00e9\u00e9 par la <strong>FUNDACI\u00d3N MUSEO DE LA PAZ DE GERNIKA<\/strong>, \u00e0 titre informatif pour son usage personnel et gratuit.<\/p>\n\n<p><strong>a) Utilisation licite<\/strong><\/p>\n\n<p>La personne utilisatrice de ce site web et de ses services s&#8217;engage \u00e0 faire un usage conform\u00e9ment aux lois et usages de l&#8217;activit\u00e9, et s&#8217;abstiendra d&#8217;utiliser le site web et ses services \u00e0 des fins ou effets illicites ou nuisibles pour les droits et int\u00e9r\u00eats de tiers, ou qui de quelconque fa\u00e7on peuvent endommager, rendre inutilisable, surcharger ou d\u00e9t\u00e9riorer le site web et les services ou bien emp\u00eacher l&#8217;utilisation normale ou exploitation du site web et des services par les utilisateurs. Quiconque n&#8217;accomplit pas cette obligation r\u00e9pondra envers la <strong>FUNDACI\u00d3N MUSEO DE LA PAZ DE GERNIKA<\/strong> et envers les tiers, de tous les dommages et pr\u00e9judices pouvant \u00eatre provoqu\u00e9s en cons\u00e9quence du non-accomplissement de cette obligation. <\/p>\n\n<p><strong>b) Garantie d&#8217;erreurs<\/strong><\/p>\n\n<p>La <strong>FUNDACI\u00d3N MUSEO DE LA PAZ DE GERNIKA<\/strong> ne garantira pas l&#8217;inexistence d&#8217;erreurs \u00e0 l&#8217;acc\u00e8s au site web, ou son contenu ; si des publications \u00e0 caract\u00e8re officiel sont cit\u00e9es ou reproduites, cette reproduction aura un caract\u00e8re purement informatif, devant consid\u00e9rer \u00e0 tous les effets comme \u00e9tant valable la publication dans son bulletin ou journal officiel correspondant.<\/p>\n\n<p><strong>c) Disponibilit\u00e9 du service<\/strong><\/p>\n\n<p>La <strong>FUNDACI\u00d3N MUSEO DE LA PAZ DE GERNIKA<\/strong> se r\u00e9serve la facult\u00e9 d&#8217;effectuer, \u00e0 tout moment et sans besoin de pr\u00e9avis, des modifications et mises \u00e0 jour sur l&#8217;information contenue sur son site web ou dans son param\u00e9trage ou dans sa pr\u00e9sentation.<\/p>\n\n<p>La <strong>FUNDACI\u00d3N MUSEO DE LA PAZ DE GERNIKA<\/strong> ne garantira pas la disponibilit\u00e9 et continuit\u00e9 du fonctionnement du site web et de ses services. Lorsque cela est raisonnablement possible, les interruptions dans le fonctionnement du site web et des services seront communiqu\u00e9es. <\/p>\n\n<p>La <strong>FUNDACI\u00d3N MUSEO DE LA PAZ DE GERNIKA<\/strong> exclue toute responsabilit\u00e9 pour les dommages et pr\u00e9judices de toute nature qui peuvent \u00eatre dus au manque de disponibilit\u00e9 ou de continuit\u00e9 du fonctionnement du site web et des services, au manque d&#8217;utilit\u00e9 que les utilisateurs auraient pu attribuer au site web et aux services, \u00e0 la faillibilit\u00e9 du site web et des services et tout particuli\u00e8rement, bien que non de fa\u00e7on exclusive, aux d\u00e9faillances dans l&#8217;acc\u00e8s aux diff\u00e9rents sites web ou \u00e0 ceux depuis lesquels la prestation des services se fait.<\/p>\n\n<h2 class=\"wp-block-heading\">4. Responsabilit\u00e9 pour l&#8217;usage de l&#8217;information contenue<\/h2>\n\n<p>L&#8217;utilisateur est conscient et accepte volontairement que l&#8217;usage du site web, des services et des contenus a lieu, dans tous les cas, sous son unique et exclusive responsabilit\u00e9. Aussi bien l&#8217;acc\u00e8s au site web, que l&#8217;usage qui peut \u00eatre fait de l&#8217;information contenue sont sous la responsabilit\u00e9 exclusive de qui le fait. La FUNDACI\u00d3N MUSEO DE LA PAZ DE GERNIKA ne r\u00e9pondra d&#8217;aucune cons\u00e9quence, dommage ou pr\u00e9judice qui pourrait d\u00e9river de cet acc\u00e8s ou usage d&#8217;information ni de l&#8217;application r\u00e9alis\u00e9e pour soutenir quelconque avis ou d\u00e9cision personnelle ou d&#8217;entreprise. La FUNDACI\u00d3N MUSEO DE LA PAZ DE GERNIKA rejette toute responsabilit\u00e9 d\u00e9riv\u00e9e de la connexion ou des contenus des liens de tiers auxquels le site web fait r\u00e9f\u00e9rence.   <\/p>\n\n<h2 class=\"wp-block-heading\">5. Protection des Donn\u00e9es de Caract\u00e8re Personnel<\/h2>\n\n<p><strong>La FUNDACI\u00d3N MUSEO DE LA PAZ DE GERNIKA<\/strong> respecte la confidentialit\u00e9 des utilisateurs et le secret et la s\u00e9curit\u00e9 des donn\u00e9es personnelles, conform\u00e9ment aux dispositions de la l\u00e9gislation applicable en mati\u00e8re de protection des donn\u00e9es, plus pr\u00e9cis\u00e9ment, le R\u00e8glement 2016\/679 du Parlement Europ\u00e9en et du Conseil du 27 avril 2016, et sa norme de mise en application, ayant pris pour cela les mesures techniques et organisationnelles n\u00e9cessaires pour \u00e9viter la perte, le mauvais usage l&#8217;alt\u00e9ration, l&#8217;acc\u00e8s non autoris\u00e9 et le vol des donn\u00e9es personnelles fournies, compte tenu de l&#8217;\u00e9tat de la technologie, la nature des donn\u00e9es et les risques auxquels elles sont expos\u00e9es.<\/p>\n\n<p>Si pour acc\u00e9der \u00e0 certains des services propos\u00e9s par la <strong>FUNDACI\u00d3N MUSEO DE LA PAZ DE GERNIKA<\/strong> il s&#8217;av\u00e8re n\u00e9cessaire de fournir des donn\u00e9es de caract\u00e8re personnel, le traitement de ces donn\u00e9es se basera sur le consentement de la personne int\u00e9ress\u00e9e, \u00e0 travers l&#8217;acceptation de cette information l\u00e9gale et politique de confidentialit\u00e9.<\/p>\n\n<p>Les donn\u00e9es personnelles ne seront trait\u00e9es qu&#8217;afin d&#8217;effectuer la prestation du service sollicit\u00e9, et ne seront en aucun cas c\u00e9d\u00e9es \u00e0 des tiers, sauf obligation l\u00e9gale<\/p>\n\n<p>Ces donn\u00e9es personnelles seront conserv\u00e9es pendant la dur\u00e9e de la relation qui lie l&#8217;utilisateur \u00e0 la <strong>FUNDACI\u00d3N MUSEO DE LA PAZ DE GERNIKA<\/strong>, et dans tous les cas, dans les d\u00e9lais \u00e9tablis pour accomplir les obligations l\u00e9gales d\u00e9riv\u00e9es de cette relation.<\/p>\n\n<p>La politique de confidentialit\u00e9 de <strong>FUNDACI\u00d3N MUSEO DE LA PAZ DE GERNIKA<\/strong> garantit \u00e0 l&#8217;utilisateur dans tous les cas la possibilit\u00e9 d&#8217;exercer ses droits : l&#8217;acc\u00e8s aux donn\u00e9es personnelles relatives \u00e0 la personne int\u00e9ress\u00e9e, et sa rectification ou suppression, ou la limite de son traitement, le droit \u00e0 la portabilit\u00e9 des donn\u00e9es, ou \u00e0 s&#8217;opposer au traitement, pouvant exercer ces droits :<\/p>\n\n<ul class=\"wp-block-list\">\n<li>par courrier ordinaire adress\u00e9 \u00e0 :<strong>Foru plaza,1.<br\/>48300 Gernika-Lumo.<br\/>Bizkaia. Euskadi. Espa\u00f1a  <\/strong><\/li>\n\n\n\n<li>por correo electr\u00f3nico dirigido a:<a href=\"mailto:museoa@bakearenmuseoagernika.eus\" target=\"_blank\" rel=\"noreferrer noopener\">museoa@bakearenmuseoagernika.eus<\/a><\/li>\n\n\n\n<li>aupr\u00e8s de l&#8217;Autorit\u00e9 de Contr\u00f4le, Agence Espagnole de Protection des Donn\u00e9es : <a href=\"https:\/\/www.aepd.es\/\" target=\"_blank\" rel=\"noreferrer noopener\">www.aepd.es<\/a><\/li>\n\n\n\n<li>ou Agence Basque de Protection des Donn\u00e9es : <a href=\"https:\/\/www.avpd.eus\/\" target=\"_blank\" rel=\"noreferrer noopener\">www.avpd.eus<\/a><\/li>\n<\/ul>\n\n<p>En fournissant ses donn\u00e9es personnelles, en acceptant cette information l\u00e9gale et politique de confidentialit\u00e9, l&#8217;utilisateur donne son consentement pour qu&#8217;elles soient utilis\u00e9es selon les termes \u00e9tablis ici.<\/p>\n\n<h2 class=\"wp-block-heading\">6. Loi applicable et juridiction<\/h2>\n\n<p>L&#8217;utilisation de ce site web est r\u00e9gie par la loi espagnole et de l&#8217;Union Europ\u00e9enne. Tout d\u00e9saccord pouvant surgir dans l&#8217;interpr\u00e9tation de ces conditions sera r\u00e9solu devant les tribunaux du lieu de r\u00e9sidence de l&#8217;utilisateur. <\/p>\n","protected":false},"excerpt":{"rendered":"<p>FUNDACI\u00d3N MUSEO DE LA PAZ DE GERNIKA (ci-apr\u00e8s d\u00e9nomm\u00e9e FUNDACI\u00d3N MUSEO DE LA PAZ DE GERNIKA), conform\u00e9ment \u00e0 la l\u00e9gislation en mati\u00e8re de protection des donn\u00e9es de caract\u00e8re personnel (R\u00e8glement&#8230;<\/p>\n","protected":false},"author":1,"featured_media":0,"parent":0,"menu_order":0,"comment_status":"closed","ping_status":"closed","template":"","meta":{"_acf_changed":false,"inline_featured_image":false,"footnotes":""},"class_list":["post-3663","page","type-page","status-publish","hentry"],"acf":[],"yoast_head":"<!-- This site is optimized with the Yoast SEO plugin v27.4 - https:\/\/yoast.com\/product\/yoast-seo-wordpress\/ -->\n<title>Mentions l\u00e9gales et politique de confidentialit\u00e9 - Museo de la Paz de Gernika<\/title>\n<meta name=\"robots\" content=\"index, follow, max-snippet:-1, max-image-preview:large, max-video-preview:-1\" \/>\n<link rel=\"canonical\" href=\"https:\/\/www.museodelapaz.eus\/fr\/mentions-legales-et-politique-de-confidentialite\/\" \/>\n<meta property=\"og:locale\" content=\"fr_FR\" \/>\n<meta property=\"og:type\" content=\"article\" \/>\n<meta property=\"og:title\" content=\"Mentions l\u00e9gales et politique de confidentialit\u00e9 - Museo de la Paz de Gernika\" \/>\n<meta property=\"og:description\" content=\"FUNDACI\u00d3N MUSEO DE LA PAZ DE GERNIKA (ci-apr\u00e8s d\u00e9nomm\u00e9e FUNDACI\u00d3N MUSEO DE LA PAZ DE GERNIKA), conform\u00e9ment \u00e0 la l\u00e9gislation en mati\u00e8re de protection des donn\u00e9es de caract\u00e8re personnel (R\u00e8glement...\" \/>\n<meta property=\"og:url\" content=\"https:\/\/www.museodelapaz.eus\/fr\/mentions-legales-et-politique-de-confidentialite\/\" \/>\n<meta property=\"og:site_name\" content=\"Museo de la Paz de Gernika\" \/>\n<meta property=\"article:modified_time\" content=\"2025-07-09T11:09:35+00:00\" \/>\n<meta name=\"twitter:card\" content=\"summary_large_image\" \/>\n<meta name=\"twitter:label1\" content=\"Dur\u00e9e de lecture estim\u00e9e\" \/>\n\t<meta name=\"twitter:data1\" content=\"7 minutes\" \/>\n<script type=\"application\/ld+json\" class=\"yoast-schema-graph\">{\"@context\":\"https:\\\/\\\/schema.org\",\"@graph\":[{\"@type\":\"WebPage\",\"@id\":\"https:\\\/\\\/www.museodelapaz.eus\\\/fr\\\/mentions-legales-et-politique-de-confidentialite\\\/\",\"url\":\"https:\\\/\\\/www.museodelapaz.eus\\\/fr\\\/mentions-legales-et-politique-de-confidentialite\\\/\",\"name\":\"Mentions l\u00e9gales et politique de confidentialit\u00e9 - Museo de la Paz de Gernika\",\"isPartOf\":{\"@id\":\"https:\\\/\\\/www.museodelapaz.eus\\\/fr\\\/#website\"},\"datePublished\":\"2025-02-14T09:20:56+00:00\",\"dateModified\":\"2025-07-09T11:09:35+00:00\",\"breadcrumb\":{\"@id\":\"https:\\\/\\\/www.museodelapaz.eus\\\/fr\\\/mentions-legales-et-politique-de-confidentialite\\\/#breadcrumb\"},\"inLanguage\":\"fr-FR\",\"potentialAction\":[{\"@type\":\"ReadAction\",\"target\":[\"https:\\\/\\\/www.museodelapaz.eus\\\/fr\\\/mentions-legales-et-politique-de-confidentialite\\\/\"]}]},{\"@type\":\"BreadcrumbList\",\"@id\":\"https:\\\/\\\/www.museodelapaz.eus\\\/fr\\\/mentions-legales-et-politique-de-confidentialite\\\/#breadcrumb\",\"itemListElement\":[{\"@type\":\"ListItem\",\"position\":1,\"name\":\"Portada\",\"item\":\"https:\\\/\\\/www.museodelapaz.eus\\\/fr\\\/accueil\\\/\"},{\"@type\":\"ListItem\",\"position\":2,\"name\":\"Mentions l\u00e9gales et politique de confidentialit\u00e9\"}]},{\"@type\":\"WebSite\",\"@id\":\"https:\\\/\\\/www.museodelapaz.eus\\\/fr\\\/#website\",\"url\":\"https:\\\/\\\/www.museodelapaz.eus\\\/fr\\\/\",\"name\":\"Museo de la Paz de Gernika\",\"description\":\"\",\"publisher\":{\"@id\":\"https:\\\/\\\/www.museodelapaz.eus\\\/fr\\\/#organization\"},\"potentialAction\":[{\"@type\":\"SearchAction\",\"target\":{\"@type\":\"EntryPoint\",\"urlTemplate\":\"https:\\\/\\\/www.museodelapaz.eus\\\/fr\\\/?s={search_term_string}\"},\"query-input\":{\"@type\":\"PropertyValueSpecification\",\"valueRequired\":true,\"valueName\":\"search_term_string\"}}],\"inLanguage\":\"fr-FR\"},{\"@type\":\"Organization\",\"@id\":\"https:\\\/\\\/www.museodelapaz.eus\\\/fr\\\/#organization\",\"name\":\"Museo de la Paz de Gernika\",\"url\":\"https:\\\/\\\/www.museodelapaz.eus\\\/fr\\\/\",\"logo\":{\"@type\":\"ImageObject\",\"inLanguage\":\"fr-FR\",\"@id\":\"https:\\\/\\\/www.museodelapaz.eus\\\/fr\\\/#\\\/schema\\\/logo\\\/image\\\/\",\"url\":\"https:\\\/\\\/www.museodelapaz.eus\\\/wp-content\\\/uploads\\\/2024\\\/05\\\/logo-museo-de-la-paz-gernika-h-1.svg\",\"contentUrl\":\"https:\\\/\\\/www.museodelapaz.eus\\\/wp-content\\\/uploads\\\/2024\\\/05\\\/logo-museo-de-la-paz-gernika-h-1.svg\",\"caption\":\"Museo de la Paz de Gernika\"},\"image\":{\"@id\":\"https:\\\/\\\/www.museodelapaz.eus\\\/fr\\\/#\\\/schema\\\/logo\\\/image\\\/\"}}]}<\/script>\n<!-- \/ Yoast SEO plugin. -->","yoast_head_json":{"title":"Mentions l\u00e9gales et politique de confidentialit\u00e9 - Museo de la Paz de Gernika","robots":{"index":"index","follow":"follow","max-snippet":"max-snippet:-1","max-image-preview":"max-image-preview:large","max-video-preview":"max-video-preview:-1"},"canonical":"https:\/\/www.museodelapaz.eus\/fr\/mentions-legales-et-politique-de-confidentialite\/","og_locale":"fr_FR","og_type":"article","og_title":"Mentions l\u00e9gales et politique de confidentialit\u00e9 - Museo de la Paz de Gernika","og_description":"FUNDACI\u00d3N MUSEO DE LA PAZ DE GERNIKA (ci-apr\u00e8s d\u00e9nomm\u00e9e FUNDACI\u00d3N MUSEO DE LA PAZ DE GERNIKA), conform\u00e9ment \u00e0 la l\u00e9gislation en mati\u00e8re de protection des donn\u00e9es de caract\u00e8re personnel (R\u00e8glement...","og_url":"https:\/\/www.museodelapaz.eus\/fr\/mentions-legales-et-politique-de-confidentialite\/","og_site_name":"Museo de la Paz de Gernika","article_modified_time":"2025-07-09T11:09:35+00:00","twitter_card":"summary_large_image","twitter_misc":{"Dur\u00e9e de lecture estim\u00e9e":"7 minutes"},"schema":{"@context":"https:\/\/schema.org","@graph":[{"@type":"WebPage","@id":"https:\/\/www.museodelapaz.eus\/fr\/mentions-legales-et-politique-de-confidentialite\/","url":"https:\/\/www.museodelapaz.eus\/fr\/mentions-legales-et-politique-de-confidentialite\/","name":"Mentions l\u00e9gales et politique de confidentialit\u00e9 - Museo de la Paz de Gernika","isPartOf":{"@id":"https:\/\/www.museodelapaz.eus\/fr\/#website"},"datePublished":"2025-02-14T09:20:56+00:00","dateModified":"2025-07-09T11:09:35+00:00","breadcrumb":{"@id":"https:\/\/www.museodelapaz.eus\/fr\/mentions-legales-et-politique-de-confidentialite\/#breadcrumb"},"inLanguage":"fr-FR","potentialAction":[{"@type":"ReadAction","target":["https:\/\/www.museodelapaz.eus\/fr\/mentions-legales-et-politique-de-confidentialite\/"]}]},{"@type":"BreadcrumbList","@id":"https:\/\/www.museodelapaz.eus\/fr\/mentions-legales-et-politique-de-confidentialite\/#breadcrumb","itemListElement":[{"@type":"ListItem","position":1,"name":"Portada","item":"https:\/\/www.museodelapaz.eus\/fr\/accueil\/"},{"@type":"ListItem","position":2,"name":"Mentions l\u00e9gales et politique de confidentialit\u00e9"}]},{"@type":"WebSite","@id":"https:\/\/www.museodelapaz.eus\/fr\/#website","url":"https:\/\/www.museodelapaz.eus\/fr\/","name":"Museo de la Paz de Gernika","description":"","publisher":{"@id":"https:\/\/www.museodelapaz.eus\/fr\/#organization"},"potentialAction":[{"@type":"SearchAction","target":{"@type":"EntryPoint","urlTemplate":"https:\/\/www.museodelapaz.eus\/fr\/?s={search_term_string}"},"query-input":{"@type":"PropertyValueSpecification","valueRequired":true,"valueName":"search_term_string"}}],"inLanguage":"fr-FR"},{"@type":"Organization","@id":"https:\/\/www.museodelapaz.eus\/fr\/#organization","name":"Museo de la Paz de Gernika","url":"https:\/\/www.museodelapaz.eus\/fr\/","logo":{"@type":"ImageObject","inLanguage":"fr-FR","@id":"https:\/\/www.museodelapaz.eus\/fr\/#\/schema\/logo\/image\/","url":"https:\/\/www.museodelapaz.eus\/wp-content\/uploads\/2024\/05\/logo-museo-de-la-paz-gernika-h-1.svg","contentUrl":"https:\/\/www.museodelapaz.eus\/wp-content\/uploads\/2024\/05\/logo-museo-de-la-paz-gernika-h-1.svg","caption":"Museo de la Paz de Gernika"},"image":{"@id":"https:\/\/www.museodelapaz.eus\/fr\/#\/schema\/logo\/image\/"}}]}},"_links":{"self":[{"href":"https:\/\/www.museodelapaz.eus\/fr\/wp-json\/wp\/v2\/pages\/3663","targetHints":{"allow":["GET"]}}],"collection":[{"href":"https:\/\/www.museodelapaz.eus\/fr\/wp-json\/wp\/v2\/pages"}],"about":[{"href":"https:\/\/www.museodelapaz.eus\/fr\/wp-json\/wp\/v2\/types\/page"}],"author":[{"embeddable":true,"href":"https:\/\/www.museodelapaz.eus\/fr\/wp-json\/wp\/v2\/users\/1"}],"replies":[{"embeddable":true,"href":"https:\/\/www.museodelapaz.eus\/fr\/wp-json\/wp\/v2\/comments?post=3663"}],"version-history":[{"count":4,"href":"https:\/\/www.museodelapaz.eus\/fr\/wp-json\/wp\/v2\/pages\/3663\/revisions"}],"predecessor-version":[{"id":11345,"href":"https:\/\/www.museodelapaz.eus\/fr\/wp-json\/wp\/v2\/pages\/3663\/revisions\/11345"}],"wp:attachment":[{"href":"https:\/\/www.museodelapaz.eus\/fr\/wp-json\/wp\/v2\/media?parent=3663"}],"curies":[{"name":"wp","href":"https:\/\/api.w.org\/{rel}","templated":true}]}}