{"id":3657,"date":"2025-02-14T11:23:43","date_gmt":"2025-02-14T10:23:43","guid":{"rendered":"https:\/\/www.museodelapaz.eus\/accessibilite-du-web\/"},"modified":"2026-02-12T12:19:14","modified_gmt":"2026-02-12T11:19:14","slug":"accessibilite-du-web","status":"publish","type":"page","link":"https:\/\/www.museodelapaz.eus\/fr\/accessibilite-du-web\/","title":{"rendered":"Accessibilit\u00e9"},"content":{"rendered":"\n<div style=\"height:100px\" aria-hidden=\"true\" class=\"wp-block-spacer\"><\/div>\n\n<p><strong>Estamos trabajando en un plan de mejora continua<\/strong> para asegurar el acceso pleno al museo a todas las personas. En este apartado iremos actualizando los diferentes avances en materia de<strong> Accesibilidad.<\/strong> <\/p>\n\n<p>\u00c0 ce jour,<strong> l\u2019<a href=\"https:\/\/www.museodelapaz.eus\/3d-flip-book\/accesibilidad-del-museo-de-la-paz-de-gernika-2025\/\">\u00e9tat d\u2019Accessibilit\u00e9 du Mus\u00e9e <\/a>est le suivant :<\/strong><\/p>\n\n<div style=\"height:100px\" aria-hidden=\"true\" class=\"wp-block-spacer\"><\/div>\n\n<h2 class=\"wp-block-heading\">Information g\u00e9n\u00e9ral<\/h2>\n\n<p><strong>ENTR\u00c9E GRATUITE <\/strong><\/p>\n\n<p>Les personnes ayant un handicap b\u00e9n\u00e9ficient d&#8217;une entr\u00e9e gratuite (0\u20ac) pour visiter le mus\u00e9e. <\/p>\n\n<p><strong>BUREAU D\u2019INFORMATION <\/strong><\/p>\n\n<p>Le bureau d&#8217;information se situe dans le hall d&#8217;entr\u00e9e, o\u00f9 le personnel fournit des informations sur tous les services, espaces et programmes du mus\u00e9e. Ce bureau dispose d&#8217;une zone adapt\u00e9e. <\/p>\n\n<p><strong>CONSIGNE<\/strong><\/p>\n\n<p>Les casiers, qui font office de consigne, se situent dans le magasin, vous pouvez y d\u00e9poser vos sacs \u00e0 dos et d&#8217;autres objets.<\/p>\n\n<p>Nous offrons aux groupes la possibilit\u00e9 de ranger les sacs ou les sacs \u00e0 dos qu&#8217;ils apportent dans les m\u00eames casiers ou les m\u00eames coffres.<\/p>\n\n<p><strong>ZONES DE REPOS<\/strong> <\/p>\n\n<p>Chaque \u00e9tage dispose d&#8217;une zone de repos \u00e9quip\u00e9e de banc.<\/p>\n\n<p>Nous disposons de chaises pliantes \u00e0 la r\u00e9ception, au 1er \u00e9tage et au 2\u00e8me \u00e9tage.<\/p>\n\n<p><strong>WIFI<\/strong> <\/p>\n\n<p>Nous proposons un r\u00e9seau de wifi gratuit sans aucun code d&#8217;acc\u00e8s.<\/p>\n\n<div style=\"height:100px\" aria-hidden=\"true\" class=\"wp-block-spacer\"><\/div>\n\n<h2 class=\"wp-block-heading\">ACCESSIBILIT\u00c9 PHYSIQUE<\/h2>\n\n<p>Toutes les salles sont compl\u00e8tement accessibles, \u00e0 l&#8217;exception de la salle p\u00e9dagogique.<\/p>\n\n<p><strong>ACC\u00c8S DEPUIS LA RUE<\/strong><\/p>\n\n<p>L\u2019entr\u00e9e principale du mus\u00e9e se fait par des escaliers. Des rampes sont install\u00e9es pour aider \u00e0 monter les marches. Il existe une entr\u00e9e accessible situ\u00e9e dans la rue Artekale. L\u2019acc\u00e8s se fait par ascenseur.<br\/>Tous les espaces de circulation du mus\u00e9e sont cependant accessibles.    <\/p>\n\n<p><strong>ASCENSEUR<\/strong><\/p>\n\n<p>Nous disposons d&#8217;un ascenseur d&#8217;une capacit\u00e9 de 4 personnes avec une num\u00e9rotation et un r\u00e9pertoire visuel en braille, mais nous n&#8217;avons pas d&#8217;indications sonores.<\/p>\n\n<p>L\u2019ascenseur pour acc\u00e9der au Mus\u00e9e se trouve dans la rue Artekalea. Le num\u00e9ro de t\u00e9l\u00e9phone \u00e0 appeler, pour que le personnel du mus\u00e9e puisse l\u2019ouvrir, est indiqu\u00e9. <\/p>\n\n<p><strong>TOILETTES<\/strong><\/p>\n\n<p>Les toilettes adapt\u00e9es du magasin disposent d\u2019une table \u00e0 langer, d\u2019une poubelle et d\u2019un lavabo. <\/p>\n\n<p><strong>TABLE \u00c0 LANGER<\/strong><\/p>\n\n<p>Les toilettes adapt\u00e9es du magasin disposent d&#8217;une table \u00e0 langer, d&#8217;une poubelle et d&#8217;un lavabo.<\/p>\n\n<p><strong>CHAISES PLIANTES<\/strong><\/p>\n\n<p>Nous disposons de chaises pliantes \u00e0 la r\u00e9ception, au 1er \u00e9tage et au 2\u00e8me \u00e9tage.<\/p>\n\n<p><strong>FAUTEUILS ROULANTS<\/strong><\/p>\n\n<p>Des fauteuils roulants sont pr\u00eat\u00e9s au vestiaire.<\/p>\n\n<div style=\"height:100px\" aria-hidden=\"true\" class=\"wp-block-spacer\"><\/div>\n\n<h2 class=\"wp-block-heading\">ACCESSIBILIT\u00c9 VISUELLE<\/h2>\n\n<p>Nous travaillons actuellement sur la suppression des barri\u00e8res sensorielles au mus\u00e9e. <\/p>\n\n<ul class=\"wp-block-list\">\n<li>Les espaces du mus\u00e9e sont peu contrast\u00e9s dans certaines pi\u00e8ces. <\/li>\n\n\n\n<li>L&#8217;exposition permanente comporte plusieurs salles avec des panneaux de verre, le contraste peut donc \u00eatre insuffisant ou des reflets sont susceptibles d&#8217;appara\u00eetre.<\/li>\n\n\n\n<li>Une des salles du 1er \u00e9tage (salle Historique) poss\u00e8de un sol en verre et le contraste peut donc \u00eatre insuffisant ou des reflets sont susceptibles d\u2019appara\u00eetre. Il y a des rampes dans toute la salle. <\/li>\n\n\n\n<li>Les chiens d\u2019assistance sont les bienvenus.<\/li>\n<\/ul>\n\n<div style=\"height:100px\" aria-hidden=\"true\" class=\"wp-block-spacer\"><\/div>\n\n<h2 class=\"wp-block-heading\">ACCESSIBILIT\u00c9 AUDITIVE<\/h2>\n\n<p>Pour rendre plus accessible le <strong>premier audiovisuel<\/strong> du mus\u00e9e, <strong>\u201dLa maison de Bego\u00f1a\u2019\u2018<\/strong>, nous vous proposons une <strong>transcription <\/strong>du texte int\u00e9gral en format vid\u00e9o.<\/p>\n\n<p>Les vid\u00e9os sont h\u00e9berg\u00e9es ici :<\/p>\n\n<ul class=\"wp-block-list\">\n<li><a href=\"https:\/\/www.youtube.com\/watch?v=Bi8arwLL2Jg\">espagnol<\/a><\/li>\n\n\n\n<li><a href=\"https:\/\/www.youtube.com\/watch?v=3QWjHg85PHw\">basque<\/a><\/li>\n\n\n\n<li><a href=\"https:\/\/www.youtube.com\/watch?v=gCQ1Abxy3Js\">anglais<\/a><\/li>\n\n\n\n<li><a href=\"https:\/\/www.youtube.com\/watch?v=AHLW2BILgw4\">fran\u00e7ais<\/a><\/li>\n\n\n\n<li><a href=\"https:\/\/www.youtube.com\/watch?v=UFaem_0HpmY\">allemand<\/a><\/li>\n\n\n\n<li><a href=\"https:\/\/www.youtube.com\/watch?v=QO9jfI5GBdM\">japonais<\/a><\/li>\n\n\n\n<li><a href=\"https:\/\/www.youtube.com\/watch?v=ELbiQ9kekFA\" type=\"link\" id=\"https:\/\/www.youtube.com\/watch?v=ELbiQ9kekFA\">italien<\/a><\/li>\n<\/ul>\n\n<p>\u00c0 l\u2019entr\u00e9e de la salle audiovisuelle, vous trouverez des <strong>codes QR <\/strong>que vous redirigent vers les vid\u00e9os des <strong><a href=\"https:\/\/www.museodelapaz.eus\/fr\/3d-flip-book\/casa-de-begona-qr-de-las-transcripciones\/\" type=\"link\" id=\"https:\/\/www.museodelapaz.eus\/3d-flip-book\/casa-de-begona-qr-de-las-transcripciones\/\">transcriptions<\/a><\/strong>.<\/p>\n\n<p>Les deux autres vid\u00e9os poss\u00e8dent des sous-titres. La premi\u00e8re, In Memoriam, se visionne \u00e0 la fin de la visite du 1er \u00e9tage et la seconde, sur des t\u00e9moignages, est au 2\u00e8me \u00e9tage. Ce dernier comprend des sous-titres en basque et en espagnol ou en anglais et en fran\u00e7ais, selon le moment o\u00f9 l\u2019on entre dans la salle, car la vid\u00e9o est en boucle. <\/p>\n\n<div style=\"height:100px\" aria-hidden=\"true\" class=\"wp-block-spacer\"><\/div>\n\n<h2 class=\"wp-block-heading\">ACCESSIBILIT\u00c9 INTELLECTUELLE<\/h2>\n\n<p>Le premier support audiovisuel (la maison de Bego\u00f1a) se d\u00e9roule dans une salle compl\u00e8tement ferm\u00e9e, ce qui peut provoquer une sensation de claustrophobie.<\/p>\n\n<p><strong>LECTURE FACILE<\/strong><\/p>\n\n<p>Dans notre mus\u00e9e, nous voulons que tout le monde puisse profiter de la culture sans barri\u00e8res. C&#8217;est pourquoi nous proposons le contenu de l&#8217;exposition permanente en <strong><a href=\"https:\/\/www.museodelapaz.eus\/3d-flip-book\/explicacion-de-la-exposicion-permanente-en-lectura-facil\/\" type=\"link\" id=\"https:\/\/www.museodelapaz.eus\/3d-flip-book\/explicacion-de-la-exposicion-permanente-en-lectura-facil\/\">Lecture facile<\/a><\/strong> (pour l&#8217;instant, uniquement en espagnol), un format qui utilise un langage clair, direct et accessible. <\/p>\n\n<p>Ces supports sont con\u00e7us pour faciliter la compr\u00e9hension des personnes ayant des difficult\u00e9s de lecture, un handicap intellectuel, des personnes \u00e2g\u00e9es, des personnes qui apprennent la langue et, en g\u00e9n\u00e9ral, toute personne pr\u00e9f\u00e9rant une lecture plus simple.<\/p>\n\n<p>Nous vous invitons \u00e0 les utiliser pendant votre visite et \u00e0 d\u00e9couvrir l&#8217;exposition de mani\u00e8re plus confortable et accessible. Demandez-les \u00e0 la r\u00e9ception. <\/p>\n\n<div style=\"height:100px\" aria-hidden=\"true\" class=\"wp-block-spacer\"><\/div>\n\n<h2 class=\"wp-block-heading\">TOURISME ACCESSIBLE DANS LE MUS\u00c9E <\/h2>\n\n<p><strong>EQUALITAS VITAE<\/strong><\/p>\n\n<p><a href=\"https:\/\/equalitasvitae.com\/turismo-accesible\/museo-de-la-paz-de-gernika\/\">Mus\u00e9e de la Paix de Gernika<\/a><\/p>\n\n<p><strong>Visitbiscay accesible<\/strong><\/p>\n\n<p><a href=\"https:\/\/accesible.visitbiscay.eus\/es\/espacio\/museo-de-la-paz-de-gernika\">Mus\u00e9e de la Paix de Gernika<\/a><\/p>\n\n<p><strong>PREDIF<\/strong><\/p>\n\n<p><a href=\"http:\/\/envejecimiento.csic.es\/documentos\/documentos\/predif-monumentos-01.pdf\">Fundaci\u00f3n Museo de la Paz de Gernika<\/a> (pags. 539-541)<\/p>\n\n<div style=\"height:100px\" aria-hidden=\"true\" class=\"wp-block-spacer\"><\/div>\n\n<h2 class=\"wp-block-heading\">Contact<\/h2>\n\n<p>Foru plaza, 1 48300 Gernika-Lumo (Bizkaia) <\/p>\n\n<p>Tel. et whatsapp: 94 627 0213  <\/p>\n\n<p>hezkuntza@bakearenmuseoagernika.eus<\/p>\n\n<div style=\"height:100px\" aria-hidden=\"true\" class=\"wp-block-spacer\"><\/div>\n\n<h2 class=\"wp-block-heading\">ACCESSIBILIT\u00c9 WEB<\/h2>\n\n<h2 class=\"wp-block-heading\">Qu&#8217;est-ce que l&#8217;accessibilit\u00e9 ?<\/h2>\n\n<p>L&#8217;accessibilit\u00e9 consiste \u00e0 permettre \u00e0 toute personne d&#8217;acc\u00e9der \u00e0 l&#8217;information sans aucune restriction, quel que soit son handicap, qu&#8217;il soit sensoriel, physique ou technique.<\/p>\n\n<p>Nombreuses sont les personnes qui acc\u00e8dent \u00e0 l&#8217;information de nos pages dans des conditions tr\u00e8s diff\u00e9rentes des n\u00f4tres.<\/p>\n\n<p>Nous pouvons avoir des utilisateurs qui :<\/p>\n\n<ul class=\"wp-block-list\">\n<li>Utilisant des traducteurs vocaux, braille, sans carte son ou utilisant des navigateurs en mode texte.<\/li>\n\n\n\n<li>Ayant des difficult\u00e9s \u00e0 distinguer les couleurs, utilisateurs de syst\u00e8mes monochromes.<\/li>\n\n\n\n<li>Ayant des difficult\u00e9s oculaires, devant agrandir la taille de lettre d&#8217;une page web.<\/li>\n\n\n\n<li>Personnes dyslexiques.<\/li>\n\n\n\n<li>Connaissant des difficult\u00e9s motrices, qui ne peuvent entrer en interaction avec des objets en mouvement.<\/li>\n\n\n\n<li>Qui ne peuvent utiliser la souris.<\/li>\n\n\n\n<li>Avec des navigateurs d\u00e9pass\u00e9s, ou tout nouveaux mais peu courants, ou qui ont inhabilit\u00e9 certains services de leur navigateur.<\/li>\n\n\n\n<li>Connaissant des difficult\u00e9s cognitives.<\/li>\n<\/ul>\n\n<p>En un mot, l\u2019accessibilit\u00e9 ne concerne pas seulement les personnes souffrant d\u2019un handicap. Elle am\u00e9liore aussi l\u2019acc\u00e8s au web en g\u00e9n\u00e9ral.<\/p>\n\n<h2 class=\"wp-block-heading\">Politique d&#8217;accessibilit\u00e9 du Mus\u00e9e de la Paix de Gernika.<\/h2>\n\n<p>Nos lignes guides d&#8217;accessibilit\u00e9 sont les suivantes:<\/p>\n\n<ul class=\"wp-block-list\">\n<li>&#8216;Nous nous sommes bas\u00e9s sur l&#8217;application et le respect des r\u00e8gles pour l&#8217;accessibilit\u00e9 (ou principes g\u00e9n\u00e9raux de design accessible) \u00e9tablies par le Groupe de travail WAI (Initiative pour l\u00b4accessibilit\u00e9 du Web) appartenant au W3C (World Wide Web Consortium).<\/li>\n\n\n\n<li><strong>Design visuel.<\/strong> Le pr\u00e9sent site web utilise des couches et feuilles de style en cascade (CSS) pour le formatage visuel de l\u2019information. Bas\u00e9 sur les standards HTML5 pour le code source de la page web et CSS3, afin de parvenir \u00e0 une s\u00e9paration maximum entre pr\u00e9sentation et contenu.  <\/li>\n<\/ul>\n\n<h2 class=\"wp-block-heading\">Aide \u00e0 la navigation<\/h2>\n\n<h3 class=\"wp-block-heading\">Taille des caract\u00e8res.<\/h3>\n\n<p>Dans le design des pages du pr\u00e9sent site web, on a employ\u00e9 des unit\u00e9s relatives, tant pour la taille des textes que pour la structure g\u00e9n\u00e9rale du site web.<\/p>\n\n<p>Les pages se visualisent correctement dans n\u00b4importe quelle r\u00e9solution et l&#8217;utilisateur pourra faire varier la taille du texte s&#8217;il dispose de cette option sur son navigateur.<\/p>\n\n<p>WINDOWS:<\/p>\n\n<p>Ctrl + Touche + (augmenter la taille de la page)<\/p>\n\n<p>Ctrl + Touche &#8211; (diminuer la taille de la page)<\/p>\n\n<p>Crtl + 0 (pour r\u00e9tablir le format de page d&#8217;origine)<\/p>\n\n<p>MacOS:<\/p>\n\n<p>COMANDO + Touche + (augmenter la taille de la page)<\/p>\n\n<p>COMANDO + Touche &#8211; (diminuer la taille de la page)<\/p>\n\n<h3 class=\"wp-block-heading\">Carte du site web<\/h3>\n\n<p>L&#8217;utilisateur pourra trouver un index de pages du site web \u00e0 travers la carte du site.<\/p>\n\n<h3 class=\"wp-block-heading\">Chemin de navigation<\/h3>\n\n<p>L&#8217;utilisateur saura \u00e0 tout moment dans quelle section\/sous-section il se trouve gr\u00e2ce au chemin de navigation qu\u00b4il pourra trouver dans la partie sup\u00e9rieure de la page.<\/p>\n\n<h3 class=\"wp-block-heading\">Raccourcis de clavier<\/h3>\n\n<p>Explorer, Chrome, Firefox:<\/p>\n\n<p>ALT + Fl\u00e8che de gauche (pour revenir \u00e0 la page pr\u00e9c\u00e9dente)<\/p>\n\n<p>ALT + touche fl\u00e8che droite (pour avancer \u00e0 la page suivante)<\/p>\n\n<p>ALT + Touche d\u00b4acc\u00e8s direct du clavier + ENTER<\/p>\n\n<p>Opera:<\/p>\n\n<p>Majuscules + Esc (pour activer les touches d\u00b4acc\u00e8s direct du clavier)<\/p>\n\n<p>MacOS:<\/p>\n\n<p>CONTROL + Touche d&#8217;acc\u00e8s direct du clavier<\/p>\n\n<h3 class=\"wp-block-heading\">Touches d&#8217;acc\u00e8s<\/h3>\n\n<p>Les touches d&#8217;acc\u00e8s qui sont fournies pour ce site web sont :<\/p>\n\n<ul class=\"wp-block-list\">\n<li>1 Aller \u00e0 la page d\u2019accueil<\/li>\n\n\n\n<li>2 Aller \u00e0 la carte web<\/li>\n\n\n\n<li>3 Aller \u00e0 Information<\/li>\n\n\n\n<li>4 Aller \u00e0 Education<\/li>\n\n\n\n<li>5 Aller \u00e0 Documentation<\/li>\n\n\n\n<li>6 Aller \u00e0 Programmation<\/li>\n<\/ul>\n\n<h2 class=\"wp-block-heading\">Validation du Niveau d&#8217;accessibilit\u00e9<\/h2>\n\n<p>Toutes les pages de l&#8217;adresse Museodelapaz.org peuvent \u00eatre valid\u00e9es.<\/p>\n\n<div class=\"wp-block-group is-nowrap is-layout-flex wp-container-core-group-is-layout-ad2f72ca wp-block-group-is-layout-flex\">\n<figure class=\"wp-block-image\"><a href=\"http:\/\/jigsaw.w3.org\/css-validator\/check\/referer\" target=\"_blank\" rel=\"noreferrer noopener\"><img decoding=\"async\" data-src=\"https:\/\/www.museodelapaz.org\/img\/compliantCSS.gif\" alt=\"Validation : w3c css\" title=\"Validation : w3c css\" src=\"data:image\/svg+xml;base64,PHN2ZyB3aWR0aD0iMSIgaGVpZ2h0PSIxIiB4bWxucz0iaHR0cDovL3d3dy53My5vcmcvMjAwMC9zdmciPjwvc3ZnPg==\" class=\"lazyload\" \/><\/a><\/figure>\n\n\n\n<figure class=\"wp-block-image\"><a href=\"http:\/\/validator.w3.org\/\"><img decoding=\"async\" data-src=\"https:\/\/www.museodelapaz.org\/img\/XHTMLValid.gif\" alt=\"Validation : XHTML 1.0\" title=\"Validation : XHTML 1.0\" src=\"data:image\/svg+xml;base64,PHN2ZyB3aWR0aD0iMSIgaGVpZ2h0PSIxIiB4bWxucz0iaHR0cDovL3d3dy53My5vcmcvMjAwMC9zdmciPjwvc3ZnPg==\" class=\"lazyload\" \/><\/a><\/figure>\n<\/div>\n","protected":false},"excerpt":{"rendered":"<p>Estamos trabajando en un plan de mejora continua para asegurar el acceso pleno al museo a todas las personas. En este apartado iremos actualizando los diferentes avances en materia de&#8230;<\/p>\n","protected":false},"author":1,"featured_media":0,"parent":0,"menu_order":0,"comment_status":"closed","ping_status":"closed","template":"","meta":{"_acf_changed":false,"inline_featured_image":false,"footnotes":""},"class_list":["post-3657","page","type-page","status-publish","hentry"],"acf":[],"yoast_head":"<!-- This site is optimized with the Yoast SEO plugin v27.4 - https:\/\/yoast.com\/product\/yoast-seo-wordpress\/ -->\n<title>Accessibilit\u00e9 - Museo de la Paz de Gernika<\/title>\n<meta name=\"robots\" content=\"index, follow, max-snippet:-1, max-image-preview:large, max-video-preview:-1\" \/>\n<link rel=\"canonical\" href=\"https:\/\/www.museodelapaz.eus\/fr\/accessibilite-du-web\/\" \/>\n<meta property=\"og:locale\" content=\"fr_FR\" \/>\n<meta property=\"og:type\" content=\"article\" \/>\n<meta property=\"og:title\" content=\"Accessibilit\u00e9 - Museo de la Paz de Gernika\" \/>\n<meta property=\"og:description\" content=\"Estamos trabajando en un plan de mejora continua para asegurar el acceso pleno al museo a todas las personas. En este apartado iremos actualizando los diferentes avances en materia de...\" \/>\n<meta property=\"og:url\" content=\"https:\/\/www.museodelapaz.eus\/fr\/accessibilite-du-web\/\" \/>\n<meta property=\"og:site_name\" content=\"Museo de la Paz de Gernika\" \/>\n<meta property=\"article:modified_time\" content=\"2026-02-12T11:19:14+00:00\" \/>\n<meta property=\"og:image\" content=\"https:\/\/www.museodelapaz.org\/img\/compliantCSS.gif\" \/>\n<meta name=\"twitter:card\" content=\"summary_large_image\" \/>\n<meta name=\"twitter:label1\" content=\"Dur\u00e9e de lecture estim\u00e9e\" \/>\n\t<meta name=\"twitter:data1\" content=\"6 minutes\" \/>\n<script type=\"application\/ld+json\" class=\"yoast-schema-graph\">{\"@context\":\"https:\\\/\\\/schema.org\",\"@graph\":[{\"@type\":\"WebPage\",\"@id\":\"https:\\\/\\\/www.museodelapaz.eus\\\/fr\\\/accessibilite-du-web\\\/\",\"url\":\"https:\\\/\\\/www.museodelapaz.eus\\\/fr\\\/accessibilite-du-web\\\/\",\"name\":\"Accessibilit\u00e9 - Museo de la Paz de Gernika\",\"isPartOf\":{\"@id\":\"https:\\\/\\\/www.museodelapaz.eus\\\/fr\\\/#website\"},\"primaryImageOfPage\":{\"@id\":\"https:\\\/\\\/www.museodelapaz.eus\\\/fr\\\/accessibilite-du-web\\\/#primaryimage\"},\"image\":{\"@id\":\"https:\\\/\\\/www.museodelapaz.eus\\\/fr\\\/accessibilite-du-web\\\/#primaryimage\"},\"thumbnailUrl\":\"https:\\\/\\\/www.museodelapaz.org\\\/img\\\/compliantCSS.gif\",\"datePublished\":\"2025-02-14T10:23:43+00:00\",\"dateModified\":\"2026-02-12T11:19:14+00:00\",\"breadcrumb\":{\"@id\":\"https:\\\/\\\/www.museodelapaz.eus\\\/fr\\\/accessibilite-du-web\\\/#breadcrumb\"},\"inLanguage\":\"fr-FR\",\"potentialAction\":[{\"@type\":\"ReadAction\",\"target\":[\"https:\\\/\\\/www.museodelapaz.eus\\\/fr\\\/accessibilite-du-web\\\/\"]}]},{\"@type\":\"ImageObject\",\"inLanguage\":\"fr-FR\",\"@id\":\"https:\\\/\\\/www.museodelapaz.eus\\\/fr\\\/accessibilite-du-web\\\/#primaryimage\",\"url\":\"https:\\\/\\\/www.museodelapaz.org\\\/img\\\/compliantCSS.gif\",\"contentUrl\":\"https:\\\/\\\/www.museodelapaz.org\\\/img\\\/compliantCSS.gif\"},{\"@type\":\"BreadcrumbList\",\"@id\":\"https:\\\/\\\/www.museodelapaz.eus\\\/fr\\\/accessibilite-du-web\\\/#breadcrumb\",\"itemListElement\":[{\"@type\":\"ListItem\",\"position\":1,\"name\":\"Portada\",\"item\":\"https:\\\/\\\/www.museodelapaz.eus\\\/fr\\\/accueil\\\/\"},{\"@type\":\"ListItem\",\"position\":2,\"name\":\"Accessibilit\u00e9\"}]},{\"@type\":\"WebSite\",\"@id\":\"https:\\\/\\\/www.museodelapaz.eus\\\/fr\\\/#website\",\"url\":\"https:\\\/\\\/www.museodelapaz.eus\\\/fr\\\/\",\"name\":\"Museo de la Paz de Gernika\",\"description\":\"\",\"publisher\":{\"@id\":\"https:\\\/\\\/www.museodelapaz.eus\\\/fr\\\/#organization\"},\"potentialAction\":[{\"@type\":\"SearchAction\",\"target\":{\"@type\":\"EntryPoint\",\"urlTemplate\":\"https:\\\/\\\/www.museodelapaz.eus\\\/fr\\\/?s={search_term_string}\"},\"query-input\":{\"@type\":\"PropertyValueSpecification\",\"valueRequired\":true,\"valueName\":\"search_term_string\"}}],\"inLanguage\":\"fr-FR\"},{\"@type\":\"Organization\",\"@id\":\"https:\\\/\\\/www.museodelapaz.eus\\\/fr\\\/#organization\",\"name\":\"Museo de la Paz de Gernika\",\"url\":\"https:\\\/\\\/www.museodelapaz.eus\\\/fr\\\/\",\"logo\":{\"@type\":\"ImageObject\",\"inLanguage\":\"fr-FR\",\"@id\":\"https:\\\/\\\/www.museodelapaz.eus\\\/fr\\\/#\\\/schema\\\/logo\\\/image\\\/\",\"url\":\"https:\\\/\\\/www.museodelapaz.eus\\\/wp-content\\\/uploads\\\/2024\\\/05\\\/logo-museo-de-la-paz-gernika-h-1.svg\",\"contentUrl\":\"https:\\\/\\\/www.museodelapaz.eus\\\/wp-content\\\/uploads\\\/2024\\\/05\\\/logo-museo-de-la-paz-gernika-h-1.svg\",\"caption\":\"Museo de la Paz de Gernika\"},\"image\":{\"@id\":\"https:\\\/\\\/www.museodelapaz.eus\\\/fr\\\/#\\\/schema\\\/logo\\\/image\\\/\"}}]}<\/script>\n<!-- \/ Yoast SEO plugin. -->","yoast_head_json":{"title":"Accessibilit\u00e9 - Museo de la Paz de Gernika","robots":{"index":"index","follow":"follow","max-snippet":"max-snippet:-1","max-image-preview":"max-image-preview:large","max-video-preview":"max-video-preview:-1"},"canonical":"https:\/\/www.museodelapaz.eus\/fr\/accessibilite-du-web\/","og_locale":"fr_FR","og_type":"article","og_title":"Accessibilit\u00e9 - Museo de la Paz de Gernika","og_description":"Estamos trabajando en un plan de mejora continua para asegurar el acceso pleno al museo a todas las personas. En este apartado iremos actualizando los diferentes avances en materia de...","og_url":"https:\/\/www.museodelapaz.eus\/fr\/accessibilite-du-web\/","og_site_name":"Museo de la Paz de Gernika","article_modified_time":"2026-02-12T11:19:14+00:00","og_image":[{"url":"https:\/\/www.museodelapaz.org\/img\/compliantCSS.gif","type":"","width":"","height":""}],"twitter_card":"summary_large_image","twitter_misc":{"Dur\u00e9e de lecture estim\u00e9e":"6 minutes"},"schema":{"@context":"https:\/\/schema.org","@graph":[{"@type":"WebPage","@id":"https:\/\/www.museodelapaz.eus\/fr\/accessibilite-du-web\/","url":"https:\/\/www.museodelapaz.eus\/fr\/accessibilite-du-web\/","name":"Accessibilit\u00e9 - Museo de la Paz de Gernika","isPartOf":{"@id":"https:\/\/www.museodelapaz.eus\/fr\/#website"},"primaryImageOfPage":{"@id":"https:\/\/www.museodelapaz.eus\/fr\/accessibilite-du-web\/#primaryimage"},"image":{"@id":"https:\/\/www.museodelapaz.eus\/fr\/accessibilite-du-web\/#primaryimage"},"thumbnailUrl":"https:\/\/www.museodelapaz.org\/img\/compliantCSS.gif","datePublished":"2025-02-14T10:23:43+00:00","dateModified":"2026-02-12T11:19:14+00:00","breadcrumb":{"@id":"https:\/\/www.museodelapaz.eus\/fr\/accessibilite-du-web\/#breadcrumb"},"inLanguage":"fr-FR","potentialAction":[{"@type":"ReadAction","target":["https:\/\/www.museodelapaz.eus\/fr\/accessibilite-du-web\/"]}]},{"@type":"ImageObject","inLanguage":"fr-FR","@id":"https:\/\/www.museodelapaz.eus\/fr\/accessibilite-du-web\/#primaryimage","url":"https:\/\/www.museodelapaz.org\/img\/compliantCSS.gif","contentUrl":"https:\/\/www.museodelapaz.org\/img\/compliantCSS.gif"},{"@type":"BreadcrumbList","@id":"https:\/\/www.museodelapaz.eus\/fr\/accessibilite-du-web\/#breadcrumb","itemListElement":[{"@type":"ListItem","position":1,"name":"Portada","item":"https:\/\/www.museodelapaz.eus\/fr\/accueil\/"},{"@type":"ListItem","position":2,"name":"Accessibilit\u00e9"}]},{"@type":"WebSite","@id":"https:\/\/www.museodelapaz.eus\/fr\/#website","url":"https:\/\/www.museodelapaz.eus\/fr\/","name":"Museo de la Paz de Gernika","description":"","publisher":{"@id":"https:\/\/www.museodelapaz.eus\/fr\/#organization"},"potentialAction":[{"@type":"SearchAction","target":{"@type":"EntryPoint","urlTemplate":"https:\/\/www.museodelapaz.eus\/fr\/?s={search_term_string}"},"query-input":{"@type":"PropertyValueSpecification","valueRequired":true,"valueName":"search_term_string"}}],"inLanguage":"fr-FR"},{"@type":"Organization","@id":"https:\/\/www.museodelapaz.eus\/fr\/#organization","name":"Museo de la Paz de Gernika","url":"https:\/\/www.museodelapaz.eus\/fr\/","logo":{"@type":"ImageObject","inLanguage":"fr-FR","@id":"https:\/\/www.museodelapaz.eus\/fr\/#\/schema\/logo\/image\/","url":"https:\/\/www.museodelapaz.eus\/wp-content\/uploads\/2024\/05\/logo-museo-de-la-paz-gernika-h-1.svg","contentUrl":"https:\/\/www.museodelapaz.eus\/wp-content\/uploads\/2024\/05\/logo-museo-de-la-paz-gernika-h-1.svg","caption":"Museo de la Paz de Gernika"},"image":{"@id":"https:\/\/www.museodelapaz.eus\/fr\/#\/schema\/logo\/image\/"}}]}},"_links":{"self":[{"href":"https:\/\/www.museodelapaz.eus\/fr\/wp-json\/wp\/v2\/pages\/3657","targetHints":{"allow":["GET"]}}],"collection":[{"href":"https:\/\/www.museodelapaz.eus\/fr\/wp-json\/wp\/v2\/pages"}],"about":[{"href":"https:\/\/www.museodelapaz.eus\/fr\/wp-json\/wp\/v2\/types\/page"}],"author":[{"embeddable":true,"href":"https:\/\/www.museodelapaz.eus\/fr\/wp-json\/wp\/v2\/users\/1"}],"replies":[{"embeddable":true,"href":"https:\/\/www.museodelapaz.eus\/fr\/wp-json\/wp\/v2\/comments?post=3657"}],"version-history":[{"count":8,"href":"https:\/\/www.museodelapaz.eus\/fr\/wp-json\/wp\/v2\/pages\/3657\/revisions"}],"predecessor-version":[{"id":26995,"href":"https:\/\/www.museodelapaz.eus\/fr\/wp-json\/wp\/v2\/pages\/3657\/revisions\/26995"}],"wp:attachment":[{"href":"https:\/\/www.museodelapaz.eus\/fr\/wp-json\/wp\/v2\/media?parent=3657"}],"curies":[{"name":"wp","href":"https:\/\/api.w.org\/{rel}","templated":true}]}}