{"id":3316,"date":"2024-06-11T09:23:46","date_gmt":"2024-06-11T07:23:46","guid":{"rendered":"https:\/\/www.museodelapaz.eus\/musee\/visitez-le-musee-de-la-paix-de-gernika\/visite-individuelle\/la-visite-guidee\/"},"modified":"2025-06-10T12:40:13","modified_gmt":"2025-06-10T10:40:13","slug":"la-visite-guidee","status":"publish","type":"page","link":"https:\/\/www.museodelapaz.eus\/fr\/musee\/visitez-le-musee-de-la-paix-de-gernika\/visite-individuelle\/la-visite-guidee\/","title":{"rendered":"La visite guid\u00e9e"},"content":{"rendered":"\n<h1 class=\"wp-block-heading has-text-color has-link-color wp-elements-bd1f3c15e5628423676a7f56748086d7\" style=\"color:#3a4124\">La visite guid\u00e9e<\/h1>\n\n<div class=\"wp-block-group\"><div class=\"wp-block-group__inner-container is-layout-constrained wp-block-group-is-layout-constrained\">\n<div class=\"wp-block-columns is-layout-flex wp-container-core-columns-is-layout-9d6595d7 wp-block-columns-is-layout-flex\">\n<div class=\"wp-block-column is-layout-flow wp-block-column-is-layout-flow\" style=\"flex-basis:33.33%\">\n<h3 class=\"wp-block-heading\"><strong>Information<\/strong><\/h3>\n<\/div>\n\n\n\n<div class=\"wp-block-column is-layout-flow wp-block-column-is-layout-flow\" style=\"flex-basis:66.66%\">\n<p class=\"has-text-color has-link-color wp-elements-d17651283a049b6a74d4e2fc8ab3c75c\" style=\"color:#3a4124;font-size:18px\"><strong>La visite guid\u00e9e de l&#8217;exposition permanente pour les individuels (max. 20 personnes) est propos\u00e9e aux dates suivantes :<\/strong><\/p>\n\n\n\n<p class=\"underlined-box\" style=\"font-size:16px\"><strong>Dates<\/strong><\/p>\n\n\n\n<p style=\"font-size:16px\">Du 1 juillet au 31 ao\u00fbt (\u00e9t\u00e9)<br\/>Du 5 au 8 d\u00e9cembre (long week-end)<br\/>En dehors de ces dates, veuillez nous consulter.<\/p>\n\n\n\n<p><strong>Heures<\/strong><\/p>\n\n\n\n<p>17h en espagnol<\/p>\n\n\n\n<p class=\"underlined-box\" style=\"font-size:16px\"><strong>Entr\u00e9es<\/strong><\/p>\n\n\n\n<p style=\"font-size:16px\">Vous pouvez acheter votre billet \u00e0 la r\u00e9ception du mus\u00e9e le jour de la visite ou <a href=\"https:\/\/www.museodelapaz.eus\/fr\/musee\/entrees\/\"><strong>en ligne \u00e0 l&#8217;avance<\/strong><\/a> (au moins 24 heures \u00e0 l&#8217;avance).<br\/><\/p>\n\n\n\n<p class=\"underlined-box\" style=\"font-size:16px\"><strong>Langues<\/strong><\/p>\n\n\n\n<p style=\"font-size:16px\">Les textes de l\u2019exposition permanente du mus\u00e9e sont en basque et en espagnol mais le mus\u00e9e offre des traductions en anglais, fran\u00e7ais, allemand, italien et portugais.<\/p>\n\n\n\n<p style=\"font-size:16px\">Langues des audiovisuels : basque, espagnol, anglais et fran\u00e7ais.<\/p>\n<\/div>\n<\/div>\n<\/div><\/div>\n\n<div class=\"wp-block-group\"><div class=\"wp-block-group__inner-container is-layout-constrained wp-block-group-is-layout-constrained\">\n<div class=\"wp-block-columns is-layout-flex wp-container-core-columns-is-layout-9d6595d7 wp-block-columns-is-layout-flex\">\n<div class=\"wp-block-column is-layout-flow wp-block-column-is-layout-flow\" style=\"flex-basis:33.33%\">\n<h3 class=\"wp-block-heading\"><strong>Plus d&#8217;information<\/strong><\/h3>\n<\/div>\n\n\n\n<div class=\"wp-block-column is-layout-flow wp-block-column-is-layout-flow\" style=\"flex-basis:66.66%\">\n<p style=\"font-size:16px\"><strong>Pour plus d&#8217;informations, vous pouvez nous contacter par t\u00e9l\u00e9phone (00 34) 94 627 0213 ou par courriel : <a href=\"mailto:museoa@bakearenmuseoagernika.eus\">museoa@bakearenmuseoagernika.eus<\/a><\/strong><\/p>\n\n\n\t<div class=\"whatsapp-contact font-small fw-bold\">\r\n\t\t<div class=\"\">\r\n\t\t\t<a class=\"d-flex flex-wrap align-items-center\"\r\n\t\t\t\ttitle=\"Contactez-nous via WhatsApp\" href=\"https:\/\/wa.me\/34946270213\">\r\n\t\t\t\t<img decoding=\"async\" data-src=\"https:\/\/www.museodelapaz.eus\/wp-content\/themes\/MuseoDeLaPaz-LaTempesta\/images\/icon-whatsapp.png\"\r\n\t\t\t\t\talt=\"whatsapp-button\" src=\"data:image\/svg+xml;base64,PHN2ZyB3aWR0aD0iMSIgaGVpZ2h0PSIxIiB4bWxucz0iaHR0cDovL3d3dy53My5vcmcvMjAwMC9zdmciPjwvc3ZnPg==\" class=\"lazyload\">\r\n\t\t\t\t<div class=\"d-flex align-items-center\">\r\n\t\t\t\t\tContactez-nous via WhatsApp\t\t\t\t<\/div>\r\n\t\t\t<\/a>\r\n\r\n\t\t<\/div>\r\n\t<\/div>\r\n\t\n<\/div>\n<\/div>\n<\/div><\/div>\n\n<div class=\"wp-block-group secondary-cards\"><div class=\"wp-block-group__inner-container is-layout-constrained wp-block-group-is-layout-constrained\">\n<div class=\"wp-block-columns is-layout-flex wp-container-core-columns-is-layout-9d6595d7 wp-block-columns-is-layout-flex\">\n<div class=\"wp-block-column is-layout-flow wp-block-column-is-layout-flow\">\n<figure class=\"wp-block-image size-large\"><img decoding=\"async\" width=\"32\" height=\"32\" data-src=\"https:\/\/www.museodelapaz.eus\/wp-content\/uploads\/2024\/07\/ticket.svg\" alt=\"\" class=\"wp-image-2544 lazyload\" src=\"data:image\/svg+xml;base64,PHN2ZyB3aWR0aD0iMSIgaGVpZ2h0PSIxIiB4bWxucz0iaHR0cDovL3d3dy53My5vcmcvMjAwMC9zdmciPjwvc3ZnPg==\" style=\"--smush-placeholder-width: 32px; --smush-placeholder-aspect-ratio: 32\/32;\" \/><\/figure>\n\n\n\n<h2 class=\"wp-block-heading\">Entr\u00e9e du Mus\u00e9e de la Paix de Gernika<\/h2>\n\n\n\n<p style=\"font-size:15px\">Un mus\u00e9e pour le souvenir, un mus\u00e9e pour le future.<\/p>\n\n\n\n<div class=\"wp-block-buttons is-content-justification-right is-layout-flex wp-container-core-buttons-is-layout-765c4724 wp-block-buttons-is-layout-flex\">\n<div class=\"wp-block-button\"><a class=\"wp-block-button__link has-background has-small-font-size has-custom-font-size wp-element-button\" href=\"https:\/\/www.museodelapaz.eus\/fr\/musee\/visitez-le-musee-de-la-paix-de-gernika\/\" style=\"border-radius:5px;background-color:#ff9900\"><img decoding=\"async\" width=\"20\" height=\"20\" class=\"wp-image-1395 lazyload\" style=\"--smush-placeholder-width: 20px; --smush-placeholder-aspect-ratio: 20\/20;width: 20px;\" data-src=\"https:\/\/www.museodelapaz.eus\/wp-content\/uploads\/2024\/07\/right-arrow.png\" alt=\"\" data-srcset=\"https:\/\/www.museodelapaz.eus\/wp-content\/uploads\/2024\/07\/right-arrow.png 512w, https:\/\/www.museodelapaz.eus\/wp-content\/uploads\/2024\/07\/right-arrow-300x300.png 300w, https:\/\/www.museodelapaz.eus\/wp-content\/uploads\/2024\/07\/right-arrow-150x150.png 150w\" data-sizes=\"(max-width: 20px) 100vw, 20px\" src=\"data:image\/svg+xml;base64,PHN2ZyB3aWR0aD0iMSIgaGVpZ2h0PSIxIiB4bWxucz0iaHR0cDovL3d3dy53My5vcmcvMjAwMC9zdmciPjwvc3ZnPg==\" \/><\/a><\/div>\n<\/div>\n<\/div>\n\n\n\n<div class=\"wp-block-column is-layout-flow wp-block-column-is-layout-flow\">\n<figure class=\"wp-block-image size-large\"><img decoding=\"async\" width=\"32\" height=\"32\" data-src=\"https:\/\/www.museodelapaz.eus\/wp-content\/uploads\/2024\/07\/info-circle.svg\" alt=\"\" class=\"wp-image-2446 lazyload\" src=\"data:image\/svg+xml;base64,PHN2ZyB3aWR0aD0iMSIgaGVpZ2h0PSIxIiB4bWxucz0iaHR0cDovL3d3dy53My5vcmcvMjAwMC9zdmciPjwvc3ZnPg==\" style=\"--smush-placeholder-width: 32px; --smush-placeholder-aspect-ratio: 32\/32;\" \/><\/figure>\n\n\n\n<h2 class=\"wp-block-heading\">Information sur la visite<\/h2>\n\n\n\n<p style=\"font-size:15px\">Vous envisagez de visiter le Mus\u00e9e de la Paix de Gernika et vous souhaitez pr\u00e9parer votre visite ? Vous trouverez ici des informations pratiques sur l&#8217;acc\u00e8s, les horaires d&#8217;ouverture, l&#8217;accessibilit\u00e9, les services et les conditions de visite. <\/p>\n\n\n\n<div class=\"wp-block-buttons is-content-justification-right is-layout-flex wp-container-core-buttons-is-layout-765c4724 wp-block-buttons-is-layout-flex\">\n<div class=\"wp-block-button\"><a class=\"wp-block-button__link has-background has-small-font-size has-custom-font-size wp-element-button\" href=\"https:\/\/www.museodelapaz.eus\/fr\/musee\/information-sur-la-visite\/\" style=\"border-radius:5px;background-color:#ff9900\"><img decoding=\"async\" width=\"20\" height=\"20\" class=\"wp-image-1395 lazyload\" style=\"--smush-placeholder-width: 20px; --smush-placeholder-aspect-ratio: 20\/20;width: 20px;\" data-src=\"https:\/\/www.museodelapaz.eus\/wp-content\/uploads\/2024\/07\/right-arrow.png\" alt=\"\" data-srcset=\"https:\/\/www.museodelapaz.eus\/wp-content\/uploads\/2024\/07\/right-arrow.png 512w, https:\/\/www.museodelapaz.eus\/wp-content\/uploads\/2024\/07\/right-arrow-300x300.png 300w, https:\/\/www.museodelapaz.eus\/wp-content\/uploads\/2024\/07\/right-arrow-150x150.png 150w\" data-sizes=\"(max-width: 20px) 100vw, 20px\" src=\"data:image\/svg+xml;base64,PHN2ZyB3aWR0aD0iMSIgaGVpZ2h0PSIxIiB4bWxucz0iaHR0cDovL3d3dy53My5vcmcvMjAwMC9zdmciPjwvc3ZnPg==\" \/><\/a><\/div>\n<\/div>\n<\/div>\n<\/div>\n<\/div><\/div>\n","protected":false},"excerpt":{"rendered":"<p>La visite guid\u00e9e Information La visite guid\u00e9e de l&#8217;exposition permanente pour les individuels (max. 20 personnes) est propos\u00e9e aux dates suivantes : Dates Du 1 juillet au 31 ao\u00fbt (\u00e9t\u00e9)Du&#8230;<\/p>\n","protected":false},"author":1,"featured_media":0,"parent":3298,"menu_order":0,"comment_status":"closed","ping_status":"closed","template":"page-templates\/no-title.php","meta":{"_acf_changed":false,"inline_featured_image":false,"footnotes":""},"class_list":["post-3316","page","type-page","status-publish","hentry"],"acf":[],"yoast_head":"<!-- This site is optimized with the Yoast SEO plugin v27.4 - https:\/\/yoast.com\/product\/yoast-seo-wordpress\/ -->\n<title>La visite guid\u00e9e - Museo de la Paz de Gernika<\/title>\n<meta name=\"robots\" content=\"index, follow, max-snippet:-1, max-image-preview:large, max-video-preview:-1\" \/>\n<link rel=\"canonical\" href=\"https:\/\/www.museodelapaz.eus\/fr\/musee\/visitez-le-musee-de-la-paix-de-gernika\/visite-individuelle\/la-visite-guidee\/\" \/>\n<meta property=\"og:locale\" content=\"fr_FR\" \/>\n<meta property=\"og:type\" content=\"article\" \/>\n<meta property=\"og:title\" content=\"La visite guid\u00e9e - Museo de la Paz de Gernika\" \/>\n<meta property=\"og:description\" content=\"La visite guid\u00e9e Information La visite guid\u00e9e de l&#8217;exposition permanente pour les individuels (max. 20 personnes) est propos\u00e9e aux dates suivantes : Dates Du 1 juillet au 31 ao\u00fbt (\u00e9t\u00e9)Du...\" \/>\n<meta property=\"og:url\" content=\"https:\/\/www.museodelapaz.eus\/fr\/musee\/visitez-le-musee-de-la-paix-de-gernika\/visite-individuelle\/la-visite-guidee\/\" \/>\n<meta property=\"og:site_name\" content=\"Museo de la Paz de Gernika\" \/>\n<meta property=\"article:modified_time\" content=\"2025-06-10T10:40:13+00:00\" \/>\n<meta property=\"og:image\" content=\"https:\/\/www.museodelapaz.eus\/wp-content\/uploads\/2024\/07\/ticket.svg\" \/>\n<meta name=\"twitter:card\" content=\"summary_large_image\" \/>\n<meta name=\"twitter:label1\" content=\"Dur\u00e9e de lecture estim\u00e9e\" \/>\n\t<meta name=\"twitter:data1\" content=\"1 minute\" \/>\n<script type=\"application\/ld+json\" class=\"yoast-schema-graph\">{\"@context\":\"https:\\\/\\\/schema.org\",\"@graph\":[{\"@type\":\"WebPage\",\"@id\":\"https:\\\/\\\/www.museodelapaz.eus\\\/fr\\\/musee\\\/visitez-le-musee-de-la-paix-de-gernika\\\/visite-individuelle\\\/la-visite-guidee\\\/\",\"url\":\"https:\\\/\\\/www.museodelapaz.eus\\\/fr\\\/musee\\\/visitez-le-musee-de-la-paix-de-gernika\\\/visite-individuelle\\\/la-visite-guidee\\\/\",\"name\":\"La visite guid\u00e9e - Museo de la Paz de Gernika\",\"isPartOf\":{\"@id\":\"https:\\\/\\\/www.museodelapaz.eus\\\/fr\\\/#website\"},\"primaryImageOfPage\":{\"@id\":\"https:\\\/\\\/www.museodelapaz.eus\\\/fr\\\/musee\\\/visitez-le-musee-de-la-paix-de-gernika\\\/visite-individuelle\\\/la-visite-guidee\\\/#primaryimage\"},\"image\":{\"@id\":\"https:\\\/\\\/www.museodelapaz.eus\\\/fr\\\/musee\\\/visitez-le-musee-de-la-paix-de-gernika\\\/visite-individuelle\\\/la-visite-guidee\\\/#primaryimage\"},\"thumbnailUrl\":\"https:\\\/\\\/www.museodelapaz.eus\\\/wp-content\\\/uploads\\\/2024\\\/07\\\/ticket.svg\",\"datePublished\":\"2024-06-11T07:23:46+00:00\",\"dateModified\":\"2025-06-10T10:40:13+00:00\",\"breadcrumb\":{\"@id\":\"https:\\\/\\\/www.museodelapaz.eus\\\/fr\\\/musee\\\/visitez-le-musee-de-la-paix-de-gernika\\\/visite-individuelle\\\/la-visite-guidee\\\/#breadcrumb\"},\"inLanguage\":\"fr-FR\",\"potentialAction\":[{\"@type\":\"ReadAction\",\"target\":[\"https:\\\/\\\/www.museodelapaz.eus\\\/fr\\\/musee\\\/visitez-le-musee-de-la-paix-de-gernika\\\/visite-individuelle\\\/la-visite-guidee\\\/\"]}]},{\"@type\":\"ImageObject\",\"inLanguage\":\"fr-FR\",\"@id\":\"https:\\\/\\\/www.museodelapaz.eus\\\/fr\\\/musee\\\/visitez-le-musee-de-la-paix-de-gernika\\\/visite-individuelle\\\/la-visite-guidee\\\/#primaryimage\",\"url\":\"https:\\\/\\\/www.museodelapaz.eus\\\/wp-content\\\/uploads\\\/2024\\\/07\\\/ticket.svg\",\"contentUrl\":\"https:\\\/\\\/www.museodelapaz.eus\\\/wp-content\\\/uploads\\\/2024\\\/07\\\/ticket.svg\"},{\"@type\":\"BreadcrumbList\",\"@id\":\"https:\\\/\\\/www.museodelapaz.eus\\\/fr\\\/musee\\\/visitez-le-musee-de-la-paix-de-gernika\\\/visite-individuelle\\\/la-visite-guidee\\\/#breadcrumb\",\"itemListElement\":[{\"@type\":\"ListItem\",\"position\":1,\"name\":\"Portada\",\"item\":\"https:\\\/\\\/www.museodelapaz.eus\\\/fr\\\/accueil\\\/\"},{\"@type\":\"ListItem\",\"position\":2,\"name\":\"Mus\u00e9e\",\"item\":\"https:\\\/\\\/www.museodelapaz.eus\\\/fr\\\/musee\\\/\"},{\"@type\":\"ListItem\",\"position\":3,\"name\":\"Visitez le Mus\u00e9e de la Paix de Gernika\",\"item\":\"https:\\\/\\\/www.museodelapaz.eus\\\/fr\\\/musee\\\/visitez-le-musee-de-la-paix-de-gernika\\\/\"},{\"@type\":\"ListItem\",\"position\":4,\"name\":\"Visite individuelle\",\"item\":\"https:\\\/\\\/www.museodelapaz.eus\\\/fr\\\/musee\\\/visitez-le-musee-de-la-paix-de-gernika\\\/visite-individuelle\\\/\"},{\"@type\":\"ListItem\",\"position\":5,\"name\":\"La visite guid\u00e9e\"}]},{\"@type\":\"WebSite\",\"@id\":\"https:\\\/\\\/www.museodelapaz.eus\\\/fr\\\/#website\",\"url\":\"https:\\\/\\\/www.museodelapaz.eus\\\/fr\\\/\",\"name\":\"Museo de la Paz de Gernika\",\"description\":\"\",\"publisher\":{\"@id\":\"https:\\\/\\\/www.museodelapaz.eus\\\/fr\\\/#organization\"},\"potentialAction\":[{\"@type\":\"SearchAction\",\"target\":{\"@type\":\"EntryPoint\",\"urlTemplate\":\"https:\\\/\\\/www.museodelapaz.eus\\\/fr\\\/?s={search_term_string}\"},\"query-input\":{\"@type\":\"PropertyValueSpecification\",\"valueRequired\":true,\"valueName\":\"search_term_string\"}}],\"inLanguage\":\"fr-FR\"},{\"@type\":\"Organization\",\"@id\":\"https:\\\/\\\/www.museodelapaz.eus\\\/fr\\\/#organization\",\"name\":\"Museo de la Paz de Gernika\",\"url\":\"https:\\\/\\\/www.museodelapaz.eus\\\/fr\\\/\",\"logo\":{\"@type\":\"ImageObject\",\"inLanguage\":\"fr-FR\",\"@id\":\"https:\\\/\\\/www.museodelapaz.eus\\\/fr\\\/#\\\/schema\\\/logo\\\/image\\\/\",\"url\":\"https:\\\/\\\/www.museodelapaz.eus\\\/wp-content\\\/uploads\\\/2024\\\/05\\\/logo-museo-de-la-paz-gernika-h-1.svg\",\"contentUrl\":\"https:\\\/\\\/www.museodelapaz.eus\\\/wp-content\\\/uploads\\\/2024\\\/05\\\/logo-museo-de-la-paz-gernika-h-1.svg\",\"caption\":\"Museo de la Paz de Gernika\"},\"image\":{\"@id\":\"https:\\\/\\\/www.museodelapaz.eus\\\/fr\\\/#\\\/schema\\\/logo\\\/image\\\/\"}}]}<\/script>\n<!-- \/ Yoast SEO plugin. -->","yoast_head_json":{"title":"La visite guid\u00e9e - Museo de la Paz de Gernika","robots":{"index":"index","follow":"follow","max-snippet":"max-snippet:-1","max-image-preview":"max-image-preview:large","max-video-preview":"max-video-preview:-1"},"canonical":"https:\/\/www.museodelapaz.eus\/fr\/musee\/visitez-le-musee-de-la-paix-de-gernika\/visite-individuelle\/la-visite-guidee\/","og_locale":"fr_FR","og_type":"article","og_title":"La visite guid\u00e9e - Museo de la Paz de Gernika","og_description":"La visite guid\u00e9e Information La visite guid\u00e9e de l&#8217;exposition permanente pour les individuels (max. 20 personnes) est propos\u00e9e aux dates suivantes : Dates Du 1 juillet au 31 ao\u00fbt (\u00e9t\u00e9)Du...","og_url":"https:\/\/www.museodelapaz.eus\/fr\/musee\/visitez-le-musee-de-la-paix-de-gernika\/visite-individuelle\/la-visite-guidee\/","og_site_name":"Museo de la Paz de Gernika","article_modified_time":"2025-06-10T10:40:13+00:00","og_image":[{"url":"https:\/\/www.museodelapaz.eus\/wp-content\/uploads\/2024\/07\/ticket.svg","type":"","width":"","height":""}],"twitter_card":"summary_large_image","twitter_misc":{"Dur\u00e9e de lecture estim\u00e9e":"1 minute"},"schema":{"@context":"https:\/\/schema.org","@graph":[{"@type":"WebPage","@id":"https:\/\/www.museodelapaz.eus\/fr\/musee\/visitez-le-musee-de-la-paix-de-gernika\/visite-individuelle\/la-visite-guidee\/","url":"https:\/\/www.museodelapaz.eus\/fr\/musee\/visitez-le-musee-de-la-paix-de-gernika\/visite-individuelle\/la-visite-guidee\/","name":"La visite guid\u00e9e - Museo de la Paz de Gernika","isPartOf":{"@id":"https:\/\/www.museodelapaz.eus\/fr\/#website"},"primaryImageOfPage":{"@id":"https:\/\/www.museodelapaz.eus\/fr\/musee\/visitez-le-musee-de-la-paix-de-gernika\/visite-individuelle\/la-visite-guidee\/#primaryimage"},"image":{"@id":"https:\/\/www.museodelapaz.eus\/fr\/musee\/visitez-le-musee-de-la-paix-de-gernika\/visite-individuelle\/la-visite-guidee\/#primaryimage"},"thumbnailUrl":"https:\/\/www.museodelapaz.eus\/wp-content\/uploads\/2024\/07\/ticket.svg","datePublished":"2024-06-11T07:23:46+00:00","dateModified":"2025-06-10T10:40:13+00:00","breadcrumb":{"@id":"https:\/\/www.museodelapaz.eus\/fr\/musee\/visitez-le-musee-de-la-paix-de-gernika\/visite-individuelle\/la-visite-guidee\/#breadcrumb"},"inLanguage":"fr-FR","potentialAction":[{"@type":"ReadAction","target":["https:\/\/www.museodelapaz.eus\/fr\/musee\/visitez-le-musee-de-la-paix-de-gernika\/visite-individuelle\/la-visite-guidee\/"]}]},{"@type":"ImageObject","inLanguage":"fr-FR","@id":"https:\/\/www.museodelapaz.eus\/fr\/musee\/visitez-le-musee-de-la-paix-de-gernika\/visite-individuelle\/la-visite-guidee\/#primaryimage","url":"https:\/\/www.museodelapaz.eus\/wp-content\/uploads\/2024\/07\/ticket.svg","contentUrl":"https:\/\/www.museodelapaz.eus\/wp-content\/uploads\/2024\/07\/ticket.svg"},{"@type":"BreadcrumbList","@id":"https:\/\/www.museodelapaz.eus\/fr\/musee\/visitez-le-musee-de-la-paix-de-gernika\/visite-individuelle\/la-visite-guidee\/#breadcrumb","itemListElement":[{"@type":"ListItem","position":1,"name":"Portada","item":"https:\/\/www.museodelapaz.eus\/fr\/accueil\/"},{"@type":"ListItem","position":2,"name":"Mus\u00e9e","item":"https:\/\/www.museodelapaz.eus\/fr\/musee\/"},{"@type":"ListItem","position":3,"name":"Visitez le Mus\u00e9e de la Paix de Gernika","item":"https:\/\/www.museodelapaz.eus\/fr\/musee\/visitez-le-musee-de-la-paix-de-gernika\/"},{"@type":"ListItem","position":4,"name":"Visite individuelle","item":"https:\/\/www.museodelapaz.eus\/fr\/musee\/visitez-le-musee-de-la-paix-de-gernika\/visite-individuelle\/"},{"@type":"ListItem","position":5,"name":"La visite guid\u00e9e"}]},{"@type":"WebSite","@id":"https:\/\/www.museodelapaz.eus\/fr\/#website","url":"https:\/\/www.museodelapaz.eus\/fr\/","name":"Museo de la Paz de Gernika","description":"","publisher":{"@id":"https:\/\/www.museodelapaz.eus\/fr\/#organization"},"potentialAction":[{"@type":"SearchAction","target":{"@type":"EntryPoint","urlTemplate":"https:\/\/www.museodelapaz.eus\/fr\/?s={search_term_string}"},"query-input":{"@type":"PropertyValueSpecification","valueRequired":true,"valueName":"search_term_string"}}],"inLanguage":"fr-FR"},{"@type":"Organization","@id":"https:\/\/www.museodelapaz.eus\/fr\/#organization","name":"Museo de la Paz de Gernika","url":"https:\/\/www.museodelapaz.eus\/fr\/","logo":{"@type":"ImageObject","inLanguage":"fr-FR","@id":"https:\/\/www.museodelapaz.eus\/fr\/#\/schema\/logo\/image\/","url":"https:\/\/www.museodelapaz.eus\/wp-content\/uploads\/2024\/05\/logo-museo-de-la-paz-gernika-h-1.svg","contentUrl":"https:\/\/www.museodelapaz.eus\/wp-content\/uploads\/2024\/05\/logo-museo-de-la-paz-gernika-h-1.svg","caption":"Museo de la Paz de Gernika"},"image":{"@id":"https:\/\/www.museodelapaz.eus\/fr\/#\/schema\/logo\/image\/"}}]}},"_links":{"self":[{"href":"https:\/\/www.museodelapaz.eus\/fr\/wp-json\/wp\/v2\/pages\/3316","targetHints":{"allow":["GET"]}}],"collection":[{"href":"https:\/\/www.museodelapaz.eus\/fr\/wp-json\/wp\/v2\/pages"}],"about":[{"href":"https:\/\/www.museodelapaz.eus\/fr\/wp-json\/wp\/v2\/types\/page"}],"author":[{"embeddable":true,"href":"https:\/\/www.museodelapaz.eus\/fr\/wp-json\/wp\/v2\/users\/1"}],"replies":[{"embeddable":true,"href":"https:\/\/www.museodelapaz.eus\/fr\/wp-json\/wp\/v2\/comments?post=3316"}],"version-history":[{"count":2,"href":"https:\/\/www.museodelapaz.eus\/fr\/wp-json\/wp\/v2\/pages\/3316\/revisions"}],"predecessor-version":[{"id":9045,"href":"https:\/\/www.museodelapaz.eus\/fr\/wp-json\/wp\/v2\/pages\/3316\/revisions\/9045"}],"up":[{"embeddable":true,"href":"https:\/\/www.museodelapaz.eus\/fr\/wp-json\/wp\/v2\/pages\/3298"}],"wp:attachment":[{"href":"https:\/\/www.museodelapaz.eus\/fr\/wp-json\/wp\/v2\/media?parent=3316"}],"curies":[{"name":"wp","href":"https:\/\/api.w.org\/{rel}","templated":true}]}}