{"id":3280,"date":"2024-06-11T09:55:27","date_gmt":"2024-06-11T07:55:27","guid":{"rendered":"https:\/\/www.museodelapaz.eus\/musee\/visitez-le-musee-de-la-paix-de-gernika\/visite-en-groupe\/visite-guidee-en-groupe\/"},"modified":"2025-10-22T14:09:13","modified_gmt":"2025-10-22T12:09:13","slug":"visite-guidee-en-groupe","status":"publish","type":"page","link":"https:\/\/www.museodelapaz.eus\/fr\/musee\/visitez-le-musee-de-la-paix-de-gernika\/visite-en-groupe\/visite-guidee-en-groupe\/","title":{"rendered":"Visite guid\u00e9e en groupe"},"content":{"rendered":"\n<section class=\"wp-block-group\"><div class=\"wp-block-group__inner-container is-layout-constrained wp-block-group-is-layout-constrained\">\n<div class=\"wp-block-columns is-layout-flex wp-container-core-columns-is-layout-9d6595d7 wp-block-columns-is-layout-flex\">\n<div class=\"wp-block-column is-layout-flow wp-block-column-is-layout-flow\" style=\"flex-basis:33.33%\">\n<h3 class=\"wp-block-heading\"><strong>Information<\/strong><\/h3>\n<\/div>\n\n\n\n<div class=\"wp-block-column is-layout-flow wp-block-column-is-layout-flow\" style=\"flex-basis:66.66%\">\n<p class=\"has-text-color has-link-color wp-elements-1816316574d071434ebc7e8a6cc147df\" style=\"color:#3a4124;font-size:18px\"><strong>Visites guid\u00e9es de l&#8217;exposition permanente du mus\u00e9e.<\/strong><\/p>\n\n\n\n<p><strong>Jour et heure<\/strong><\/p>\n\n\n\n<p>\u00c0 convenir. <\/p>\n\n\n\n<p>Explorez l&#8217;histoire gr\u00e2ce \u00e0 nos visites guid\u00e9es, anim\u00e9es par le personnel qualifi\u00e9 du mus\u00e9e. Au cours de la visite, une explication claire et document\u00e9e est fournie sur le contenu de l&#8217;exposition permanente, ax\u00e9e sur des faits historiques, des objets originaux, des documents et des t\u00e9moignages. En outre, des th\u00e8mes fondamentaux tels que la culture de la paix et les droits de l&#8217;homme sont abord\u00e9s, encourageant une r\u00e9flexion critique sur le pass\u00e9 et son influence sur le pr\u00e9sent.<\/p>\n\n\n\n<p class=\"underlined-box\" style=\"font-size:16px\"><strong>Groupe<\/strong><\/p>\n\n\n\n<p style=\"font-size:16px\">8-20 personnes<\/p>\n\n\n\n<p class=\"underlined-box\" style=\"font-size:16px\"><strong>Prix<\/strong><\/p>\n\n\n\n<p style=\"font-size:16px\">60 \u20ac\/groupe (ne comprend pas l&#8217;entr\u00e9e au mus\u00e9e) <\/p>\n\n\n\n<p style=\"font-size:16px\"><em>Il est indispensable de r\u00e9server \u00e0 l\u2019avance : <a href=\"mailto:museoa@bakearenmuseoagernika.eus\">museoa@bakearenmuseoagernika.eus<\/a><\/em><\/p>\n\n\n\n<p class=\"underlined-box\" style=\"font-size:16px\"><strong>Dur\u00e9e<\/strong><\/p>\n\n\n\n<p style=\"font-size:16px\">60 minutes<\/p>\n\n\n\n<p class=\"underlined-box\"><strong>Langues<\/strong><\/p>\n\n\n\n<p>basque, espagnol, anglais et fran\u00e7ais<\/p>\n<\/div>\n<\/div>\n<\/div><\/section>\n\n\n\n<div class=\"wp-block-group\"><div class=\"wp-block-group__inner-container is-layout-constrained wp-block-group-is-layout-constrained\">\n<div class=\"wp-block-columns is-layout-flex wp-container-core-columns-is-layout-9d6595d7 wp-block-columns-is-layout-flex\">\n<div class=\"wp-block-column is-layout-flow wp-block-column-is-layout-flow\" style=\"flex-basis:33.33%\">\n<h3 class=\"wp-block-heading\"><strong>Plus d&#8217;information<\/strong><\/h3>\n<\/div>\n\n\n\n<div class=\"wp-block-column is-layout-flow wp-block-column-is-layout-flow\" style=\"flex-basis:66.66%\">\t<div class=\"whatsapp-contact font-small fw-bold\">\r\n\t\t<div class=\"\">\r\n\t\t\t<a class=\"d-flex flex-wrap align-items-center\"\r\n\t\t\t\ttitle=\"Contactez-nous via WhatsApp\" href=\"https:\/\/wa.me\/34946270213\">\r\n\t\t\t\t<img decoding=\"async\" data-src=\"https:\/\/www.museodelapaz.eus\/wp-content\/themes\/MuseoDeLaPaz-LaTempesta\/images\/icon-whatsapp.png\"\r\n\t\t\t\t\talt=\"whatsapp-button\" src=\"data:image\/svg+xml;base64,PHN2ZyB3aWR0aD0iMSIgaGVpZ2h0PSIxIiB4bWxucz0iaHR0cDovL3d3dy53My5vcmcvMjAwMC9zdmciPjwvc3ZnPg==\" class=\"lazyload\">\r\n\t\t\t\t<div class=\"d-flex align-items-center\">\r\n\t\t\t\t\tContactez-nous via WhatsApp\t\t\t\t<\/div>\r\n\t\t\t<\/a>\r\n\r\n\t\t<\/div>\r\n\t<\/div>\r\n\t\n<\/div>\n<\/div>\n<\/div><\/div>\n\n\n\n<section class=\"wp-block-group secondary-cards\"><div class=\"wp-block-group__inner-container is-layout-constrained wp-block-group-is-layout-constrained\">\n<div class=\"wp-block-columns is-layout-flex wp-container-core-columns-is-layout-9d6595d7 wp-block-columns-is-layout-flex\">\n<div class=\"wp-block-column is-layout-flow wp-block-column-is-layout-flow\">\n<figure class=\"wp-block-image size-large\"><img decoding=\"async\" width=\"32\" height=\"32\" data-src=\"https:\/\/www.museodelapaz.eus\/wp-content\/uploads\/2024\/07\/airline-rapid-board.svg\" alt=\"\" class=\"wp-image-2474 lazyload\" src=\"data:image\/svg+xml;base64,PHN2ZyB3aWR0aD0iMSIgaGVpZ2h0PSIxIiB4bWxucz0iaHR0cDovL3d3dy53My5vcmcvMjAwMC9zdmciPjwvc3ZnPg==\" style=\"--smush-placeholder-width: 32px; --smush-placeholder-aspect-ratio: 32\/32;\" \/><\/figure>\n\n\n\n<h2 class=\"wp-block-heading\">Projet p\u00e9dagogique<\/h2>\n\n\n\n<p style=\"font-size:15px\">L&#8217;objectif principal du Mus\u00e9e de la Paix de Gernika est de diffuser la culture de la paix. L&#8217;offre \u00e9ducative du Mus\u00e9e de la Paix de Gernika propose un ensemble vari\u00e9 de propositions destin\u00e9es \u00e0 un ample \u00e9ventail de publics : des enfants, des familles, des jeunes, des adultes&#8230; <\/p>\n\n\n\n<div class=\"wp-block-buttons is-content-justification-right is-layout-flex wp-container-core-buttons-is-layout-765c4724 wp-block-buttons-is-layout-flex\">\n<div class=\"wp-block-button\"><a class=\"wp-block-button__link has-background has-small-font-size has-custom-font-size wp-element-button\" href=\"https:\/\/www.museodelapaz.eus\/fr\/projet-pedagogique\/\" style=\"border-radius:5px;background-color:#ff9900\"><img decoding=\"async\" width=\"20\" height=\"20\" class=\"wp-image-1395 lazyload\" style=\"--smush-placeholder-width: 20px; --smush-placeholder-aspect-ratio: 20\/20;width: 20px;\" data-src=\"https:\/\/www.museodelapaz.eus\/wp-content\/uploads\/2024\/07\/right-arrow.png\" alt=\"\" data-srcset=\"https:\/\/www.museodelapaz.eus\/wp-content\/uploads\/2024\/07\/right-arrow.png 512w, https:\/\/www.museodelapaz.eus\/wp-content\/uploads\/2024\/07\/right-arrow-300x300.png 300w, https:\/\/www.museodelapaz.eus\/wp-content\/uploads\/2024\/07\/right-arrow-150x150.png 150w\" data-sizes=\"(max-width: 20px) 100vw, 20px\" src=\"data:image\/svg+xml;base64,PHN2ZyB3aWR0aD0iMSIgaGVpZ2h0PSIxIiB4bWxucz0iaHR0cDovL3d3dy53My5vcmcvMjAwMC9zdmciPjwvc3ZnPg==\" \/><\/a><\/div>\n<\/div>\n<\/div>\n\n\n\n<div class=\"wp-block-column is-layout-flow wp-block-column-is-layout-flow\">\n<figure class=\"wp-block-image size-large\"><img decoding=\"async\" width=\"32\" height=\"32\" data-src=\"https:\/\/www.museodelapaz.eus\/wp-content\/uploads\/2024\/07\/info-circle.svg\" alt=\"\" class=\"wp-image-2446 lazyload\" src=\"data:image\/svg+xml;base64,PHN2ZyB3aWR0aD0iMSIgaGVpZ2h0PSIxIiB4bWxucz0iaHR0cDovL3d3dy53My5vcmcvMjAwMC9zdmciPjwvc3ZnPg==\" style=\"--smush-placeholder-width: 32px; --smush-placeholder-aspect-ratio: 32\/32;\" \/><\/figure>\n\n\n\n<h2 class=\"wp-block-heading\">Information sur la visite<\/h2>\n\n\n\n<p style=\"font-size:15px\">Vous envisagez de visiter le Mus\u00e9e de la Paix de Gernika et vous souhaitez pr\u00e9parer votre visite ? Vous trouverez ici des informations pratiques sur l&#8217;acc\u00e8s, les horaires d&#8217;ouverture, l&#8217;accessibilit\u00e9, les services et les conditions de visite. <\/p>\n\n\n\n<div class=\"wp-block-buttons is-content-justification-right is-layout-flex wp-container-core-buttons-is-layout-765c4724 wp-block-buttons-is-layout-flex\">\n<div class=\"wp-block-button\"><a class=\"wp-block-button__link has-background has-small-font-size has-custom-font-size wp-element-button\" href=\"https:\/\/www.museodelapaz.eus\/fr\/musee\/information-sur-la-visite\/\" style=\"border-radius:5px;background-color:#ff9900\"><img decoding=\"async\" width=\"20\" height=\"20\" class=\"wp-image-1395 lazyload\" style=\"--smush-placeholder-width: 20px; --smush-placeholder-aspect-ratio: 20\/20;width: 20px;\" data-src=\"https:\/\/www.museodelapaz.eus\/wp-content\/uploads\/2024\/07\/right-arrow.png\" alt=\"\" data-srcset=\"https:\/\/www.museodelapaz.eus\/wp-content\/uploads\/2024\/07\/right-arrow.png 512w, https:\/\/www.museodelapaz.eus\/wp-content\/uploads\/2024\/07\/right-arrow-300x300.png 300w, https:\/\/www.museodelapaz.eus\/wp-content\/uploads\/2024\/07\/right-arrow-150x150.png 150w\" data-sizes=\"(max-width: 20px) 100vw, 20px\" src=\"data:image\/svg+xml;base64,PHN2ZyB3aWR0aD0iMSIgaGVpZ2h0PSIxIiB4bWxucz0iaHR0cDovL3d3dy53My5vcmcvMjAwMC9zdmciPjwvc3ZnPg==\" \/><\/a><\/div>\n<\/div>\n<\/div>\n<\/div>\n<\/div><\/section>\n","protected":false},"excerpt":{"rendered":"<p>Information Visites guid\u00e9es de l&#8217;exposition permanente du mus\u00e9e. Jour et heure \u00c0 convenir. Explorez l&#8217;histoire gr\u00e2ce \u00e0 nos visites guid\u00e9es, anim\u00e9es par le personnel qualifi\u00e9 du mus\u00e9e. Au cours de&#8230;<\/p>\n","protected":false},"author":1,"featured_media":0,"parent":3276,"menu_order":0,"comment_status":"closed","ping_status":"closed","template":"page-templates\/no-title.php","meta":{"_acf_changed":false,"inline_featured_image":false,"footnotes":""},"class_list":["post-3280","page","type-page","status-publish","hentry"],"acf":[],"yoast_head":"<!-- This site is optimized with the Yoast SEO plugin v27.4 - https:\/\/yoast.com\/product\/yoast-seo-wordpress\/ -->\n<title>Visite guid\u00e9e en groupe - Museo de la Paz de Gernika<\/title>\n<meta name=\"robots\" content=\"index, follow, max-snippet:-1, max-image-preview:large, max-video-preview:-1\" \/>\n<link rel=\"canonical\" href=\"https:\/\/www.museodelapaz.eus\/fr\/musee\/visitez-le-musee-de-la-paix-de-gernika\/visite-en-groupe\/visite-guidee-en-groupe\/\" \/>\n<meta property=\"og:locale\" content=\"fr_FR\" \/>\n<meta property=\"og:type\" content=\"article\" \/>\n<meta property=\"og:title\" content=\"Visite guid\u00e9e en groupe - Museo de la Paz de Gernika\" \/>\n<meta property=\"og:description\" content=\"Information Visites guid\u00e9es de l&#8217;exposition permanente du mus\u00e9e. Jour et heure \u00c0 convenir. Explorez l&#8217;histoire gr\u00e2ce \u00e0 nos visites guid\u00e9es, anim\u00e9es par le personnel qualifi\u00e9 du mus\u00e9e. Au cours de...\" \/>\n<meta property=\"og:url\" content=\"https:\/\/www.museodelapaz.eus\/fr\/musee\/visitez-le-musee-de-la-paix-de-gernika\/visite-en-groupe\/visite-guidee-en-groupe\/\" \/>\n<meta property=\"og:site_name\" content=\"Museo de la Paz de Gernika\" \/>\n<meta property=\"article:modified_time\" content=\"2025-10-22T12:09:13+00:00\" \/>\n<meta property=\"og:image\" content=\"https:\/\/www.museodelapaz.eus\/wp-content\/uploads\/2024\/07\/airline-rapid-board.svg\" \/>\n<meta name=\"twitter:card\" content=\"summary_large_image\" \/>\n<meta name=\"twitter:label1\" content=\"Dur\u00e9e de lecture estim\u00e9e\" \/>\n\t<meta name=\"twitter:data1\" content=\"2 minutes\" \/>\n<script type=\"application\/ld+json\" class=\"yoast-schema-graph\">{\"@context\":\"https:\\\/\\\/schema.org\",\"@graph\":[{\"@type\":\"WebPage\",\"@id\":\"https:\\\/\\\/www.museodelapaz.eus\\\/fr\\\/musee\\\/visitez-le-musee-de-la-paix-de-gernika\\\/visite-en-groupe\\\/visite-guidee-en-groupe\\\/\",\"url\":\"https:\\\/\\\/www.museodelapaz.eus\\\/fr\\\/musee\\\/visitez-le-musee-de-la-paix-de-gernika\\\/visite-en-groupe\\\/visite-guidee-en-groupe\\\/\",\"name\":\"Visite guid\u00e9e en groupe - Museo de la Paz de Gernika\",\"isPartOf\":{\"@id\":\"https:\\\/\\\/www.museodelapaz.eus\\\/fr\\\/#website\"},\"primaryImageOfPage\":{\"@id\":\"https:\\\/\\\/www.museodelapaz.eus\\\/fr\\\/musee\\\/visitez-le-musee-de-la-paix-de-gernika\\\/visite-en-groupe\\\/visite-guidee-en-groupe\\\/#primaryimage\"},\"image\":{\"@id\":\"https:\\\/\\\/www.museodelapaz.eus\\\/fr\\\/musee\\\/visitez-le-musee-de-la-paix-de-gernika\\\/visite-en-groupe\\\/visite-guidee-en-groupe\\\/#primaryimage\"},\"thumbnailUrl\":\"https:\\\/\\\/www.museodelapaz.eus\\\/wp-content\\\/uploads\\\/2024\\\/07\\\/airline-rapid-board.svg\",\"datePublished\":\"2024-06-11T07:55:27+00:00\",\"dateModified\":\"2025-10-22T12:09:13+00:00\",\"breadcrumb\":{\"@id\":\"https:\\\/\\\/www.museodelapaz.eus\\\/fr\\\/musee\\\/visitez-le-musee-de-la-paix-de-gernika\\\/visite-en-groupe\\\/visite-guidee-en-groupe\\\/#breadcrumb\"},\"inLanguage\":\"fr-FR\",\"potentialAction\":[{\"@type\":\"ReadAction\",\"target\":[\"https:\\\/\\\/www.museodelapaz.eus\\\/fr\\\/musee\\\/visitez-le-musee-de-la-paix-de-gernika\\\/visite-en-groupe\\\/visite-guidee-en-groupe\\\/\"]}]},{\"@type\":\"ImageObject\",\"inLanguage\":\"fr-FR\",\"@id\":\"https:\\\/\\\/www.museodelapaz.eus\\\/fr\\\/musee\\\/visitez-le-musee-de-la-paix-de-gernika\\\/visite-en-groupe\\\/visite-guidee-en-groupe\\\/#primaryimage\",\"url\":\"https:\\\/\\\/www.museodelapaz.eus\\\/wp-content\\\/uploads\\\/2024\\\/07\\\/airline-rapid-board.svg\",\"contentUrl\":\"https:\\\/\\\/www.museodelapaz.eus\\\/wp-content\\\/uploads\\\/2024\\\/07\\\/airline-rapid-board.svg\"},{\"@type\":\"BreadcrumbList\",\"@id\":\"https:\\\/\\\/www.museodelapaz.eus\\\/fr\\\/musee\\\/visitez-le-musee-de-la-paix-de-gernika\\\/visite-en-groupe\\\/visite-guidee-en-groupe\\\/#breadcrumb\",\"itemListElement\":[{\"@type\":\"ListItem\",\"position\":1,\"name\":\"Portada\",\"item\":\"https:\\\/\\\/www.museodelapaz.eus\\\/fr\\\/accueil\\\/\"},{\"@type\":\"ListItem\",\"position\":2,\"name\":\"Mus\u00e9e\",\"item\":\"https:\\\/\\\/www.museodelapaz.eus\\\/fr\\\/musee\\\/\"},{\"@type\":\"ListItem\",\"position\":3,\"name\":\"Visitez le Mus\u00e9e de la Paix de Gernika\",\"item\":\"https:\\\/\\\/www.museodelapaz.eus\\\/fr\\\/musee\\\/visitez-le-musee-de-la-paix-de-gernika\\\/\"},{\"@type\":\"ListItem\",\"position\":4,\"name\":\"Visite en groupe\",\"item\":\"https:\\\/\\\/www.museodelapaz.eus\\\/fr\\\/musee\\\/visitez-le-musee-de-la-paix-de-gernika\\\/visite-en-groupe\\\/\"},{\"@type\":\"ListItem\",\"position\":5,\"name\":\"Visite guid\u00e9e en groupe\"}]},{\"@type\":\"WebSite\",\"@id\":\"https:\\\/\\\/www.museodelapaz.eus\\\/fr\\\/#website\",\"url\":\"https:\\\/\\\/www.museodelapaz.eus\\\/fr\\\/\",\"name\":\"Museo de la Paz de Gernika\",\"description\":\"\",\"publisher\":{\"@id\":\"https:\\\/\\\/www.museodelapaz.eus\\\/fr\\\/#organization\"},\"potentialAction\":[{\"@type\":\"SearchAction\",\"target\":{\"@type\":\"EntryPoint\",\"urlTemplate\":\"https:\\\/\\\/www.museodelapaz.eus\\\/fr\\\/?s={search_term_string}\"},\"query-input\":{\"@type\":\"PropertyValueSpecification\",\"valueRequired\":true,\"valueName\":\"search_term_string\"}}],\"inLanguage\":\"fr-FR\"},{\"@type\":\"Organization\",\"@id\":\"https:\\\/\\\/www.museodelapaz.eus\\\/fr\\\/#organization\",\"name\":\"Museo de la Paz de Gernika\",\"url\":\"https:\\\/\\\/www.museodelapaz.eus\\\/fr\\\/\",\"logo\":{\"@type\":\"ImageObject\",\"inLanguage\":\"fr-FR\",\"@id\":\"https:\\\/\\\/www.museodelapaz.eus\\\/fr\\\/#\\\/schema\\\/logo\\\/image\\\/\",\"url\":\"https:\\\/\\\/www.museodelapaz.eus\\\/wp-content\\\/uploads\\\/2024\\\/05\\\/logo-museo-de-la-paz-gernika-h-1.svg\",\"contentUrl\":\"https:\\\/\\\/www.museodelapaz.eus\\\/wp-content\\\/uploads\\\/2024\\\/05\\\/logo-museo-de-la-paz-gernika-h-1.svg\",\"caption\":\"Museo de la Paz de Gernika\"},\"image\":{\"@id\":\"https:\\\/\\\/www.museodelapaz.eus\\\/fr\\\/#\\\/schema\\\/logo\\\/image\\\/\"}}]}<\/script>\n<!-- \/ Yoast SEO plugin. -->","yoast_head_json":{"title":"Visite guid\u00e9e en groupe - Museo de la Paz de Gernika","robots":{"index":"index","follow":"follow","max-snippet":"max-snippet:-1","max-image-preview":"max-image-preview:large","max-video-preview":"max-video-preview:-1"},"canonical":"https:\/\/www.museodelapaz.eus\/fr\/musee\/visitez-le-musee-de-la-paix-de-gernika\/visite-en-groupe\/visite-guidee-en-groupe\/","og_locale":"fr_FR","og_type":"article","og_title":"Visite guid\u00e9e en groupe - Museo de la Paz de Gernika","og_description":"Information Visites guid\u00e9es de l&#8217;exposition permanente du mus\u00e9e. Jour et heure \u00c0 convenir. Explorez l&#8217;histoire gr\u00e2ce \u00e0 nos visites guid\u00e9es, anim\u00e9es par le personnel qualifi\u00e9 du mus\u00e9e. Au cours de...","og_url":"https:\/\/www.museodelapaz.eus\/fr\/musee\/visitez-le-musee-de-la-paix-de-gernika\/visite-en-groupe\/visite-guidee-en-groupe\/","og_site_name":"Museo de la Paz de Gernika","article_modified_time":"2025-10-22T12:09:13+00:00","og_image":[{"url":"https:\/\/www.museodelapaz.eus\/wp-content\/uploads\/2024\/07\/airline-rapid-board.svg","type":"","width":"","height":""}],"twitter_card":"summary_large_image","twitter_misc":{"Dur\u00e9e de lecture estim\u00e9e":"2 minutes"},"schema":{"@context":"https:\/\/schema.org","@graph":[{"@type":"WebPage","@id":"https:\/\/www.museodelapaz.eus\/fr\/musee\/visitez-le-musee-de-la-paix-de-gernika\/visite-en-groupe\/visite-guidee-en-groupe\/","url":"https:\/\/www.museodelapaz.eus\/fr\/musee\/visitez-le-musee-de-la-paix-de-gernika\/visite-en-groupe\/visite-guidee-en-groupe\/","name":"Visite guid\u00e9e en groupe - Museo de la Paz de Gernika","isPartOf":{"@id":"https:\/\/www.museodelapaz.eus\/fr\/#website"},"primaryImageOfPage":{"@id":"https:\/\/www.museodelapaz.eus\/fr\/musee\/visitez-le-musee-de-la-paix-de-gernika\/visite-en-groupe\/visite-guidee-en-groupe\/#primaryimage"},"image":{"@id":"https:\/\/www.museodelapaz.eus\/fr\/musee\/visitez-le-musee-de-la-paix-de-gernika\/visite-en-groupe\/visite-guidee-en-groupe\/#primaryimage"},"thumbnailUrl":"https:\/\/www.museodelapaz.eus\/wp-content\/uploads\/2024\/07\/airline-rapid-board.svg","datePublished":"2024-06-11T07:55:27+00:00","dateModified":"2025-10-22T12:09:13+00:00","breadcrumb":{"@id":"https:\/\/www.museodelapaz.eus\/fr\/musee\/visitez-le-musee-de-la-paix-de-gernika\/visite-en-groupe\/visite-guidee-en-groupe\/#breadcrumb"},"inLanguage":"fr-FR","potentialAction":[{"@type":"ReadAction","target":["https:\/\/www.museodelapaz.eus\/fr\/musee\/visitez-le-musee-de-la-paix-de-gernika\/visite-en-groupe\/visite-guidee-en-groupe\/"]}]},{"@type":"ImageObject","inLanguage":"fr-FR","@id":"https:\/\/www.museodelapaz.eus\/fr\/musee\/visitez-le-musee-de-la-paix-de-gernika\/visite-en-groupe\/visite-guidee-en-groupe\/#primaryimage","url":"https:\/\/www.museodelapaz.eus\/wp-content\/uploads\/2024\/07\/airline-rapid-board.svg","contentUrl":"https:\/\/www.museodelapaz.eus\/wp-content\/uploads\/2024\/07\/airline-rapid-board.svg"},{"@type":"BreadcrumbList","@id":"https:\/\/www.museodelapaz.eus\/fr\/musee\/visitez-le-musee-de-la-paix-de-gernika\/visite-en-groupe\/visite-guidee-en-groupe\/#breadcrumb","itemListElement":[{"@type":"ListItem","position":1,"name":"Portada","item":"https:\/\/www.museodelapaz.eus\/fr\/accueil\/"},{"@type":"ListItem","position":2,"name":"Mus\u00e9e","item":"https:\/\/www.museodelapaz.eus\/fr\/musee\/"},{"@type":"ListItem","position":3,"name":"Visitez le Mus\u00e9e de la Paix de Gernika","item":"https:\/\/www.museodelapaz.eus\/fr\/musee\/visitez-le-musee-de-la-paix-de-gernika\/"},{"@type":"ListItem","position":4,"name":"Visite en groupe","item":"https:\/\/www.museodelapaz.eus\/fr\/musee\/visitez-le-musee-de-la-paix-de-gernika\/visite-en-groupe\/"},{"@type":"ListItem","position":5,"name":"Visite guid\u00e9e en groupe"}]},{"@type":"WebSite","@id":"https:\/\/www.museodelapaz.eus\/fr\/#website","url":"https:\/\/www.museodelapaz.eus\/fr\/","name":"Museo de la Paz de Gernika","description":"","publisher":{"@id":"https:\/\/www.museodelapaz.eus\/fr\/#organization"},"potentialAction":[{"@type":"SearchAction","target":{"@type":"EntryPoint","urlTemplate":"https:\/\/www.museodelapaz.eus\/fr\/?s={search_term_string}"},"query-input":{"@type":"PropertyValueSpecification","valueRequired":true,"valueName":"search_term_string"}}],"inLanguage":"fr-FR"},{"@type":"Organization","@id":"https:\/\/www.museodelapaz.eus\/fr\/#organization","name":"Museo de la Paz de Gernika","url":"https:\/\/www.museodelapaz.eus\/fr\/","logo":{"@type":"ImageObject","inLanguage":"fr-FR","@id":"https:\/\/www.museodelapaz.eus\/fr\/#\/schema\/logo\/image\/","url":"https:\/\/www.museodelapaz.eus\/wp-content\/uploads\/2024\/05\/logo-museo-de-la-paz-gernika-h-1.svg","contentUrl":"https:\/\/www.museodelapaz.eus\/wp-content\/uploads\/2024\/05\/logo-museo-de-la-paz-gernika-h-1.svg","caption":"Museo de la Paz de Gernika"},"image":{"@id":"https:\/\/www.museodelapaz.eus\/fr\/#\/schema\/logo\/image\/"}}]}},"_links":{"self":[{"href":"https:\/\/www.museodelapaz.eus\/fr\/wp-json\/wp\/v2\/pages\/3280","targetHints":{"allow":["GET"]}}],"collection":[{"href":"https:\/\/www.museodelapaz.eus\/fr\/wp-json\/wp\/v2\/pages"}],"about":[{"href":"https:\/\/www.museodelapaz.eus\/fr\/wp-json\/wp\/v2\/types\/page"}],"author":[{"embeddable":true,"href":"https:\/\/www.museodelapaz.eus\/fr\/wp-json\/wp\/v2\/users\/1"}],"replies":[{"embeddable":true,"href":"https:\/\/www.museodelapaz.eus\/fr\/wp-json\/wp\/v2\/comments?post=3280"}],"version-history":[{"count":4,"href":"https:\/\/www.museodelapaz.eus\/fr\/wp-json\/wp\/v2\/pages\/3280\/revisions"}],"predecessor-version":[{"id":25555,"href":"https:\/\/www.museodelapaz.eus\/fr\/wp-json\/wp\/v2\/pages\/3280\/revisions\/25555"}],"up":[{"embeddable":true,"href":"https:\/\/www.museodelapaz.eus\/fr\/wp-json\/wp\/v2\/pages\/3276"}],"wp:attachment":[{"href":"https:\/\/www.museodelapaz.eus\/fr\/wp-json\/wp\/v2\/media?parent=3280"}],"curies":[{"name":"wp","href":"https:\/\/api.w.org\/{rel}","templated":true}]}}