{"id":3266,"date":"2024-06-03T12:25:59","date_gmt":"2024-06-03T10:25:59","guid":{"rendered":"https:\/\/www.museodelapaz.eus\/musee\/visitez-le-musee-de-la-paix-de-gernika\/"},"modified":"2025-09-08T11:27:14","modified_gmt":"2025-09-08T09:27:14","slug":"visitez-le-musee-de-la-paix-de-gernika","status":"publish","type":"page","link":"https:\/\/www.museodelapaz.eus\/fr\/musee\/visitez-le-musee-de-la-paix-de-gernika\/","title":{"rendered":"Visitez le Mus\u00e9e de la Paix de Gernika"},"content":{"rendered":"\n<section class=\"wp-block-group section-entradas has-background\" style=\"background-color:#ebede4\"><div class=\"wp-block-group__inner-container is-layout-constrained wp-block-group-is-layout-constrained\">\n<div class=\"wp-block-columns is-layout-flex wp-container-core-columns-is-layout-9d6595d7 wp-block-columns-is-layout-flex\">\n<div class=\"wp-block-column is-layout-flow wp-block-column-is-layout-flow\" style=\"flex-basis:33.33%\">\n<h2 class=\"wp-block-heading\">Entr\u00e9es<\/h2>\n<\/div>\n\n\n\n<div class=\"wp-block-column is-layout-flow wp-block-column-is-layout-flow\" style=\"flex-basis:66.66%\">\n<p style=\"font-size:15px\">Vous pouvez acheter votre billet \u00e0 la r\u00e9ception du mus\u00e9e le jour de la visite ou en ligne \u00e0 l&#8217;avance (au moins 24 heures \u00e0 l&#8217;avance). <a href=\"https:\/\/www.museodelapaz.eus\/fr\/musee\/information-sur-la-visite\/\" target=\"_blank\" rel=\"noreferrer noopener\">Consultez les horaires du mus\u00e9e.<\/a><\/p>\n\n\n\n<p style=\"font-size:15px\"><strong>Informations compl\u00e9mentaires:<br><\/strong>Le Mus\u00e9e de la Paix de Gernika peut \u00eatre visit\u00e9 individuellement dans le cadre d&#8217;une visite libre ou guid\u00e9e.<\/p>\n\n\n\n<p>Pour les visites de groupes de plus de 8 personnes (guid\u00e9es ou libres), il est indispensable de r\u00e9server \u00e0 l&#8217;avance. Contactez-nous \u00e0 l&#8217;adresse <a href=\"mailto:museoa@bakearenmuseoagernika.eus\">museoa@bakearenmuseoagernika.eus<\/a> ou appelez-nous au +34 94 627 02 13 pour convenir d&#8217;une heure de visite. <\/p>\n\n\n\n<p style=\"font-size:15px\">Les groupes \u00e9ducatifs peuvent visiter le Mus\u00e9e par eux-m\u00eames, guid\u00e9s par leurs enseignants.<\/p>\n\n\n\n<p><a href=\"https:\/\/www.museodelapaz.eus\/fr\/musee\/visitez-le-musee-de-la-paix-de-gernika\/visite-individuelle\/entree-du-musee-de-la-paix-de-gernika\/\">Achetez vos billets.<\/a><\/p>\n<\/div>\n<\/div>\n<\/div><\/section>\n\n\n\n<section class=\"wp-block-group section-como-visitas\"><div class=\"wp-block-group__inner-container is-layout-constrained wp-block-group-is-layout-constrained\">\n<h3 class=\"wp-block-heading\"><strong><strong>Comment visiter le Mus\u00e9e de la Paix de Gernika ?<\/strong><\/strong><\/h3>\n\n\n\n<div class=\"wp-block-columns is-layout-flex wp-container-core-columns-is-layout-9d6595d7 wp-block-columns-is-layout-flex\">\n<div class=\"wp-block-column important-card has-background is-layout-flow wp-block-column-is-layout-flow\" style=\"background-color:#edebe2\"><div class=\"wp-block-image\">\n<figure class=\"aligncenter size-full\"><img decoding=\"async\" width=\"625\" height=\"227\" data-src=\"https:\/\/www.museodelapaz.eus\/wp-content\/uploads\/2024\/06\/visita-indivisual.png\" alt=\"\" class=\"wp-image-781 lazyload\" data-srcset=\"https:\/\/www.museodelapaz.eus\/wp-content\/uploads\/2024\/06\/visita-indivisual.png 625w, https:\/\/www.museodelapaz.eus\/wp-content\/uploads\/2024\/06\/visita-indivisual-300x109.png 300w\" data-sizes=\"(max-width: 625px) 100vw, 625px\" src=\"data:image\/svg+xml;base64,PHN2ZyB3aWR0aD0iMSIgaGVpZ2h0PSIxIiB4bWxucz0iaHR0cDovL3d3dy53My5vcmcvMjAwMC9zdmciPjwvc3ZnPg==\" style=\"--smush-placeholder-width: 625px; --smush-placeholder-aspect-ratio: 625\/227;\" \/><\/figure>\n<\/div>\n\n\n<div class=\"wp-block-group d-flex flex-column justify-content-between\"><div class=\"wp-block-group__inner-container is-layout-constrained wp-block-group-is-layout-constrained\">\n<h5 class=\"wp-block-heading\"><strong>Visite <span class=\"underline-orange\">individuelle<\/span><\/strong><\/h5>\n\n\n\n<p style=\"font-size:16px\">Le Mus\u00e9e de la Paix de Gernika peut \u00eatre visit\u00e9 individuellement dans le cadre d&#8217;une visite libre ou guid\u00e9e.<\/p>\n\n\n\n<p class=\"btn-orange\"><a href=\"https:\/\/www.museodelapaz.eus\/fr\/musee\/visitez-le-musee-de-la-paix-de-gernika\/visite-individuelle\/\">Plus d&#8217;information<\/a><\/p>\n<\/div><\/div>\n<\/div>\n\n\n\n<div class=\"wp-block-column important-card has-background is-layout-flow wp-block-column-is-layout-flow\" style=\"background-color:#edebe2\"><div class=\"wp-block-image\">\n<figure class=\"aligncenter size-full\"><img decoding=\"async\" width=\"625\" height=\"227\" data-src=\"https:\/\/www.museodelapaz.eus\/wp-content\/uploads\/2024\/06\/visita-grupo.png\" alt=\"\" class=\"wp-image-785 lazyload\" data-srcset=\"https:\/\/www.museodelapaz.eus\/wp-content\/uploads\/2024\/06\/visita-grupo.png 625w, https:\/\/www.museodelapaz.eus\/wp-content\/uploads\/2024\/06\/visita-grupo-300x109.png 300w\" data-sizes=\"(max-width: 625px) 100vw, 625px\" src=\"data:image\/svg+xml;base64,PHN2ZyB3aWR0aD0iMSIgaGVpZ2h0PSIxIiB4bWxucz0iaHR0cDovL3d3dy53My5vcmcvMjAwMC9zdmciPjwvc3ZnPg==\" style=\"--smush-placeholder-width: 625px; --smush-placeholder-aspect-ratio: 625\/227;\" \/><\/figure>\n<\/div>\n\n\n<div class=\"wp-block-group\"><div class=\"wp-block-group__inner-container is-layout-constrained wp-block-group-is-layout-constrained\">\n<h5 class=\"wp-block-heading\"><strong>Visite en <span class=\"underline-orange\">groupe<\/span><\/strong><\/h5>\n\n\n\n<p style=\"font-size:16px\">Si vous souhaitez visiter le mus\u00e9e de la paix de Gernika en groupe (+ 8 personnes), veuillez nous contacter pour effectuer une r\u00e9servation. Les visites peuvent \u00eatre libres ou guid\u00e9es.<\/p>\n\n\n\n<p class=\"btn-orange\"><a href=\"https:\/\/www.museodelapaz.eus\/fr\/musee\/visitez-le-musee-de-la-paix-de-gernika\/visite-en-groupe\/\">Plus d&#8217;information<\/a><\/p>\n<\/div><\/div>\n<\/div>\n<\/div>\n<\/div><\/section>\n\n\n\n<section class=\"wp-block-group cards-gray\"><div class=\"wp-block-group__inner-container is-layout-constrained wp-block-group-is-layout-constrained\">\n<div class=\"wp-block-columns secondary-cards is-layout-flex wp-container-core-columns-is-layout-9d6595d7 wp-block-columns-is-layout-flex\">\n<div class=\"wp-block-column card-gray is-layout-flow wp-block-column-is-layout-flow\">\n<figure class=\"wp-block-image size-large\"><img decoding=\"async\" width=\"32\" height=\"32\" data-src=\"https:\/\/www.museodelapaz.eus\/wp-content\/uploads\/2024\/07\/info-circle.svg\" alt=\"\" class=\"wp-image-2446 lazyload\" src=\"data:image\/svg+xml;base64,PHN2ZyB3aWR0aD0iMSIgaGVpZ2h0PSIxIiB4bWxucz0iaHR0cDovL3d3dy53My5vcmcvMjAwMC9zdmciPjwvc3ZnPg==\" style=\"--smush-placeholder-width: 32px; --smush-placeholder-aspect-ratio: 32\/32;\" \/><\/figure>\n\n\n\n<h2 class=\"wp-block-heading\">Information sur la visite<\/h2>\n\n\n\n<p style=\"font-size:16px\">Vous envisagez de visiter le Mus\u00e9e de la Paix de Gernika et vous souhaitez pr\u00e9parer votre visite ? Vous trouverez ici des informations pratiques sur l&#8217;acc\u00e8s, les horaires d&#8217;ouverture, l&#8217;accessibilit\u00e9, les services et les conditions de visite. <\/p>\n\n\n\n<div class=\"wp-block-buttons is-content-justification-right is-layout-flex wp-container-core-buttons-is-layout-765c4724 wp-block-buttons-is-layout-flex\">\n<div class=\"wp-block-button\"><a class=\"wp-block-button__link has-background has-small-font-size has-custom-font-size wp-element-button\" href=\"https:\/\/www.museodelapaz.eus\/fr\/musee\/information-sur-la-visite\/\" style=\"border-radius:5px;background-color:#ff9900\"><img decoding=\"async\" width=\"20\" height=\"20\" class=\"wp-image-1395 lazyload\" style=\"--smush-placeholder-width: 20px; --smush-placeholder-aspect-ratio: 20\/20;width: 20px;\" data-src=\"https:\/\/www.museodelapaz.eus\/wp-content\/uploads\/2024\/07\/right-arrow.png\" alt=\"\" data-srcset=\"https:\/\/www.museodelapaz.eus\/wp-content\/uploads\/2024\/07\/right-arrow.png 512w, https:\/\/www.museodelapaz.eus\/wp-content\/uploads\/2024\/07\/right-arrow-300x300.png 300w, https:\/\/www.museodelapaz.eus\/wp-content\/uploads\/2024\/07\/right-arrow-150x150.png 150w\" data-sizes=\"(max-width: 20px) 100vw, 20px\" src=\"data:image\/svg+xml;base64,PHN2ZyB3aWR0aD0iMSIgaGVpZ2h0PSIxIiB4bWxucz0iaHR0cDovL3d3dy53My5vcmcvMjAwMC9zdmciPjwvc3ZnPg==\" \/><\/a><\/div>\n<\/div>\n<\/div>\n\n\n\n<div class=\"wp-block-column card-gray is-layout-flow wp-block-column-is-layout-flow\">\n<figure class=\"wp-block-image size-large\"><img decoding=\"async\" width=\"32\" height=\"32\" data-src=\"https:\/\/www.museodelapaz.eus\/wp-content\/uploads\/2024\/07\/calendar-event.svg\" alt=\"\" class=\"wp-image-2462 lazyload\" src=\"data:image\/svg+xml;base64,PHN2ZyB3aWR0aD0iMSIgaGVpZ2h0PSIxIiB4bWxucz0iaHR0cDovL3d3dy53My5vcmcvMjAwMC9zdmciPjwvc3ZnPg==\" style=\"--smush-placeholder-width: 32px; --smush-placeholder-aspect-ratio: 32\/32;\" \/><\/figure>\n\n\n\n<h2 class=\"wp-block-heading\">Activit\u00e9s<\/h2>\n\n\n\n<p style=\"font-size:16px\">D\u00e9couvrez toutes les activit\u00e9s du Mus\u00e9e de la Paix de Gernika. Utilisez l&#8217;agenda interactif pour voir les \u00e9v\u00e8nements \u00e0 venir. <\/p>\n\n\n\n<div class=\"wp-block-buttons is-content-justification-right is-layout-flex wp-container-core-buttons-is-layout-765c4724 wp-block-buttons-is-layout-flex\">\n<div class=\"wp-block-button\"><a class=\"wp-block-button__link has-background has-small-font-size has-custom-font-size wp-element-button\" href=\"https:\/\/www.museodelapaz.eus\/fr\/activites-2\/\" style=\"border-radius:5px;background-color:#ff9900\"><img decoding=\"async\" width=\"20\" height=\"20\" class=\"wp-image-1395 lazyload\" style=\"--smush-placeholder-width: 20px; --smush-placeholder-aspect-ratio: 20\/20;width: 20px;\" data-src=\"https:\/\/www.museodelapaz.eus\/wp-content\/uploads\/2024\/07\/right-arrow.png\" alt=\"\" data-srcset=\"https:\/\/www.museodelapaz.eus\/wp-content\/uploads\/2024\/07\/right-arrow.png 512w, https:\/\/www.museodelapaz.eus\/wp-content\/uploads\/2024\/07\/right-arrow-300x300.png 300w, https:\/\/www.museodelapaz.eus\/wp-content\/uploads\/2024\/07\/right-arrow-150x150.png 150w\" data-sizes=\"(max-width: 20px) 100vw, 20px\" src=\"data:image\/svg+xml;base64,PHN2ZyB3aWR0aD0iMSIgaGVpZ2h0PSIxIiB4bWxucz0iaHR0cDovL3d3dy53My5vcmcvMjAwMC9zdmciPjwvc3ZnPg==\" \/><\/a><\/div>\n<\/div>\n<\/div>\n<\/div>\n<\/div><\/section>\n","protected":false},"excerpt":{"rendered":"<p>Entr\u00e9es Vous pouvez acheter votre billet \u00e0 la r\u00e9ception du mus\u00e9e le jour de la visite ou en ligne \u00e0 l&#8217;avance (au moins 24 heures \u00e0 l&#8217;avance). Consultez les horaires&#8230;<\/p>\n","protected":false},"author":1,"featured_media":0,"parent":3142,"menu_order":0,"comment_status":"closed","ping_status":"closed","template":"page-templates\/no-title.php","meta":{"_acf_changed":false,"inline_featured_image":false,"footnotes":""},"class_list":["post-3266","page","type-page","status-publish","hentry"],"acf":[],"yoast_head":"<!-- This site is optimized with the Yoast SEO plugin v27.4 - https:\/\/yoast.com\/product\/yoast-seo-wordpress\/ -->\n<title>Visitez le Mus\u00e9e de la Paix de Gernika - Museo de la Paz de Gernika<\/title>\n<meta name=\"robots\" content=\"index, follow, max-snippet:-1, max-image-preview:large, max-video-preview:-1\" \/>\n<link rel=\"canonical\" href=\"https:\/\/www.museodelapaz.eus\/fr\/musee\/visitez-le-musee-de-la-paix-de-gernika\/\" \/>\n<meta property=\"og:locale\" content=\"fr_FR\" \/>\n<meta property=\"og:type\" content=\"article\" \/>\n<meta property=\"og:title\" content=\"Visitez le Mus\u00e9e de la Paix de Gernika - Museo de la Paz de Gernika\" \/>\n<meta property=\"og:description\" content=\"Entr\u00e9es Vous pouvez acheter votre billet \u00e0 la r\u00e9ception du mus\u00e9e le jour de la visite ou en ligne \u00e0 l&#8217;avance (au moins 24 heures \u00e0 l&#8217;avance). Consultez les horaires...\" \/>\n<meta property=\"og:url\" content=\"https:\/\/www.museodelapaz.eus\/fr\/musee\/visitez-le-musee-de-la-paix-de-gernika\/\" \/>\n<meta property=\"og:site_name\" content=\"Museo de la Paz de Gernika\" \/>\n<meta property=\"article:modified_time\" content=\"2025-09-08T09:27:14+00:00\" \/>\n<meta property=\"og:image\" content=\"https:\/\/www.museodelapaz.eus\/wp-content\/uploads\/2024\/06\/visita-indivisual.png\" \/>\n\t<meta property=\"og:image:width\" content=\"625\" \/>\n\t<meta property=\"og:image:height\" content=\"227\" \/>\n\t<meta property=\"og:image:type\" content=\"image\/png\" \/>\n<meta name=\"twitter:card\" content=\"summary_large_image\" \/>\n<meta name=\"twitter:label1\" content=\"Dur\u00e9e de lecture estim\u00e9e\" \/>\n\t<meta name=\"twitter:data1\" content=\"3 minutes\" \/>\n<script type=\"application\/ld+json\" class=\"yoast-schema-graph\">{\"@context\":\"https:\\\/\\\/schema.org\",\"@graph\":[{\"@type\":\"WebPage\",\"@id\":\"https:\\\/\\\/www.museodelapaz.eus\\\/fr\\\/musee\\\/visitez-le-musee-de-la-paix-de-gernika\\\/\",\"url\":\"https:\\\/\\\/www.museodelapaz.eus\\\/fr\\\/musee\\\/visitez-le-musee-de-la-paix-de-gernika\\\/\",\"name\":\"Visitez le Mus\u00e9e de la Paix de Gernika - Museo de la Paz de Gernika\",\"isPartOf\":{\"@id\":\"https:\\\/\\\/www.museodelapaz.eus\\\/fr\\\/#website\"},\"primaryImageOfPage\":{\"@id\":\"https:\\\/\\\/www.museodelapaz.eus\\\/fr\\\/musee\\\/visitez-le-musee-de-la-paix-de-gernika\\\/#primaryimage\"},\"image\":{\"@id\":\"https:\\\/\\\/www.museodelapaz.eus\\\/fr\\\/musee\\\/visitez-le-musee-de-la-paix-de-gernika\\\/#primaryimage\"},\"thumbnailUrl\":\"https:\\\/\\\/www.museodelapaz.eus\\\/wp-content\\\/uploads\\\/2024\\\/06\\\/visita-indivisual.png\",\"datePublished\":\"2024-06-03T10:25:59+00:00\",\"dateModified\":\"2025-09-08T09:27:14+00:00\",\"breadcrumb\":{\"@id\":\"https:\\\/\\\/www.museodelapaz.eus\\\/fr\\\/musee\\\/visitez-le-musee-de-la-paix-de-gernika\\\/#breadcrumb\"},\"inLanguage\":\"fr-FR\",\"potentialAction\":[{\"@type\":\"ReadAction\",\"target\":[\"https:\\\/\\\/www.museodelapaz.eus\\\/fr\\\/musee\\\/visitez-le-musee-de-la-paix-de-gernika\\\/\"]}]},{\"@type\":\"ImageObject\",\"inLanguage\":\"fr-FR\",\"@id\":\"https:\\\/\\\/www.museodelapaz.eus\\\/fr\\\/musee\\\/visitez-le-musee-de-la-paix-de-gernika\\\/#primaryimage\",\"url\":\"https:\\\/\\\/www.museodelapaz.eus\\\/wp-content\\\/uploads\\\/2024\\\/06\\\/visita-indivisual.png\",\"contentUrl\":\"https:\\\/\\\/www.museodelapaz.eus\\\/wp-content\\\/uploads\\\/2024\\\/06\\\/visita-indivisual.png\"},{\"@type\":\"BreadcrumbList\",\"@id\":\"https:\\\/\\\/www.museodelapaz.eus\\\/fr\\\/musee\\\/visitez-le-musee-de-la-paix-de-gernika\\\/#breadcrumb\",\"itemListElement\":[{\"@type\":\"ListItem\",\"position\":1,\"name\":\"Portada\",\"item\":\"https:\\\/\\\/www.museodelapaz.eus\\\/fr\\\/accueil\\\/\"},{\"@type\":\"ListItem\",\"position\":2,\"name\":\"Mus\u00e9e\",\"item\":\"https:\\\/\\\/www.museodelapaz.eus\\\/fr\\\/musee\\\/\"},{\"@type\":\"ListItem\",\"position\":3,\"name\":\"Visitez le Mus\u00e9e de la Paix de Gernika\"}]},{\"@type\":\"WebSite\",\"@id\":\"https:\\\/\\\/www.museodelapaz.eus\\\/fr\\\/#website\",\"url\":\"https:\\\/\\\/www.museodelapaz.eus\\\/fr\\\/\",\"name\":\"Museo de la Paz de Gernika\",\"description\":\"\",\"publisher\":{\"@id\":\"https:\\\/\\\/www.museodelapaz.eus\\\/fr\\\/#organization\"},\"potentialAction\":[{\"@type\":\"SearchAction\",\"target\":{\"@type\":\"EntryPoint\",\"urlTemplate\":\"https:\\\/\\\/www.museodelapaz.eus\\\/fr\\\/?s={search_term_string}\"},\"query-input\":{\"@type\":\"PropertyValueSpecification\",\"valueRequired\":true,\"valueName\":\"search_term_string\"}}],\"inLanguage\":\"fr-FR\"},{\"@type\":\"Organization\",\"@id\":\"https:\\\/\\\/www.museodelapaz.eus\\\/fr\\\/#organization\",\"name\":\"Museo de la Paz de Gernika\",\"url\":\"https:\\\/\\\/www.museodelapaz.eus\\\/fr\\\/\",\"logo\":{\"@type\":\"ImageObject\",\"inLanguage\":\"fr-FR\",\"@id\":\"https:\\\/\\\/www.museodelapaz.eus\\\/fr\\\/#\\\/schema\\\/logo\\\/image\\\/\",\"url\":\"https:\\\/\\\/www.museodelapaz.eus\\\/wp-content\\\/uploads\\\/2024\\\/05\\\/logo-museo-de-la-paz-gernika-h-1.svg\",\"contentUrl\":\"https:\\\/\\\/www.museodelapaz.eus\\\/wp-content\\\/uploads\\\/2024\\\/05\\\/logo-museo-de-la-paz-gernika-h-1.svg\",\"caption\":\"Museo de la Paz de Gernika\"},\"image\":{\"@id\":\"https:\\\/\\\/www.museodelapaz.eus\\\/fr\\\/#\\\/schema\\\/logo\\\/image\\\/\"}}]}<\/script>\n<!-- \/ Yoast SEO plugin. -->","yoast_head_json":{"title":"Visitez le Mus\u00e9e de la Paix de Gernika - Museo de la Paz de Gernika","robots":{"index":"index","follow":"follow","max-snippet":"max-snippet:-1","max-image-preview":"max-image-preview:large","max-video-preview":"max-video-preview:-1"},"canonical":"https:\/\/www.museodelapaz.eus\/fr\/musee\/visitez-le-musee-de-la-paix-de-gernika\/","og_locale":"fr_FR","og_type":"article","og_title":"Visitez le Mus\u00e9e de la Paix de Gernika - Museo de la Paz de Gernika","og_description":"Entr\u00e9es Vous pouvez acheter votre billet \u00e0 la r\u00e9ception du mus\u00e9e le jour de la visite ou en ligne \u00e0 l&#8217;avance (au moins 24 heures \u00e0 l&#8217;avance). Consultez les horaires...","og_url":"https:\/\/www.museodelapaz.eus\/fr\/musee\/visitez-le-musee-de-la-paix-de-gernika\/","og_site_name":"Museo de la Paz de Gernika","article_modified_time":"2025-09-08T09:27:14+00:00","og_image":[{"width":625,"height":227,"url":"https:\/\/www.museodelapaz.eus\/wp-content\/uploads\/2024\/06\/visita-indivisual.png","type":"image\/png"}],"twitter_card":"summary_large_image","twitter_misc":{"Dur\u00e9e de lecture estim\u00e9e":"3 minutes"},"schema":{"@context":"https:\/\/schema.org","@graph":[{"@type":"WebPage","@id":"https:\/\/www.museodelapaz.eus\/fr\/musee\/visitez-le-musee-de-la-paix-de-gernika\/","url":"https:\/\/www.museodelapaz.eus\/fr\/musee\/visitez-le-musee-de-la-paix-de-gernika\/","name":"Visitez le Mus\u00e9e de la Paix de Gernika - Museo de la Paz de Gernika","isPartOf":{"@id":"https:\/\/www.museodelapaz.eus\/fr\/#website"},"primaryImageOfPage":{"@id":"https:\/\/www.museodelapaz.eus\/fr\/musee\/visitez-le-musee-de-la-paix-de-gernika\/#primaryimage"},"image":{"@id":"https:\/\/www.museodelapaz.eus\/fr\/musee\/visitez-le-musee-de-la-paix-de-gernika\/#primaryimage"},"thumbnailUrl":"https:\/\/www.museodelapaz.eus\/wp-content\/uploads\/2024\/06\/visita-indivisual.png","datePublished":"2024-06-03T10:25:59+00:00","dateModified":"2025-09-08T09:27:14+00:00","breadcrumb":{"@id":"https:\/\/www.museodelapaz.eus\/fr\/musee\/visitez-le-musee-de-la-paix-de-gernika\/#breadcrumb"},"inLanguage":"fr-FR","potentialAction":[{"@type":"ReadAction","target":["https:\/\/www.museodelapaz.eus\/fr\/musee\/visitez-le-musee-de-la-paix-de-gernika\/"]}]},{"@type":"ImageObject","inLanguage":"fr-FR","@id":"https:\/\/www.museodelapaz.eus\/fr\/musee\/visitez-le-musee-de-la-paix-de-gernika\/#primaryimage","url":"https:\/\/www.museodelapaz.eus\/wp-content\/uploads\/2024\/06\/visita-indivisual.png","contentUrl":"https:\/\/www.museodelapaz.eus\/wp-content\/uploads\/2024\/06\/visita-indivisual.png"},{"@type":"BreadcrumbList","@id":"https:\/\/www.museodelapaz.eus\/fr\/musee\/visitez-le-musee-de-la-paix-de-gernika\/#breadcrumb","itemListElement":[{"@type":"ListItem","position":1,"name":"Portada","item":"https:\/\/www.museodelapaz.eus\/fr\/accueil\/"},{"@type":"ListItem","position":2,"name":"Mus\u00e9e","item":"https:\/\/www.museodelapaz.eus\/fr\/musee\/"},{"@type":"ListItem","position":3,"name":"Visitez le Mus\u00e9e de la Paix de Gernika"}]},{"@type":"WebSite","@id":"https:\/\/www.museodelapaz.eus\/fr\/#website","url":"https:\/\/www.museodelapaz.eus\/fr\/","name":"Museo de la Paz de Gernika","description":"","publisher":{"@id":"https:\/\/www.museodelapaz.eus\/fr\/#organization"},"potentialAction":[{"@type":"SearchAction","target":{"@type":"EntryPoint","urlTemplate":"https:\/\/www.museodelapaz.eus\/fr\/?s={search_term_string}"},"query-input":{"@type":"PropertyValueSpecification","valueRequired":true,"valueName":"search_term_string"}}],"inLanguage":"fr-FR"},{"@type":"Organization","@id":"https:\/\/www.museodelapaz.eus\/fr\/#organization","name":"Museo de la Paz de Gernika","url":"https:\/\/www.museodelapaz.eus\/fr\/","logo":{"@type":"ImageObject","inLanguage":"fr-FR","@id":"https:\/\/www.museodelapaz.eus\/fr\/#\/schema\/logo\/image\/","url":"https:\/\/www.museodelapaz.eus\/wp-content\/uploads\/2024\/05\/logo-museo-de-la-paz-gernika-h-1.svg","contentUrl":"https:\/\/www.museodelapaz.eus\/wp-content\/uploads\/2024\/05\/logo-museo-de-la-paz-gernika-h-1.svg","caption":"Museo de la Paz de Gernika"},"image":{"@id":"https:\/\/www.museodelapaz.eus\/fr\/#\/schema\/logo\/image\/"}}]}},"_links":{"self":[{"href":"https:\/\/www.museodelapaz.eus\/fr\/wp-json\/wp\/v2\/pages\/3266","targetHints":{"allow":["GET"]}}],"collection":[{"href":"https:\/\/www.museodelapaz.eus\/fr\/wp-json\/wp\/v2\/pages"}],"about":[{"href":"https:\/\/www.museodelapaz.eus\/fr\/wp-json\/wp\/v2\/types\/page"}],"author":[{"embeddable":true,"href":"https:\/\/www.museodelapaz.eus\/fr\/wp-json\/wp\/v2\/users\/1"}],"replies":[{"embeddable":true,"href":"https:\/\/www.museodelapaz.eus\/fr\/wp-json\/wp\/v2\/comments?post=3266"}],"version-history":[{"count":6,"href":"https:\/\/www.museodelapaz.eus\/fr\/wp-json\/wp\/v2\/pages\/3266\/revisions"}],"predecessor-version":[{"id":18207,"href":"https:\/\/www.museodelapaz.eus\/fr\/wp-json\/wp\/v2\/pages\/3266\/revisions\/18207"}],"up":[{"embeddable":true,"href":"https:\/\/www.museodelapaz.eus\/fr\/wp-json\/wp\/v2\/pages\/3142"}],"wp:attachment":[{"href":"https:\/\/www.museodelapaz.eus\/fr\/wp-json\/wp\/v2\/media?parent=3266"}],"curies":[{"name":"wp","href":"https:\/\/api.w.org\/{rel}","templated":true}]}}