{"id":3262,"date":"2024-07-09T11:56:34","date_gmt":"2024-07-09T09:56:34","guid":{"rendered":"https:\/\/www.museodelapaz.eus\/musee\/reseaux-et-projets\/"},"modified":"2026-01-08T12:56:26","modified_gmt":"2026-01-08T11:56:26","slug":"reseaux-et-projets","status":"publish","type":"page","link":"https:\/\/www.museodelapaz.eus\/fr\/musee\/reseaux-et-projets\/","title":{"rendered":"R\u00e9seaux et projets"},"content":{"rendered":"\n<div class=\"wp-block-group secondary-cards\"><div class=\"wp-block-group__inner-container is-layout-constrained wp-block-group-is-layout-constrained\">\n<div class=\"wp-block-columns is-layout-flex wp-container-core-columns-is-layout-9d6595d7 wp-block-columns-is-layout-flex\">\n<div class=\"wp-block-column is-layout-flow wp-block-column-is-layout-flow\">\n<h2 class=\"wp-block-heading\">Information sur la visite<\/h2>\n\n\n\n<p style=\"font-size:15px\">Vous envisagez de visiter le Mus\u00e9e de la Paix de Gernika et vous souhaitez pr\u00e9parer votre visite ? Vous trouverez ici des informations pratiques sur l&#8217;acc\u00e8s, les horaires d&#8217;ouverture, l&#8217;accessibilit\u00e9, les services et les conditions de visite. <\/p>\n\n\n\n<div class=\"wp-block-buttons is-content-justification-right is-layout-flex wp-container-core-buttons-is-layout-765c4724 wp-block-buttons-is-layout-flex\">\n<div class=\"wp-block-button has-custom-font-size has-small-font-size\"><a class=\"wp-block-button__link has-background wp-element-button\" href=\"https:\/\/www.museodelapaz.eus\/fr\/musee\/information-sur-la-visite\/\" style=\"border-radius:5px;background-color:#ff9900\"><img decoding=\"async\" width=\"20\" height=\"20\" class=\"wp-image-1395 lazyload\" style=\"--smush-placeholder-width: 20px; --smush-placeholder-aspect-ratio: 20\/20;width: 20px;\" data-src=\"https:\/\/www.museodelapaz.eus\/wp-content\/uploads\/2024\/07\/right-arrow.png\" alt=\"\" data-srcset=\"https:\/\/www.museodelapaz.eus\/wp-content\/uploads\/2024\/07\/right-arrow.png 512w, https:\/\/www.museodelapaz.eus\/wp-content\/uploads\/2024\/07\/right-arrow-300x300.png 300w, https:\/\/www.museodelapaz.eus\/wp-content\/uploads\/2024\/07\/right-arrow-150x150.png 150w\" data-sizes=\"(max-width: 20px) 100vw, 20px\" src=\"data:image\/svg+xml;base64,PHN2ZyB3aWR0aD0iMSIgaGVpZ2h0PSIxIiB4bWxucz0iaHR0cDovL3d3dy53My5vcmcvMjAwMC9zdmciPjwvc3ZnPg==\" \/><\/a><\/div>\n<\/div>\n<\/div>\n\n\n\n<div class=\"wp-block-column is-layout-flow wp-block-column-is-layout-flow\">\n<h2 class=\"wp-block-heading\">Centre de documentation<\/h2>\n\n\n\n<p style=\"font-size:15px\">Le Centre de Documentation est un service public sp\u00e9cialis\u00e9, qui met \u00e0 la disposition de toutes personnes int\u00e9ress\u00e9es, ses ressources documentaires (livres, documents, revues et mat\u00e9riel audiovisuel) sur le bombardement de Gernika.<\/p>\n\n\n\n<div class=\"wp-block-buttons is-content-justification-right is-layout-flex wp-container-core-buttons-is-layout-765c4724 wp-block-buttons-is-layout-flex\">\n<div class=\"wp-block-button has-custom-font-size has-small-font-size\"><a class=\"wp-block-button__link has-background wp-element-button\" href=\"https:\/\/www.museodelapaz.eus\/fr\/centre-de-documentation-sur-le-bombardement-de-gernika\/\" style=\"border-radius:5px;background-color:#ff9900\"><img decoding=\"async\" width=\"20\" height=\"20\" class=\"wp-image-1395 lazyload\" style=\"--smush-placeholder-width: 20px; --smush-placeholder-aspect-ratio: 20\/20;width: 20px;\" data-src=\"https:\/\/www.museodelapaz.eus\/wp-content\/uploads\/2024\/07\/right-arrow.png\" alt=\"\" data-srcset=\"https:\/\/www.museodelapaz.eus\/wp-content\/uploads\/2024\/07\/right-arrow.png 512w, https:\/\/www.museodelapaz.eus\/wp-content\/uploads\/2024\/07\/right-arrow-300x300.png 300w, https:\/\/www.museodelapaz.eus\/wp-content\/uploads\/2024\/07\/right-arrow-150x150.png 150w\" data-sizes=\"(max-width: 20px) 100vw, 20px\" src=\"data:image\/svg+xml;base64,PHN2ZyB3aWR0aD0iMSIgaGVpZ2h0PSIxIiB4bWxucz0iaHR0cDovL3d3dy53My5vcmcvMjAwMC9zdmciPjwvc3ZnPg==\" \/><\/a><\/div>\n<\/div>\n<\/div>\n<\/div>\n<\/div><\/div>\n","protected":false},"excerpt":{"rendered":"<p>Information sur la visite Vous envisagez de visiter le Mus\u00e9e de la Paix de Gernika et vous souhaitez pr\u00e9parer votre visite ? Vous trouverez ici des informations pratiques sur l&#8217;acc\u00e8s,&#8230;<\/p>\n","protected":false},"author":1,"featured_media":0,"parent":3142,"menu_order":0,"comment_status":"closed","ping_status":"closed","template":"page-templates\/redesproyectos-template.php","meta":{"_acf_changed":false,"inline_featured_image":false,"footnotes":""},"class_list":["post-3262","page","type-page","status-publish","hentry"],"acf":[],"yoast_head":"<!-- This site is optimized with the Yoast SEO plugin v27.4 - https:\/\/yoast.com\/product\/yoast-seo-wordpress\/ -->\n<title>R\u00e9seaux et projets - Museo de la Paz de Gernika<\/title>\n<meta name=\"robots\" content=\"index, follow, max-snippet:-1, max-image-preview:large, max-video-preview:-1\" \/>\n<link rel=\"canonical\" href=\"https:\/\/www.museodelapaz.eus\/fr\/musee\/reseaux-et-projets\/\" \/>\n<meta property=\"og:locale\" content=\"fr_FR\" \/>\n<meta property=\"og:type\" content=\"article\" \/>\n<meta property=\"og:title\" content=\"R\u00e9seaux et projets - Museo de la Paz de Gernika\" \/>\n<meta property=\"og:description\" content=\"Information sur la visite Vous envisagez de visiter le Mus\u00e9e de la Paix de Gernika et vous souhaitez pr\u00e9parer votre visite ? Vous trouverez ici des informations pratiques sur l&#8217;acc\u00e8s,...\" \/>\n<meta property=\"og:url\" content=\"https:\/\/www.museodelapaz.eus\/fr\/musee\/reseaux-et-projets\/\" \/>\n<meta property=\"og:site_name\" content=\"Museo de la Paz de Gernika\" \/>\n<meta property=\"article:modified_time\" content=\"2026-01-08T11:56:26+00:00\" \/>\n<meta property=\"og:image\" content=\"https:\/\/www.museodelapaz.eus\/wp-content\/uploads\/2024\/07\/right-arrow.png\" \/>\n\t<meta property=\"og:image:width\" content=\"512\" \/>\n\t<meta property=\"og:image:height\" content=\"512\" \/>\n\t<meta property=\"og:image:type\" content=\"image\/png\" \/>\n<meta name=\"twitter:card\" content=\"summary_large_image\" \/>\n<meta name=\"twitter:label1\" content=\"Dur\u00e9e de lecture estim\u00e9e\" \/>\n\t<meta name=\"twitter:data1\" content=\"1 minute\" \/>\n<script type=\"application\/ld+json\" class=\"yoast-schema-graph\">{\"@context\":\"https:\\\/\\\/schema.org\",\"@graph\":[{\"@type\":\"WebPage\",\"@id\":\"https:\\\/\\\/www.museodelapaz.eus\\\/fr\\\/musee\\\/reseaux-et-projets\\\/\",\"url\":\"https:\\\/\\\/www.museodelapaz.eus\\\/fr\\\/musee\\\/reseaux-et-projets\\\/\",\"name\":\"R\u00e9seaux et projets - Museo de la Paz de Gernika\",\"isPartOf\":{\"@id\":\"https:\\\/\\\/www.museodelapaz.eus\\\/fr\\\/#website\"},\"primaryImageOfPage\":{\"@id\":\"https:\\\/\\\/www.museodelapaz.eus\\\/fr\\\/musee\\\/reseaux-et-projets\\\/#primaryimage\"},\"image\":{\"@id\":\"https:\\\/\\\/www.museodelapaz.eus\\\/fr\\\/musee\\\/reseaux-et-projets\\\/#primaryimage\"},\"thumbnailUrl\":\"https:\\\/\\\/www.museodelapaz.eus\\\/wp-content\\\/uploads\\\/2024\\\/07\\\/right-arrow.png\",\"datePublished\":\"2024-07-09T09:56:34+00:00\",\"dateModified\":\"2026-01-08T11:56:26+00:00\",\"breadcrumb\":{\"@id\":\"https:\\\/\\\/www.museodelapaz.eus\\\/fr\\\/musee\\\/reseaux-et-projets\\\/#breadcrumb\"},\"inLanguage\":\"fr-FR\",\"potentialAction\":[{\"@type\":\"ReadAction\",\"target\":[\"https:\\\/\\\/www.museodelapaz.eus\\\/fr\\\/musee\\\/reseaux-et-projets\\\/\"]}]},{\"@type\":\"ImageObject\",\"inLanguage\":\"fr-FR\",\"@id\":\"https:\\\/\\\/www.museodelapaz.eus\\\/fr\\\/musee\\\/reseaux-et-projets\\\/#primaryimage\",\"url\":\"https:\\\/\\\/www.museodelapaz.eus\\\/wp-content\\\/uploads\\\/2024\\\/07\\\/right-arrow.png\",\"contentUrl\":\"https:\\\/\\\/www.museodelapaz.eus\\\/wp-content\\\/uploads\\\/2024\\\/07\\\/right-arrow.png\"},{\"@type\":\"BreadcrumbList\",\"@id\":\"https:\\\/\\\/www.museodelapaz.eus\\\/fr\\\/musee\\\/reseaux-et-projets\\\/#breadcrumb\",\"itemListElement\":[{\"@type\":\"ListItem\",\"position\":1,\"name\":\"Portada\",\"item\":\"https:\\\/\\\/www.museodelapaz.eus\\\/fr\\\/accueil\\\/\"},{\"@type\":\"ListItem\",\"position\":2,\"name\":\"Mus\u00e9e\",\"item\":\"https:\\\/\\\/www.museodelapaz.eus\\\/fr\\\/musee\\\/\"},{\"@type\":\"ListItem\",\"position\":3,\"name\":\"R\u00e9seaux et projets\"}]},{\"@type\":\"WebSite\",\"@id\":\"https:\\\/\\\/www.museodelapaz.eus\\\/fr\\\/#website\",\"url\":\"https:\\\/\\\/www.museodelapaz.eus\\\/fr\\\/\",\"name\":\"Museo de la Paz de Gernika\",\"description\":\"\",\"publisher\":{\"@id\":\"https:\\\/\\\/www.museodelapaz.eus\\\/fr\\\/#organization\"},\"potentialAction\":[{\"@type\":\"SearchAction\",\"target\":{\"@type\":\"EntryPoint\",\"urlTemplate\":\"https:\\\/\\\/www.museodelapaz.eus\\\/fr\\\/?s={search_term_string}\"},\"query-input\":{\"@type\":\"PropertyValueSpecification\",\"valueRequired\":true,\"valueName\":\"search_term_string\"}}],\"inLanguage\":\"fr-FR\"},{\"@type\":\"Organization\",\"@id\":\"https:\\\/\\\/www.museodelapaz.eus\\\/fr\\\/#organization\",\"name\":\"Museo de la Paz de Gernika\",\"url\":\"https:\\\/\\\/www.museodelapaz.eus\\\/fr\\\/\",\"logo\":{\"@type\":\"ImageObject\",\"inLanguage\":\"fr-FR\",\"@id\":\"https:\\\/\\\/www.museodelapaz.eus\\\/fr\\\/#\\\/schema\\\/logo\\\/image\\\/\",\"url\":\"https:\\\/\\\/www.museodelapaz.eus\\\/wp-content\\\/uploads\\\/2024\\\/05\\\/logo-museo-de-la-paz-gernika-h-1.svg\",\"contentUrl\":\"https:\\\/\\\/www.museodelapaz.eus\\\/wp-content\\\/uploads\\\/2024\\\/05\\\/logo-museo-de-la-paz-gernika-h-1.svg\",\"caption\":\"Museo de la Paz de Gernika\"},\"image\":{\"@id\":\"https:\\\/\\\/www.museodelapaz.eus\\\/fr\\\/#\\\/schema\\\/logo\\\/image\\\/\"}}]}<\/script>\n<!-- \/ Yoast SEO plugin. -->","yoast_head_json":{"title":"R\u00e9seaux et projets - Museo de la Paz de Gernika","robots":{"index":"index","follow":"follow","max-snippet":"max-snippet:-1","max-image-preview":"max-image-preview:large","max-video-preview":"max-video-preview:-1"},"canonical":"https:\/\/www.museodelapaz.eus\/fr\/musee\/reseaux-et-projets\/","og_locale":"fr_FR","og_type":"article","og_title":"R\u00e9seaux et projets - Museo de la Paz de Gernika","og_description":"Information sur la visite Vous envisagez de visiter le Mus\u00e9e de la Paix de Gernika et vous souhaitez pr\u00e9parer votre visite ? Vous trouverez ici des informations pratiques sur l&#8217;acc\u00e8s,...","og_url":"https:\/\/www.museodelapaz.eus\/fr\/musee\/reseaux-et-projets\/","og_site_name":"Museo de la Paz de Gernika","article_modified_time":"2026-01-08T11:56:26+00:00","og_image":[{"width":512,"height":512,"url":"https:\/\/www.museodelapaz.eus\/wp-content\/uploads\/2024\/07\/right-arrow.png","type":"image\/png"}],"twitter_card":"summary_large_image","twitter_misc":{"Dur\u00e9e de lecture estim\u00e9e":"1 minute"},"schema":{"@context":"https:\/\/schema.org","@graph":[{"@type":"WebPage","@id":"https:\/\/www.museodelapaz.eus\/fr\/musee\/reseaux-et-projets\/","url":"https:\/\/www.museodelapaz.eus\/fr\/musee\/reseaux-et-projets\/","name":"R\u00e9seaux et projets - Museo de la Paz de Gernika","isPartOf":{"@id":"https:\/\/www.museodelapaz.eus\/fr\/#website"},"primaryImageOfPage":{"@id":"https:\/\/www.museodelapaz.eus\/fr\/musee\/reseaux-et-projets\/#primaryimage"},"image":{"@id":"https:\/\/www.museodelapaz.eus\/fr\/musee\/reseaux-et-projets\/#primaryimage"},"thumbnailUrl":"https:\/\/www.museodelapaz.eus\/wp-content\/uploads\/2024\/07\/right-arrow.png","datePublished":"2024-07-09T09:56:34+00:00","dateModified":"2026-01-08T11:56:26+00:00","breadcrumb":{"@id":"https:\/\/www.museodelapaz.eus\/fr\/musee\/reseaux-et-projets\/#breadcrumb"},"inLanguage":"fr-FR","potentialAction":[{"@type":"ReadAction","target":["https:\/\/www.museodelapaz.eus\/fr\/musee\/reseaux-et-projets\/"]}]},{"@type":"ImageObject","inLanguage":"fr-FR","@id":"https:\/\/www.museodelapaz.eus\/fr\/musee\/reseaux-et-projets\/#primaryimage","url":"https:\/\/www.museodelapaz.eus\/wp-content\/uploads\/2024\/07\/right-arrow.png","contentUrl":"https:\/\/www.museodelapaz.eus\/wp-content\/uploads\/2024\/07\/right-arrow.png"},{"@type":"BreadcrumbList","@id":"https:\/\/www.museodelapaz.eus\/fr\/musee\/reseaux-et-projets\/#breadcrumb","itemListElement":[{"@type":"ListItem","position":1,"name":"Portada","item":"https:\/\/www.museodelapaz.eus\/fr\/accueil\/"},{"@type":"ListItem","position":2,"name":"Mus\u00e9e","item":"https:\/\/www.museodelapaz.eus\/fr\/musee\/"},{"@type":"ListItem","position":3,"name":"R\u00e9seaux et projets"}]},{"@type":"WebSite","@id":"https:\/\/www.museodelapaz.eus\/fr\/#website","url":"https:\/\/www.museodelapaz.eus\/fr\/","name":"Museo de la Paz de Gernika","description":"","publisher":{"@id":"https:\/\/www.museodelapaz.eus\/fr\/#organization"},"potentialAction":[{"@type":"SearchAction","target":{"@type":"EntryPoint","urlTemplate":"https:\/\/www.museodelapaz.eus\/fr\/?s={search_term_string}"},"query-input":{"@type":"PropertyValueSpecification","valueRequired":true,"valueName":"search_term_string"}}],"inLanguage":"fr-FR"},{"@type":"Organization","@id":"https:\/\/www.museodelapaz.eus\/fr\/#organization","name":"Museo de la Paz de Gernika","url":"https:\/\/www.museodelapaz.eus\/fr\/","logo":{"@type":"ImageObject","inLanguage":"fr-FR","@id":"https:\/\/www.museodelapaz.eus\/fr\/#\/schema\/logo\/image\/","url":"https:\/\/www.museodelapaz.eus\/wp-content\/uploads\/2024\/05\/logo-museo-de-la-paz-gernika-h-1.svg","contentUrl":"https:\/\/www.museodelapaz.eus\/wp-content\/uploads\/2024\/05\/logo-museo-de-la-paz-gernika-h-1.svg","caption":"Museo de la Paz de Gernika"},"image":{"@id":"https:\/\/www.museodelapaz.eus\/fr\/#\/schema\/logo\/image\/"}}]}},"_links":{"self":[{"href":"https:\/\/www.museodelapaz.eus\/fr\/wp-json\/wp\/v2\/pages\/3262","targetHints":{"allow":["GET"]}}],"collection":[{"href":"https:\/\/www.museodelapaz.eus\/fr\/wp-json\/wp\/v2\/pages"}],"about":[{"href":"https:\/\/www.museodelapaz.eus\/fr\/wp-json\/wp\/v2\/types\/page"}],"author":[{"embeddable":true,"href":"https:\/\/www.museodelapaz.eus\/fr\/wp-json\/wp\/v2\/users\/1"}],"replies":[{"embeddable":true,"href":"https:\/\/www.museodelapaz.eus\/fr\/wp-json\/wp\/v2\/comments?post=3262"}],"version-history":[{"count":5,"href":"https:\/\/www.museodelapaz.eus\/fr\/wp-json\/wp\/v2\/pages\/3262\/revisions"}],"predecessor-version":[{"id":26420,"href":"https:\/\/www.museodelapaz.eus\/fr\/wp-json\/wp\/v2\/pages\/3262\/revisions\/26420"}],"up":[{"embeddable":true,"href":"https:\/\/www.museodelapaz.eus\/fr\/wp-json\/wp\/v2\/pages\/3142"}],"wp:attachment":[{"href":"https:\/\/www.museodelapaz.eus\/fr\/wp-json\/wp\/v2\/media?parent=3262"}],"curies":[{"name":"wp","href":"https:\/\/api.w.org\/{rel}","templated":true}]}}