{"id":3186,"date":"2024-07-05T11:40:32","date_gmt":"2024-07-05T09:40:32","guid":{"rendered":"https:\/\/www.museodelapaz.eus\/recherche\/"},"modified":"2026-03-23T14:54:45","modified_gmt":"2026-03-23T13:54:45","slug":"recherche","status":"publish","type":"page","link":"https:\/\/www.museodelapaz.eus\/fr\/centre-de-documentation-sur-le-bombardement-de-gernika\/recherche\/","title":{"rendered":"Recherche"},"content":{"rendered":"\n<section class=\"wp-block-group secondary-cards\"><div class=\"wp-block-group__inner-container is-layout-constrained wp-block-group-is-layout-constrained\">\n<div class=\"wp-block-columns is-layout-flex wp-container-core-columns-is-layout-9d6595d7 wp-block-columns-is-layout-flex\">\n<div class=\"wp-block-column is-layout-flow wp-block-column-is-layout-flow\">\n<figure class=\"wp-block-image size-large\"><img decoding=\"async\" width=\"32\" height=\"32\" data-src=\"https:\/\/www.museodelapaz.eus\/wp-content\/uploads\/2024\/07\/chat-left-text.svg\" alt=\"\" class=\"wp-image-2450 lazyload\" src=\"data:image\/svg+xml;base64,PHN2ZyB3aWR0aD0iMSIgaGVpZ2h0PSIxIiB4bWxucz0iaHR0cDovL3d3dy53My5vcmcvMjAwMC9zdmciPjwvc3ZnPg==\" style=\"--smush-placeholder-width: 32px; --smush-placeholder-aspect-ratio: 32\/32;\" \/><\/figure>\n\n\n\n<h2 class=\"wp-block-heading\">Fonds documentaire<\/h2>\n\n\n\n<p style=\"font-size:15px\">Consultez la base de donn\u00e9es du fonds documentaire du Centre de documentation du bombardement de Gernika, constitu\u00e9 de livres, d&#8217;articles de journaux, de revues et de documents d&#8217;archives internationaux sur le bombardement de Gernika.<\/p>\n\n\n\n<div class=\"wp-block-buttons is-content-justification-right is-layout-flex wp-container-core-buttons-is-layout-765c4724 wp-block-buttons-is-layout-flex\">\n<div class=\"wp-block-button has-custom-font-size has-small-font-size\"><a class=\"wp-block-button__link has-background wp-element-button\" style=\"border-radius:5px;background-color:#ff9900\"><img decoding=\"async\" width=\"20\" height=\"20\" class=\"wp-image-1395 lazyload\" style=\"--smush-placeholder-width: 20px; --smush-placeholder-aspect-ratio: 20\/20;width: 20px;\" data-src=\"https:\/\/www.museodelapaz.eus\/wp-content\/uploads\/2024\/07\/right-arrow.png\" alt=\"\" data-srcset=\"https:\/\/www.museodelapaz.eus\/wp-content\/uploads\/2024\/07\/right-arrow.png 512w, https:\/\/www.museodelapaz.eus\/wp-content\/uploads\/2024\/07\/right-arrow-300x300.png 300w, https:\/\/www.museodelapaz.eus\/wp-content\/uploads\/2024\/07\/right-arrow-150x150.png 150w\" data-sizes=\"(max-width: 20px) 100vw, 20px\" src=\"data:image\/svg+xml;base64,PHN2ZyB3aWR0aD0iMSIgaGVpZ2h0PSIxIiB4bWxucz0iaHR0cDovL3d3dy53My5vcmcvMjAwMC9zdmciPjwvc3ZnPg==\" \/><\/a><\/div>\n<\/div>\n<\/div>\n\n\n\n<div class=\"wp-block-column is-layout-flow wp-block-column-is-layout-flow\">\n<figure class=\"wp-block-image size-large\"><img decoding=\"async\" width=\"32\" height=\"32\" data-src=\"https:\/\/www.museodelapaz.eus\/wp-content\/uploads\/2024\/07\/network-4.svg\" alt=\"\" class=\"wp-image-2416 lazyload\" src=\"data:image\/svg+xml;base64,PHN2ZyB3aWR0aD0iMSIgaGVpZ2h0PSIxIiB4bWxucz0iaHR0cDovL3d3dy53My5vcmcvMjAwMC9zdmciPjwvc3ZnPg==\" style=\"--smush-placeholder-width: 32px; --smush-placeholder-aspect-ratio: 32\/32;\" \/><\/figure>\n\n\n\n<h2 class=\"wp-block-heading\">R\u00e9seaux et projets<\/h2>\n\n\n\n<p style=\"font-size:15px\">D\u00e9couvrez les r\u00e9seaux et projets nationaux et internationaux auxquels appartient le Mus\u00e9e de la Paix de Gernika.<\/p>\n\n\n\n<div class=\"wp-block-buttons is-content-justification-right is-layout-flex wp-container-core-buttons-is-layout-765c4724 wp-block-buttons-is-layout-flex\">\n<div class=\"wp-block-button has-custom-font-size has-small-font-size\"><a class=\"wp-block-button__link has-background wp-element-button\" href=\"https:\/\/www.museodelapaz.eus\/fr\/musee\/reseaux-et-projets\/\" style=\"border-radius:5px;background-color:#ff9900\"><img decoding=\"async\" width=\"20\" height=\"20\" class=\"wp-image-1395 lazyload\" style=\"--smush-placeholder-width: 20px; --smush-placeholder-aspect-ratio: 20\/20;width: 20px;\" data-src=\"https:\/\/www.museodelapaz.eus\/wp-content\/uploads\/2024\/07\/right-arrow.png\" alt=\"\" data-srcset=\"https:\/\/www.museodelapaz.eus\/wp-content\/uploads\/2024\/07\/right-arrow.png 512w, https:\/\/www.museodelapaz.eus\/wp-content\/uploads\/2024\/07\/right-arrow-300x300.png 300w, https:\/\/www.museodelapaz.eus\/wp-content\/uploads\/2024\/07\/right-arrow-150x150.png 150w\" data-sizes=\"(max-width: 20px) 100vw, 20px\" src=\"data:image\/svg+xml;base64,PHN2ZyB3aWR0aD0iMSIgaGVpZ2h0PSIxIiB4bWxucz0iaHR0cDovL3d3dy53My5vcmcvMjAwMC9zdmciPjwvc3ZnPg==\" \/><\/a><\/div>\n<\/div>\n<\/div>\n<\/div>\n<\/div><\/section>\n","protected":false},"excerpt":{"rendered":"<p>Fonds documentaire Consultez la base de donn\u00e9es du fonds documentaire du Centre de documentation du bombardement de Gernika, constitu\u00e9 de livres, d&#8217;articles de journaux, de revues et de documents d&#8217;archives&#8230;<\/p>\n","protected":false},"author":1,"featured_media":0,"parent":3200,"menu_order":0,"comment_status":"closed","ping_status":"closed","template":"page-templates\/investigaciones-template.php","meta":{"_acf_changed":false,"inline_featured_image":false,"footnotes":""},"class_list":["post-3186","page","type-page","status-publish","hentry"],"acf":[],"yoast_head":"<!-- This site is optimized with the Yoast SEO plugin v27.4 - https:\/\/yoast.com\/product\/yoast-seo-wordpress\/ -->\n<title>Recherche - Museo de la Paz de Gernika<\/title>\n<meta name=\"robots\" content=\"index, follow, max-snippet:-1, max-image-preview:large, max-video-preview:-1\" \/>\n<link rel=\"canonical\" href=\"https:\/\/www.museodelapaz.eus\/fr\/centre-de-documentation-sur-le-bombardement-de-gernika\/recherche\/\" \/>\n<meta property=\"og:locale\" content=\"fr_FR\" \/>\n<meta property=\"og:type\" content=\"article\" \/>\n<meta property=\"og:title\" content=\"Recherche - Museo de la Paz de Gernika\" \/>\n<meta property=\"og:description\" content=\"Fonds documentaire Consultez la base de donn\u00e9es du fonds documentaire du Centre de documentation du bombardement de Gernika, constitu\u00e9 de livres, d&#8217;articles de journaux, de revues et de documents d&#8217;archives...\" \/>\n<meta property=\"og:url\" content=\"https:\/\/www.museodelapaz.eus\/fr\/centre-de-documentation-sur-le-bombardement-de-gernika\/recherche\/\" \/>\n<meta property=\"og:site_name\" content=\"Museo de la Paz de Gernika\" \/>\n<meta property=\"article:modified_time\" content=\"2026-03-23T13:54:45+00:00\" \/>\n<meta name=\"twitter:card\" content=\"summary_large_image\" \/>\n<script type=\"application\/ld+json\" class=\"yoast-schema-graph\">{\"@context\":\"https:\\\/\\\/schema.org\",\"@graph\":[{\"@type\":\"WebPage\",\"@id\":\"https:\\\/\\\/www.museodelapaz.eus\\\/fr\\\/centre-de-documentation-sur-le-bombardement-de-gernika\\\/recherche\\\/\",\"url\":\"https:\\\/\\\/www.museodelapaz.eus\\\/fr\\\/centre-de-documentation-sur-le-bombardement-de-gernika\\\/recherche\\\/\",\"name\":\"Recherche - Museo de la Paz de Gernika\",\"isPartOf\":{\"@id\":\"https:\\\/\\\/www.museodelapaz.eus\\\/fr\\\/#website\"},\"primaryImageOfPage\":{\"@id\":\"https:\\\/\\\/www.museodelapaz.eus\\\/fr\\\/centre-de-documentation-sur-le-bombardement-de-gernika\\\/recherche\\\/#primaryimage\"},\"image\":{\"@id\":\"https:\\\/\\\/www.museodelapaz.eus\\\/fr\\\/centre-de-documentation-sur-le-bombardement-de-gernika\\\/recherche\\\/#primaryimage\"},\"thumbnailUrl\":\"https:\\\/\\\/www.museodelapaz.eus\\\/wp-content\\\/uploads\\\/2024\\\/07\\\/chat-left-text.svg\",\"datePublished\":\"2024-07-05T09:40:32+00:00\",\"dateModified\":\"2026-03-23T13:54:45+00:00\",\"breadcrumb\":{\"@id\":\"https:\\\/\\\/www.museodelapaz.eus\\\/fr\\\/centre-de-documentation-sur-le-bombardement-de-gernika\\\/recherche\\\/#breadcrumb\"},\"inLanguage\":\"fr-FR\",\"potentialAction\":[{\"@type\":\"ReadAction\",\"target\":[\"https:\\\/\\\/www.museodelapaz.eus\\\/fr\\\/centre-de-documentation-sur-le-bombardement-de-gernika\\\/recherche\\\/\"]}]},{\"@type\":\"ImageObject\",\"inLanguage\":\"fr-FR\",\"@id\":\"https:\\\/\\\/www.museodelapaz.eus\\\/fr\\\/centre-de-documentation-sur-le-bombardement-de-gernika\\\/recherche\\\/#primaryimage\",\"url\":\"https:\\\/\\\/www.museodelapaz.eus\\\/wp-content\\\/uploads\\\/2024\\\/07\\\/chat-left-text.svg\",\"contentUrl\":\"https:\\\/\\\/www.museodelapaz.eus\\\/wp-content\\\/uploads\\\/2024\\\/07\\\/chat-left-text.svg\"},{\"@type\":\"BreadcrumbList\",\"@id\":\"https:\\\/\\\/www.museodelapaz.eus\\\/fr\\\/centre-de-documentation-sur-le-bombardement-de-gernika\\\/recherche\\\/#breadcrumb\",\"itemListElement\":[{\"@type\":\"ListItem\",\"position\":1,\"name\":\"Portada\",\"item\":\"https:\\\/\\\/www.museodelapaz.eus\\\/fr\\\/accueil\\\/\"},{\"@type\":\"ListItem\",\"position\":2,\"name\":\"Centre de Documentation sur le Bombardement de Gernika\",\"item\":\"https:\\\/\\\/www.museodelapaz.eus\\\/fr\\\/centro-de-documentacion-del-bombardeo-de-gernika\\\/\"},{\"@type\":\"ListItem\",\"position\":3,\"name\":\"Recherche\"}]},{\"@type\":\"WebSite\",\"@id\":\"https:\\\/\\\/www.museodelapaz.eus\\\/fr\\\/#website\",\"url\":\"https:\\\/\\\/www.museodelapaz.eus\\\/fr\\\/\",\"name\":\"Museo de la Paz de Gernika\",\"description\":\"\",\"publisher\":{\"@id\":\"https:\\\/\\\/www.museodelapaz.eus\\\/fr\\\/#organization\"},\"potentialAction\":[{\"@type\":\"SearchAction\",\"target\":{\"@type\":\"EntryPoint\",\"urlTemplate\":\"https:\\\/\\\/www.museodelapaz.eus\\\/fr\\\/?s={search_term_string}\"},\"query-input\":{\"@type\":\"PropertyValueSpecification\",\"valueRequired\":true,\"valueName\":\"search_term_string\"}}],\"inLanguage\":\"fr-FR\"},{\"@type\":\"Organization\",\"@id\":\"https:\\\/\\\/www.museodelapaz.eus\\\/fr\\\/#organization\",\"name\":\"Museo de la Paz de Gernika\",\"url\":\"https:\\\/\\\/www.museodelapaz.eus\\\/fr\\\/\",\"logo\":{\"@type\":\"ImageObject\",\"inLanguage\":\"fr-FR\",\"@id\":\"https:\\\/\\\/www.museodelapaz.eus\\\/fr\\\/#\\\/schema\\\/logo\\\/image\\\/\",\"url\":\"https:\\\/\\\/www.museodelapaz.eus\\\/wp-content\\\/uploads\\\/2024\\\/05\\\/logo-museo-de-la-paz-gernika-h-1.svg\",\"contentUrl\":\"https:\\\/\\\/www.museodelapaz.eus\\\/wp-content\\\/uploads\\\/2024\\\/05\\\/logo-museo-de-la-paz-gernika-h-1.svg\",\"caption\":\"Museo de la Paz de Gernika\"},\"image\":{\"@id\":\"https:\\\/\\\/www.museodelapaz.eus\\\/fr\\\/#\\\/schema\\\/logo\\\/image\\\/\"}}]}<\/script>\n<!-- \/ Yoast SEO plugin. -->","yoast_head_json":{"title":"Recherche - Museo de la Paz de Gernika","robots":{"index":"index","follow":"follow","max-snippet":"max-snippet:-1","max-image-preview":"max-image-preview:large","max-video-preview":"max-video-preview:-1"},"canonical":"https:\/\/www.museodelapaz.eus\/fr\/centre-de-documentation-sur-le-bombardement-de-gernika\/recherche\/","og_locale":"fr_FR","og_type":"article","og_title":"Recherche - Museo de la Paz de Gernika","og_description":"Fonds documentaire Consultez la base de donn\u00e9es du fonds documentaire du Centre de documentation du bombardement de Gernika, constitu\u00e9 de livres, d&#8217;articles de journaux, de revues et de documents d&#8217;archives...","og_url":"https:\/\/www.museodelapaz.eus\/fr\/centre-de-documentation-sur-le-bombardement-de-gernika\/recherche\/","og_site_name":"Museo de la Paz de Gernika","article_modified_time":"2026-03-23T13:54:45+00:00","twitter_card":"summary_large_image","schema":{"@context":"https:\/\/schema.org","@graph":[{"@type":"WebPage","@id":"https:\/\/www.museodelapaz.eus\/fr\/centre-de-documentation-sur-le-bombardement-de-gernika\/recherche\/","url":"https:\/\/www.museodelapaz.eus\/fr\/centre-de-documentation-sur-le-bombardement-de-gernika\/recherche\/","name":"Recherche - Museo de la Paz de Gernika","isPartOf":{"@id":"https:\/\/www.museodelapaz.eus\/fr\/#website"},"primaryImageOfPage":{"@id":"https:\/\/www.museodelapaz.eus\/fr\/centre-de-documentation-sur-le-bombardement-de-gernika\/recherche\/#primaryimage"},"image":{"@id":"https:\/\/www.museodelapaz.eus\/fr\/centre-de-documentation-sur-le-bombardement-de-gernika\/recherche\/#primaryimage"},"thumbnailUrl":"https:\/\/www.museodelapaz.eus\/wp-content\/uploads\/2024\/07\/chat-left-text.svg","datePublished":"2024-07-05T09:40:32+00:00","dateModified":"2026-03-23T13:54:45+00:00","breadcrumb":{"@id":"https:\/\/www.museodelapaz.eus\/fr\/centre-de-documentation-sur-le-bombardement-de-gernika\/recherche\/#breadcrumb"},"inLanguage":"fr-FR","potentialAction":[{"@type":"ReadAction","target":["https:\/\/www.museodelapaz.eus\/fr\/centre-de-documentation-sur-le-bombardement-de-gernika\/recherche\/"]}]},{"@type":"ImageObject","inLanguage":"fr-FR","@id":"https:\/\/www.museodelapaz.eus\/fr\/centre-de-documentation-sur-le-bombardement-de-gernika\/recherche\/#primaryimage","url":"https:\/\/www.museodelapaz.eus\/wp-content\/uploads\/2024\/07\/chat-left-text.svg","contentUrl":"https:\/\/www.museodelapaz.eus\/wp-content\/uploads\/2024\/07\/chat-left-text.svg"},{"@type":"BreadcrumbList","@id":"https:\/\/www.museodelapaz.eus\/fr\/centre-de-documentation-sur-le-bombardement-de-gernika\/recherche\/#breadcrumb","itemListElement":[{"@type":"ListItem","position":1,"name":"Portada","item":"https:\/\/www.museodelapaz.eus\/fr\/accueil\/"},{"@type":"ListItem","position":2,"name":"Centre de Documentation sur le Bombardement de Gernika","item":"https:\/\/www.museodelapaz.eus\/fr\/centro-de-documentacion-del-bombardeo-de-gernika\/"},{"@type":"ListItem","position":3,"name":"Recherche"}]},{"@type":"WebSite","@id":"https:\/\/www.museodelapaz.eus\/fr\/#website","url":"https:\/\/www.museodelapaz.eus\/fr\/","name":"Museo de la Paz de Gernika","description":"","publisher":{"@id":"https:\/\/www.museodelapaz.eus\/fr\/#organization"},"potentialAction":[{"@type":"SearchAction","target":{"@type":"EntryPoint","urlTemplate":"https:\/\/www.museodelapaz.eus\/fr\/?s={search_term_string}"},"query-input":{"@type":"PropertyValueSpecification","valueRequired":true,"valueName":"search_term_string"}}],"inLanguage":"fr-FR"},{"@type":"Organization","@id":"https:\/\/www.museodelapaz.eus\/fr\/#organization","name":"Museo de la Paz de Gernika","url":"https:\/\/www.museodelapaz.eus\/fr\/","logo":{"@type":"ImageObject","inLanguage":"fr-FR","@id":"https:\/\/www.museodelapaz.eus\/fr\/#\/schema\/logo\/image\/","url":"https:\/\/www.museodelapaz.eus\/wp-content\/uploads\/2024\/05\/logo-museo-de-la-paz-gernika-h-1.svg","contentUrl":"https:\/\/www.museodelapaz.eus\/wp-content\/uploads\/2024\/05\/logo-museo-de-la-paz-gernika-h-1.svg","caption":"Museo de la Paz de Gernika"},"image":{"@id":"https:\/\/www.museodelapaz.eus\/fr\/#\/schema\/logo\/image\/"}}]}},"_links":{"self":[{"href":"https:\/\/www.museodelapaz.eus\/fr\/wp-json\/wp\/v2\/pages\/3186","targetHints":{"allow":["GET"]}}],"collection":[{"href":"https:\/\/www.museodelapaz.eus\/fr\/wp-json\/wp\/v2\/pages"}],"about":[{"href":"https:\/\/www.museodelapaz.eus\/fr\/wp-json\/wp\/v2\/types\/page"}],"author":[{"embeddable":true,"href":"https:\/\/www.museodelapaz.eus\/fr\/wp-json\/wp\/v2\/users\/1"}],"replies":[{"embeddable":true,"href":"https:\/\/www.museodelapaz.eus\/fr\/wp-json\/wp\/v2\/comments?post=3186"}],"version-history":[{"count":6,"href":"https:\/\/www.museodelapaz.eus\/fr\/wp-json\/wp\/v2\/pages\/3186\/revisions"}],"predecessor-version":[{"id":27328,"href":"https:\/\/www.museodelapaz.eus\/fr\/wp-json\/wp\/v2\/pages\/3186\/revisions\/27328"}],"up":[{"embeddable":true,"href":"https:\/\/www.museodelapaz.eus\/fr\/wp-json\/wp\/v2\/pages\/3200"}],"wp:attachment":[{"href":"https:\/\/www.museodelapaz.eus\/fr\/wp-json\/wp\/v2\/media?parent=3186"}],"curies":[{"name":"wp","href":"https:\/\/api.w.org\/{rel}","templated":true}]}}