{"id":3157,"date":"2024-07-12T09:27:04","date_gmt":"2024-07-12T07:27:04","guid":{"rendered":"https:\/\/www.museodelapaz.eus\/musee\/organisation\/"},"modified":"2025-12-11T16:28:16","modified_gmt":"2025-12-11T15:28:16","slug":"organisation","status":"publish","type":"page","link":"https:\/\/www.museodelapaz.eus\/fr\/musee\/organisation\/","title":{"rendered":"Organisation"},"content":{"rendered":"\n<section class=\"wp-block-group section-intro-and-direct-access\"><div class=\"wp-block-group__inner-container is-layout-constrained wp-block-group-is-layout-constrained\">\n<div class=\"wp-block-columns is-layout-flex wp-container-core-columns-is-layout-9d6595d7 wp-block-columns-is-layout-flex\">\n<div class=\"wp-block-column is-layout-flow wp-block-column-is-layout-flow\" style=\"flex-basis:33.33%\">\n<div class=\"wp-block-group card-menu\"><div class=\"wp-block-group__inner-container is-layout-constrained wp-block-group-is-layout-constrained\">\n<p><strong>Aller directement \u00e0<\/strong> <\/p>\n\n\n\n<ul class=\"wp-block-list\">\n<li style=\"font-size:15px\"><a href=\"#patronato\">M\u00e9c\u00e8nes<\/a><\/li>\n\n\n\n<li style=\"font-size:15px\"><a href=\"#organigrama\">Organigramme<\/a><\/li>\n\n\n\n<li style=\"font-size:15px\"><a href=\"#responsabilidad-social\">Responsabilit\u00e9 sociale<\/a><\/li>\n\n\n\n<li style=\"font-size:15px\"><a href=\"#donaciones\">Donations<\/a><\/li>\n<\/ul>\n<\/div><\/div>\n<\/div>\n<\/div>\n<\/div><\/section>\n\n\n\n<section id=\"patronos\" class=\"wp-block-group\"><div class=\"wp-block-group__inner-container is-layout-constrained wp-block-group-is-layout-constrained\">\n<div class=\"wp-block-columns is-layout-flex wp-container-core-columns-is-layout-9d6595d7 wp-block-columns-is-layout-flex\">\n<div class=\"wp-block-column is-layout-flow wp-block-column-is-layout-flow\" style=\"flex-basis:33.33%\">\n<h3 class=\"wp-block-heading\" style=\"font-size:35px\"><strong>M\u00e9c\u00e8nes<\/strong><\/h3>\n<\/div>\n\n\n\n<div class=\"wp-block-column is-layout-flow wp-block-column-is-layout-flow\" style=\"flex-basis:66.66%\">\n<p style=\"font-size:16px\"><strong>Le Governement Basque est un des m\u00e9c\u00e8nes fondateurs de la Fondation Mus\u00e9e de la Paix<\/strong> <strong>de Gernika depuis 2002. Actuellement, <\/strong> <strong>les membres du conseil sont les suivents :<\/strong><\/p>\n\n\n\n<p><strong>Arritxu Mara\u00f1on Basarte<\/strong>, vice-ministre r\u00e9gional des droits de l&#8217;homme, de la m\u00e9moire et de la coop\u00e9ration.<br><strong>Alberto Alonso Mart\u00edn<\/strong>, directeur de l&#8217;Institut de la m\u00e9moire, de la coexistence et des droits de l&#8217;homme.<br><strong>Ainhoa Zugasti Bilbao<\/strong>, directrice des droits de l&#8217;homme, des victimes et de la diversit\u00e9.<\/p>\n\n\n\n<figure class=\"wp-block-image size-full is-resized\"><img decoding=\"async\" width=\"259\" height=\"195\" data-src=\"https:\/\/www.museodelapaz.eus\/wp-content\/uploads\/2024\/07\/logo-gobierno-vasco.png\" alt=\"\" class=\"wp-image-1781 lazyload\" style=\"--smush-placeholder-width: 259px; --smush-placeholder-aspect-ratio: 259\/195;width:196px;height:auto\" src=\"data:image\/svg+xml;base64,PHN2ZyB3aWR0aD0iMSIgaGVpZ2h0PSIxIiB4bWxucz0iaHR0cDovL3d3dy53My5vcmcvMjAwMC9zdmciPjwvc3ZnPg==\" \/><\/figure>\n\n\n\n<hr class=\"wp-block-separator has-text-color has-gray-dark-color has-alpha-channel-opacity has-gray-dark-background-color has-background\"\/>\n\n\n\n<p><strong>Le Conseil Provincial de Biscaye est un des m\u00e9c\u00e8nes fondateurs de la Fondation Mus\u00e9e de la Paix de Gernika depuis 2002. Actuellement, les membres du conseil sont les suivents: <\/strong><\/p>\n\n\n\n<ul class=\"wp-block-list\">\n<li><strong>Leixuri Arrizabalaga Arruza<\/strong>. D\u00e9put\u00e9e au basque, \u00e0 la culture et au sport du conseil provincial de Biscaye. <\/li>\n\n\n\n<li><strong>Bego\u00f1a De Ibarra Zuazo<\/strong>, Director Directeur g\u00e9n\u00e9ral de la culture du conseil provincial de Biscaye.<\/li>\n\n\n\n<li><strong>Asier Madarieta Juaristi<\/strong>, Directeur g\u00e9n\u00e9ral de BizkaiKOA EPEF.<\/li>\n<\/ul>\n\n\n\n<p><\/p>\n\n\n\n<ul class=\"wp-block-list\">\n<li>Suppl\u00e9ants :<\/li>\n\n\n\n<li><strong>Alberto SANTANA EZQUERRA<\/strong>, Chef du service du patrimoine culturel du Parlement de Biscaye.<\/li>\n\n\n\n<li><strong>Encarnaci\u00f3n MART\u00cdNEZ ZAMORA<\/strong>, Chef des services g\u00e9n\u00e9raux du d\u00e9partement basque, de la culture et du sport du Parlement de Biscaye.<\/li>\n<\/ul>\n\n\n\n<figure class=\"wp-block-image size-full is-resized\"><img decoding=\"async\" width=\"426\" height=\"217\" data-src=\"https:\/\/www.museodelapaz.eus\/wp-content\/uploads\/2024\/07\/logo-diputacion-foral-bizkaia.png\" alt=\"\" class=\"wp-image-1785 lazyload\" style=\"--smush-placeholder-width: 426px; --smush-placeholder-aspect-ratio: 426\/217;width:196px;height:auto\" data-srcset=\"https:\/\/www.museodelapaz.eus\/wp-content\/uploads\/2024\/07\/logo-diputacion-foral-bizkaia.png 426w, https:\/\/www.museodelapaz.eus\/wp-content\/uploads\/2024\/07\/logo-diputacion-foral-bizkaia-300x153.png 300w\" data-sizes=\"(max-width: 426px) 100vw, 426px\" src=\"data:image\/svg+xml;base64,PHN2ZyB3aWR0aD0iMSIgaGVpZ2h0PSIxIiB4bWxucz0iaHR0cDovL3d3dy53My5vcmcvMjAwMC9zdmciPjwvc3ZnPg==\" \/><\/figure>\n\n\n\n<hr class=\"wp-block-separator has-text-color has-gray-dark-color has-alpha-channel-opacity has-gray-dark-background-color has-background\"\/>\n\n\n\n<p><strong>La Mairie de Gernika-Lumo est un des m\u00e9c\u00e8nes fondateurs de la Fondation Mus\u00e9e de la Paix de Gernika depuis 2002. Actuellement, les membres du conseil sont les suivents : <\/strong><\/p>\n\n\n\n<ul class=\"wp-block-list\">\n<li><strong>Jose Mar\u00eda Gorro\u00f1o Etxebarrieta<\/strong>. Maire de Gernika-Lumo (Pr\u00e9sident de la Fondation). <\/li>\n\n\n\n<li><strong>Jose Ram\u00f3n Bilbao<\/strong> <strong>Catal\u00e1<\/strong>. Conseiller Municipal de Culture de la Mairie de Gernika-Lumo. <\/li>\n\n\n\n<li><strong>Xabier Irazabal Basabe<\/strong>. Conseiller Municipal de la Mairie de Gernika-Lumo. <\/li>\n\n\n\n<li><strong>Xabier Irujo Ametzaga.<\/strong> Historien.<\/li>\n\n\n\n<li><strong>Gorka Endema\u00f1o Gonz\u00e1lez<\/strong>. Secretaire de la Fondation Museo de la Paz. Gernika 1937.  <\/li>\n<\/ul>\n\n\n\n<figure class=\"wp-block-image size-full is-resized\"><img decoding=\"async\" width=\"270\" height=\"186\" data-src=\"https:\/\/www.museodelapaz.eus\/wp-content\/uploads\/2024\/07\/gernika-lumo.png\" alt=\"\" class=\"wp-image-1789 lazyload\" style=\"--smush-placeholder-width: 270px; --smush-placeholder-aspect-ratio: 270\/186;width:221px;height:auto\" src=\"data:image\/svg+xml;base64,PHN2ZyB3aWR0aD0iMSIgaGVpZ2h0PSIxIiB4bWxucz0iaHR0cDovL3d3dy53My5vcmcvMjAwMC9zdmciPjwvc3ZnPg==\" \/><\/figure>\n<\/div>\n<\/div>\n<\/div><\/section>\n\n\n\n<section id=\"equipo\" class=\"wp-block-group\"><div class=\"wp-block-group__inner-container is-layout-constrained wp-block-group-is-layout-constrained\">\n<div class=\"wp-block-columns is-layout-flex wp-container-core-columns-is-layout-9d6595d7 wp-block-columns-is-layout-flex\">\n<div class=\"wp-block-column is-layout-flow wp-block-column-is-layout-flow\" style=\"flex-basis:33.33%\">\n<h3 class=\"wp-block-heading\" style=\"font-size:35px\"><strong>Organigramme<\/strong><\/h3>\n<\/div>\n\n\n\n<div class=\"wp-block-column is-layout-flow wp-block-column-is-layout-flow\" style=\"flex-basis:66.66%\">\n<p><strong>Personnel propre :<br><\/strong>Iratxe Momoitio Astorkia (Directrice du Mus\u00e9e de la Paix de Gernika).<\/p>\n\n\n\n<p>Ana Teresa N\u00fa\u00f1ez Monasterio (Responsable du Centre de Documentation sur le Bombardement de Gernika).<br><br><strong>Personnel sous-traitant<\/strong><\/p>\n\n\n\n<p>SEDENA. <\/p>\n\n\n\n<p>\u00c9ducation, projets, site web:<\/p>\n\n\n\n<p>Idoia Orbe Narbaiza<\/p>\n\n\n\n<p>Accueil des visiteurs, visites guid\u00e9es et boutique :<\/p>\n\n\n\n<ul class=\"wp-block-list\">\n<li>Andrea L\u00f3pez Aguirre<\/li>\n\n\n\n<li>Zihara Oleaga Eguren<\/li>\n\n\n\n<li>Ana Pe\u00f1aranda Moreno<\/li>\n\n\n\n<li>Mikel Revuelta Mart\u00ednez<\/li>\n\n\n\n<li>Aline Sober\u00f3n Rodr\u00edguez<\/li>\n\n\n\n<li>Nerea Sobrino <\/li>\n\n\n\n<li>Lugh Mathews<\/li>\n<\/ul>\n\n\n\n<p>LIMPIEZAS GARNICA<\/p>\n\n\n\n<ul class=\"wp-block-list\">\n<li>Rosa M\u00aa<\/li>\n\n\n\n<li>Irma Barreto L\u00f3pez<\/li>\n<\/ul>\n<\/div>\n<\/div>\n<\/div><\/section>\n\n\n\n<section id=\"responsabilidad-social\" class=\"wp-block-group\"><div class=\"wp-block-group__inner-container is-layout-constrained wp-block-group-is-layout-constrained\">\n<div class=\"wp-block-columns is-layout-flex wp-container-core-columns-is-layout-9d6595d7 wp-block-columns-is-layout-flex\">\n<div class=\"wp-block-column is-layout-flow wp-block-column-is-layout-flow\" style=\"flex-basis:33.33%\">\n<h3 class=\"wp-block-heading\" style=\"font-size:35px\"><strong>Responsabilit\u00e9 sociale<\/strong><\/h3>\n<\/div>\n\n\n\n<div class=\"wp-block-column is-layout-flow wp-block-column-is-layout-flow\" style=\"flex-basis:66.66%\">\n<p class=\"has-text-color has-link-color wp-elements-96312ae6bc31b04927c8d675465189fe\" style=\"color:#000000;font-size:16px\"><strong>Dans les ann\u00e9es pr\u00e9c\u00e9dentes, les associations qui ont particip\u00e9 \u00e0 notre section de responsabilit\u00e9 sociale ont \u00e9t\u00e9 les suivantes :<\/strong><\/p>\n\n\n\n<p>Ann\u00e9e 2018 : <a href=\"https:\/\/www.lacuadridelhospi.org\/\" target=\"_blank\" rel=\"noreferrer noopener\">La Cuadri del Hospi<\/a> et <a href=\"https:\/\/www.medicosdelmundo.org\/\" target=\"_blank\" rel=\"noreferrer noopener\">M\u00e9dicos del Mundo<\/a><\/p>\n\n\n\n<p>Ann\u00e9e 2017 : <a href=\"https:\/\/www.stopsanfilippo.org\/\" target=\"_blank\" rel=\"noreferrer noopener\">Fundaci\u00f3n Stop San Filipo<\/a>, <a href=\"https:\/\/www.walkonproject.org\/WOP\/eu\/\" target=\"_blank\" rel=\"noreferrer noopener\">Walk On Project<\/a> et <a href=\"https:\/\/www.enfermedades-raras.org\/\" target=\"_blank\" rel=\"noreferrer noopener\">Feder<\/a><\/p>\n\n\n\n<p>Ann\u00e9e 2016 : <a href=\"https:\/\/zehar.eus\/eu\/\" target=\"_blank\" rel=\"noreferrer noopener\">CEAR Euskadi<\/a> et <a href=\"https:\/\/hirukide.com\/eu\/\" target=\"_blank\" rel=\"noreferrer noopener\">Hirukide<\/a>.<\/p>\n\n\n\n<p>Ann\u00e9e 2015 : <a href=\"https:\/\/edefundazioa.org\/\" target=\"_blank\" rel=\"noreferrer noopener\">Fundaci\u00f3n EDE<\/a> et <a href=\"https:\/\/www.aldarte.org\" target=\"_blank\" rel=\"noreferrer noopener\">Aldarte<\/a>.<\/p>\n\n\n\n<p>Ann\u00e9e 2014 : <a href=\"https:\/\/gorabide.com\/\" target=\"_blank\" rel=\"noreferrer noopener\">Gorabide<\/a> et <a href=\"https:\/\/eskaut.org\" target=\"_blank\" rel=\"noreferrer noopener\">Euskalerriko eskautak<\/a>.<\/p>\n\n\n\n<p>Ann\u00e9e 2013 : <a href=\"https:\/\/www.fundacionfernandobuesa.com\/\" target=\"_blank\" rel=\"noreferrer noopener\">Fundaci\u00f3n Buesa<\/a> et <a href=\"https:\/\/www.lantegibatuak.eus\" target=\"_blank\" rel=\"noreferrer noopener\">Lantegi Batuak<\/a>.<\/p>\n\n\n\n<p>Ann\u00e9e 2012 : <a href=\"https:\/\/www.savethechildren.es\/\" target=\"_blank\" rel=\"noreferrer noopener\">Save The Children<\/a>.<\/p>\n\n\n\n<p>Ann\u00e9e 2011 : <a href=\"https:\/\/www.chernobilekoumeak.org\/\" target=\"_blank\" rel=\"noreferrer noopener\">Chernobileko umeak<\/a>.<\/p>\n<\/div>\n<\/div>\n<\/div><\/section>\n\n\n\n<section id=\"donaciones\" class=\"wp-block-group\"><div class=\"wp-block-group__inner-container is-layout-constrained wp-block-group-is-layout-constrained\">\n<div class=\"wp-block-columns is-layout-flex wp-container-core-columns-is-layout-9d6595d7 wp-block-columns-is-layout-flex\">\n<div class=\"wp-block-column is-layout-flow wp-block-column-is-layout-flow\" style=\"flex-basis:33.33%\">\n<h3 class=\"wp-block-heading\" style=\"font-size:35px\"><strong>Donations<\/strong><\/h3>\n<\/div>\n\n\n\n<div class=\"wp-block-column is-layout-flow wp-block-column-is-layout-flow\" style=\"flex-basis:66.66%\">\n<p>Si vous (personne physique, juridique, institution) disposez de quelque mat\u00e9riel original important ayant trait \u00e0 la th\u00e8matique du Mus\u00e8e (Histoire, m\u00e9moire, paix) dont vous souhaiteriez faire don \u00e0 la Fondation Museo de la Paz de Gernika, faites-nous parvenir vos coordonn\u00e9es et autant de d\u00e9tails qu&#8217;il est possible au sujet du\/des mat\u00e9riels dont vous voudriez faire don \u00e0 l&#8217;adresse \u00e9lectronique suivante <a href=\"mailto:museoa@bakearenmuseoagernika.eus\">museoa@gernika-lumo.net<\/a> en prenant soin de sp\u00e9cifier dans l&#8217;objet du message &#8221;Donaci\u00f3n&#8221;. Vous pouvez \u00e9galement vous mettre en contact avec nous par t\u00e9l\u00e9phone au +34 94 6270213 ou par courrier (Fundaci\u00f3n Museo de la Paz de Gernika. Foru Plaza, 1. 48300 Gernika-Lumo).<\/p>\n\n\n\n<p>Une fois que vous aurez envoy\u00e9 l&#8217;information concernant l&#8217;\u00e9ventuelle donation, seront les m\u00e9c\u00e8nes de la Fondation Museo de la Paz de Gernika qui d\u00e9cideront s&#8217;ils l&#8217;accepte ou non. L&#8217;acceptation de la donation ne suppose, en aucun cas, l&#8217;obligation que le mat\u00e9riel en question soit expos\u00e9 \u00e0 la vue du public dans l&#8217;enceinte de l&#8217;exposition permanente. <\/p>\n<\/div>\n<\/div>\n<\/div><\/section>\n","protected":false},"excerpt":{"rendered":"<p>Aller directement \u00e0 M\u00e9c\u00e8nes Le Governement Basque est un des m\u00e9c\u00e8nes fondateurs de la Fondation Mus\u00e9e de la Paix de Gernika depuis 2002. Actuellement, les membres du conseil sont les&#8230;<\/p>\n","protected":false},"author":1,"featured_media":0,"parent":3142,"menu_order":0,"comment_status":"closed","ping_status":"closed","template":"page-templates\/no-title.php","meta":{"_acf_changed":false,"inline_featured_image":false,"footnotes":""},"class_list":["post-3157","page","type-page","status-publish","hentry"],"acf":[],"yoast_head":"<!-- This site is optimized with the Yoast SEO plugin v27.4 - https:\/\/yoast.com\/product\/yoast-seo-wordpress\/ -->\n<title>Organisation - Museo de la Paz de Gernika<\/title>\n<meta name=\"robots\" content=\"index, follow, max-snippet:-1, max-image-preview:large, max-video-preview:-1\" \/>\n<link rel=\"canonical\" href=\"https:\/\/www.museodelapaz.eus\/fr\/musee\/organisation\/\" \/>\n<meta property=\"og:locale\" content=\"fr_FR\" \/>\n<meta property=\"og:type\" content=\"article\" \/>\n<meta property=\"og:title\" content=\"Organisation - Museo de la Paz de Gernika\" \/>\n<meta property=\"og:description\" content=\"Aller directement \u00e0 M\u00e9c\u00e8nes Le Governement Basque est un des m\u00e9c\u00e8nes fondateurs de la Fondation Mus\u00e9e de la Paix de Gernika depuis 2002. Actuellement, les membres du conseil sont les...\" \/>\n<meta property=\"og:url\" content=\"https:\/\/www.museodelapaz.eus\/fr\/musee\/organisation\/\" \/>\n<meta property=\"og:site_name\" content=\"Museo de la Paz de Gernika\" \/>\n<meta property=\"article:modified_time\" content=\"2025-12-11T15:28:16+00:00\" \/>\n<meta property=\"og:image\" content=\"https:\/\/www.museodelapaz.eus\/wp-content\/uploads\/2024\/07\/logo-gobierno-vasco.png\" \/>\n\t<meta property=\"og:image:width\" content=\"259\" \/>\n\t<meta property=\"og:image:height\" content=\"195\" \/>\n\t<meta property=\"og:image:type\" content=\"image\/png\" \/>\n<meta name=\"twitter:card\" content=\"summary_large_image\" \/>\n<meta name=\"twitter:label1\" content=\"Dur\u00e9e de lecture estim\u00e9e\" \/>\n\t<meta name=\"twitter:data1\" content=\"4 minutes\" \/>\n<script type=\"application\/ld+json\" class=\"yoast-schema-graph\">{\"@context\":\"https:\\\/\\\/schema.org\",\"@graph\":[{\"@type\":\"WebPage\",\"@id\":\"https:\\\/\\\/www.museodelapaz.eus\\\/fr\\\/musee\\\/organisation\\\/\",\"url\":\"https:\\\/\\\/www.museodelapaz.eus\\\/fr\\\/musee\\\/organisation\\\/\",\"name\":\"Organisation - Museo de la Paz de Gernika\",\"isPartOf\":{\"@id\":\"https:\\\/\\\/www.museodelapaz.eus\\\/fr\\\/#website\"},\"primaryImageOfPage\":{\"@id\":\"https:\\\/\\\/www.museodelapaz.eus\\\/fr\\\/musee\\\/organisation\\\/#primaryimage\"},\"image\":{\"@id\":\"https:\\\/\\\/www.museodelapaz.eus\\\/fr\\\/musee\\\/organisation\\\/#primaryimage\"},\"thumbnailUrl\":\"https:\\\/\\\/www.museodelapaz.eus\\\/wp-content\\\/uploads\\\/2024\\\/07\\\/logo-gobierno-vasco.png\",\"datePublished\":\"2024-07-12T07:27:04+00:00\",\"dateModified\":\"2025-12-11T15:28:16+00:00\",\"breadcrumb\":{\"@id\":\"https:\\\/\\\/www.museodelapaz.eus\\\/fr\\\/musee\\\/organisation\\\/#breadcrumb\"},\"inLanguage\":\"fr-FR\",\"potentialAction\":[{\"@type\":\"ReadAction\",\"target\":[\"https:\\\/\\\/www.museodelapaz.eus\\\/fr\\\/musee\\\/organisation\\\/\"]}]},{\"@type\":\"ImageObject\",\"inLanguage\":\"fr-FR\",\"@id\":\"https:\\\/\\\/www.museodelapaz.eus\\\/fr\\\/musee\\\/organisation\\\/#primaryimage\",\"url\":\"https:\\\/\\\/www.museodelapaz.eus\\\/wp-content\\\/uploads\\\/2024\\\/07\\\/logo-gobierno-vasco.png\",\"contentUrl\":\"https:\\\/\\\/www.museodelapaz.eus\\\/wp-content\\\/uploads\\\/2024\\\/07\\\/logo-gobierno-vasco.png\"},{\"@type\":\"BreadcrumbList\",\"@id\":\"https:\\\/\\\/www.museodelapaz.eus\\\/fr\\\/musee\\\/organisation\\\/#breadcrumb\",\"itemListElement\":[{\"@type\":\"ListItem\",\"position\":1,\"name\":\"Portada\",\"item\":\"https:\\\/\\\/www.museodelapaz.eus\\\/fr\\\/accueil\\\/\"},{\"@type\":\"ListItem\",\"position\":2,\"name\":\"Mus\u00e9e\",\"item\":\"https:\\\/\\\/www.museodelapaz.eus\\\/fr\\\/musee\\\/\"},{\"@type\":\"ListItem\",\"position\":3,\"name\":\"Organisation\"}]},{\"@type\":\"WebSite\",\"@id\":\"https:\\\/\\\/www.museodelapaz.eus\\\/fr\\\/#website\",\"url\":\"https:\\\/\\\/www.museodelapaz.eus\\\/fr\\\/\",\"name\":\"Museo de la Paz de Gernika\",\"description\":\"\",\"publisher\":{\"@id\":\"https:\\\/\\\/www.museodelapaz.eus\\\/fr\\\/#organization\"},\"potentialAction\":[{\"@type\":\"SearchAction\",\"target\":{\"@type\":\"EntryPoint\",\"urlTemplate\":\"https:\\\/\\\/www.museodelapaz.eus\\\/fr\\\/?s={search_term_string}\"},\"query-input\":{\"@type\":\"PropertyValueSpecification\",\"valueRequired\":true,\"valueName\":\"search_term_string\"}}],\"inLanguage\":\"fr-FR\"},{\"@type\":\"Organization\",\"@id\":\"https:\\\/\\\/www.museodelapaz.eus\\\/fr\\\/#organization\",\"name\":\"Museo de la Paz de Gernika\",\"url\":\"https:\\\/\\\/www.museodelapaz.eus\\\/fr\\\/\",\"logo\":{\"@type\":\"ImageObject\",\"inLanguage\":\"fr-FR\",\"@id\":\"https:\\\/\\\/www.museodelapaz.eus\\\/fr\\\/#\\\/schema\\\/logo\\\/image\\\/\",\"url\":\"https:\\\/\\\/www.museodelapaz.eus\\\/wp-content\\\/uploads\\\/2024\\\/05\\\/logo-museo-de-la-paz-gernika-h-1.svg\",\"contentUrl\":\"https:\\\/\\\/www.museodelapaz.eus\\\/wp-content\\\/uploads\\\/2024\\\/05\\\/logo-museo-de-la-paz-gernika-h-1.svg\",\"caption\":\"Museo de la Paz de Gernika\"},\"image\":{\"@id\":\"https:\\\/\\\/www.museodelapaz.eus\\\/fr\\\/#\\\/schema\\\/logo\\\/image\\\/\"}}]}<\/script>\n<!-- \/ Yoast SEO plugin. -->","yoast_head_json":{"title":"Organisation - Museo de la Paz de Gernika","robots":{"index":"index","follow":"follow","max-snippet":"max-snippet:-1","max-image-preview":"max-image-preview:large","max-video-preview":"max-video-preview:-1"},"canonical":"https:\/\/www.museodelapaz.eus\/fr\/musee\/organisation\/","og_locale":"fr_FR","og_type":"article","og_title":"Organisation - Museo de la Paz de Gernika","og_description":"Aller directement \u00e0 M\u00e9c\u00e8nes Le Governement Basque est un des m\u00e9c\u00e8nes fondateurs de la Fondation Mus\u00e9e de la Paix de Gernika depuis 2002. Actuellement, les membres du conseil sont les...","og_url":"https:\/\/www.museodelapaz.eus\/fr\/musee\/organisation\/","og_site_name":"Museo de la Paz de Gernika","article_modified_time":"2025-12-11T15:28:16+00:00","og_image":[{"width":259,"height":195,"url":"https:\/\/www.museodelapaz.eus\/wp-content\/uploads\/2024\/07\/logo-gobierno-vasco.png","type":"image\/png"}],"twitter_card":"summary_large_image","twitter_misc":{"Dur\u00e9e de lecture estim\u00e9e":"4 minutes"},"schema":{"@context":"https:\/\/schema.org","@graph":[{"@type":"WebPage","@id":"https:\/\/www.museodelapaz.eus\/fr\/musee\/organisation\/","url":"https:\/\/www.museodelapaz.eus\/fr\/musee\/organisation\/","name":"Organisation - Museo de la Paz de Gernika","isPartOf":{"@id":"https:\/\/www.museodelapaz.eus\/fr\/#website"},"primaryImageOfPage":{"@id":"https:\/\/www.museodelapaz.eus\/fr\/musee\/organisation\/#primaryimage"},"image":{"@id":"https:\/\/www.museodelapaz.eus\/fr\/musee\/organisation\/#primaryimage"},"thumbnailUrl":"https:\/\/www.museodelapaz.eus\/wp-content\/uploads\/2024\/07\/logo-gobierno-vasco.png","datePublished":"2024-07-12T07:27:04+00:00","dateModified":"2025-12-11T15:28:16+00:00","breadcrumb":{"@id":"https:\/\/www.museodelapaz.eus\/fr\/musee\/organisation\/#breadcrumb"},"inLanguage":"fr-FR","potentialAction":[{"@type":"ReadAction","target":["https:\/\/www.museodelapaz.eus\/fr\/musee\/organisation\/"]}]},{"@type":"ImageObject","inLanguage":"fr-FR","@id":"https:\/\/www.museodelapaz.eus\/fr\/musee\/organisation\/#primaryimage","url":"https:\/\/www.museodelapaz.eus\/wp-content\/uploads\/2024\/07\/logo-gobierno-vasco.png","contentUrl":"https:\/\/www.museodelapaz.eus\/wp-content\/uploads\/2024\/07\/logo-gobierno-vasco.png"},{"@type":"BreadcrumbList","@id":"https:\/\/www.museodelapaz.eus\/fr\/musee\/organisation\/#breadcrumb","itemListElement":[{"@type":"ListItem","position":1,"name":"Portada","item":"https:\/\/www.museodelapaz.eus\/fr\/accueil\/"},{"@type":"ListItem","position":2,"name":"Mus\u00e9e","item":"https:\/\/www.museodelapaz.eus\/fr\/musee\/"},{"@type":"ListItem","position":3,"name":"Organisation"}]},{"@type":"WebSite","@id":"https:\/\/www.museodelapaz.eus\/fr\/#website","url":"https:\/\/www.museodelapaz.eus\/fr\/","name":"Museo de la Paz de Gernika","description":"","publisher":{"@id":"https:\/\/www.museodelapaz.eus\/fr\/#organization"},"potentialAction":[{"@type":"SearchAction","target":{"@type":"EntryPoint","urlTemplate":"https:\/\/www.museodelapaz.eus\/fr\/?s={search_term_string}"},"query-input":{"@type":"PropertyValueSpecification","valueRequired":true,"valueName":"search_term_string"}}],"inLanguage":"fr-FR"},{"@type":"Organization","@id":"https:\/\/www.museodelapaz.eus\/fr\/#organization","name":"Museo de la Paz de Gernika","url":"https:\/\/www.museodelapaz.eus\/fr\/","logo":{"@type":"ImageObject","inLanguage":"fr-FR","@id":"https:\/\/www.museodelapaz.eus\/fr\/#\/schema\/logo\/image\/","url":"https:\/\/www.museodelapaz.eus\/wp-content\/uploads\/2024\/05\/logo-museo-de-la-paz-gernika-h-1.svg","contentUrl":"https:\/\/www.museodelapaz.eus\/wp-content\/uploads\/2024\/05\/logo-museo-de-la-paz-gernika-h-1.svg","caption":"Museo de la Paz de Gernika"},"image":{"@id":"https:\/\/www.museodelapaz.eus\/fr\/#\/schema\/logo\/image\/"}}]}},"_links":{"self":[{"href":"https:\/\/www.museodelapaz.eus\/fr\/wp-json\/wp\/v2\/pages\/3157","targetHints":{"allow":["GET"]}}],"collection":[{"href":"https:\/\/www.museodelapaz.eus\/fr\/wp-json\/wp\/v2\/pages"}],"about":[{"href":"https:\/\/www.museodelapaz.eus\/fr\/wp-json\/wp\/v2\/types\/page"}],"author":[{"embeddable":true,"href":"https:\/\/www.museodelapaz.eus\/fr\/wp-json\/wp\/v2\/users\/1"}],"replies":[{"embeddable":true,"href":"https:\/\/www.museodelapaz.eus\/fr\/wp-json\/wp\/v2\/comments?post=3157"}],"version-history":[{"count":8,"href":"https:\/\/www.museodelapaz.eus\/fr\/wp-json\/wp\/v2\/pages\/3157\/revisions"}],"predecessor-version":[{"id":26272,"href":"https:\/\/www.museodelapaz.eus\/fr\/wp-json\/wp\/v2\/pages\/3157\/revisions\/26272"}],"up":[{"embeddable":true,"href":"https:\/\/www.museodelapaz.eus\/fr\/wp-json\/wp\/v2\/pages\/3142"}],"wp:attachment":[{"href":"https:\/\/www.museodelapaz.eus\/fr\/wp-json\/wp\/v2\/media?parent=3157"}],"curies":[{"name":"wp","href":"https:\/\/api.w.org\/{rel}","templated":true}]}}