{"id":18,"date":"2024-04-16T16:13:03","date_gmt":"2024-04-16T14:13:03","guid":{"rendered":"https:\/\/www.museodelapaz.eus\/accueil\/"},"modified":"2026-03-03T17:13:06","modified_gmt":"2026-03-03T16:13:06","slug":"accueil","status":"publish","type":"page","link":"https:\/\/www.museodelapaz.eus\/fr\/","title":{"rendered":"Accueil"},"content":{"rendered":"\n<div class=\"wp-block-group py-4 is-layout-grid wp-container-core-group-is-layout-ee95d1b2 wp-block-group-is-layout-grid\">\n<div class=\"wp-block-cover has-white-color has-text-color has-link-color wp-elements-2a409dd2b7bdc3d9340b342a398f2732 wp-duotone-unset-1\"><img decoding=\"async\" width=\"810\" height=\"562\" class=\"wp-block-cover__image-background wp-image-27032 size-full lazyload\" alt=\"\" data-src=\"https:\/\/www.museodelapaz.eus\/wp-content\/uploads\/2026\/02\/liburuak-e1771584916774.jpg\" data-object-fit=\"cover\" data-srcset=\"https:\/\/www.museodelapaz.eus\/wp-content\/uploads\/2026\/02\/liburuak-e1771584916774.jpg 810w, https:\/\/www.museodelapaz.eus\/wp-content\/uploads\/2026\/02\/liburuak-e1771584916774-300x208.jpg 300w, https:\/\/www.museodelapaz.eus\/wp-content\/uploads\/2026\/02\/liburuak-e1771584916774-768x533.jpg 768w\" data-sizes=\"(max-width: 810px) 100vw, 810px\" src=\"data:image\/svg+xml;base64,PHN2ZyB3aWR0aD0iMSIgaGVpZ2h0PSIxIiB4bWxucz0iaHR0cDovL3d3dy53My5vcmcvMjAwMC9zdmciPjwvc3ZnPg==\" style=\"--smush-placeholder-width: 810px; --smush-placeholder-aspect-ratio: 810\/562;\" \/><span aria-hidden=\"true\" class=\"wp-block-cover__background has-black-background-color has-background-dim-40 has-background-dim\"><\/span><div class=\"wp-block-cover__inner-container is-layout-constrained wp-block-cover-is-layout-constrained\">\n<p class=\"has-text-align-center has-large-font-size\">Livres<\/p>\n\n\n\n<hr class=\"wp-block-separator has-alpha-channel-opacity is-style-default w-25 mx-auto\"\/>\n\n\n\n<p class=\"has-text-align-center has-small-font-size\">47 articles<\/p>\n\n\n\n<div class=\"wp-block-buttons is-content-justification-center is-layout-flex wp-container-core-buttons-is-layout-16018d1d wp-block-buttons-is-layout-flex\">\n<div class=\"wp-block-button\"><a class=\"wp-block-button__link has-text-color has-background has-link-color has-small-font-size has-custom-font-size wp-element-button\" href=\"https:\/\/denda.museodelapaz.eus\/20-libros\" style=\"border-top-left-radius:4px;border-top-right-radius:4px;border-bottom-left-radius:4px;border-bottom-right-radius:4px;color:#000000;background-color:#ff9900;font-style:normal;font-weight:600\" target=\"_blank\" rel=\"noreferrer noopener\">Acheter maintenant<\/a><\/div>\n<\/div>\n<\/div><\/div>\n\n\n\n<div class=\"wp-block-cover has-white-color has-text-color has-link-color wp-elements-d5a12331314b1f0cbefe3288db3091c4 wp-duotone-unset-2\"><img decoding=\"async\" width=\"786\" height=\"532\" class=\"wp-block-cover__image-background wp-image-27036 size-full lazyload\" alt=\"\" data-src=\"https:\/\/www.museodelapaz.eus\/wp-content\/uploads\/2026\/02\/picasso-pagina-web-e1771584992919.jpg\" data-object-fit=\"cover\" data-srcset=\"https:\/\/www.museodelapaz.eus\/wp-content\/uploads\/2026\/02\/picasso-pagina-web-e1771584992919.jpg 786w, https:\/\/www.museodelapaz.eus\/wp-content\/uploads\/2026\/02\/picasso-pagina-web-e1771584992919-300x203.jpg 300w, https:\/\/www.museodelapaz.eus\/wp-content\/uploads\/2026\/02\/picasso-pagina-web-e1771584992919-768x520.jpg 768w\" data-sizes=\"(max-width: 786px) 100vw, 786px\" src=\"data:image\/svg+xml;base64,PHN2ZyB3aWR0aD0iMSIgaGVpZ2h0PSIxIiB4bWxucz0iaHR0cDovL3d3dy53My5vcmcvMjAwMC9zdmciPjwvc3ZnPg==\" style=\"--smush-placeholder-width: 786px; --smush-placeholder-aspect-ratio: 786\/532;\" \/><span aria-hidden=\"true\" class=\"wp-block-cover__background has-black-background-color has-background-dim-40 has-background-dim\"><\/span><div class=\"wp-block-cover__inner-container is-layout-constrained wp-block-cover-is-layout-constrained\">\n<p class=\"has-text-align-center has-large-font-size\">Picasso<\/p>\n\n\n\n<hr class=\"wp-block-separator has-alpha-channel-opacity is-style-default w-25 mx-auto\"\/>\n\n\n\n<p class=\"has-text-align-center has-small-font-size\">30 articles<\/p>\n\n\n\n<div class=\"wp-block-buttons is-content-justification-center is-layout-flex wp-container-core-buttons-is-layout-16018d1d wp-block-buttons-is-layout-flex\">\n<div class=\"wp-block-button\"><a class=\"wp-block-button__link has-text-color has-background has-link-color has-small-font-size has-custom-font-size wp-element-button\" href=\"https:\/\/denda.museodelapaz.eus\/23-picasso\" style=\"border-top-left-radius:4px;border-top-right-radius:4px;border-bottom-left-radius:4px;border-bottom-right-radius:4px;color:#000000;background-color:#ff9900;font-style:normal;font-weight:600\" target=\"_blank\" rel=\"noreferrer noopener\">Acheter maintenant<\/a><\/div>\n<\/div>\n<\/div><\/div>\n\n\n\n<div class=\"wp-block-cover has-white-color has-text-color has-link-color wp-elements-e110893a970b5bb2f621f611a673bc9c wp-duotone-unset-3\"><img decoding=\"async\" width=\"812\" height=\"561\" class=\"wp-block-cover__image-background wp-image-27040 size-full lazyload\" alt=\"\" data-src=\"https:\/\/www.museodelapaz.eus\/wp-content\/uploads\/2026\/02\/ronenglish1-e1771585066980.jpg\" data-object-fit=\"cover\" data-srcset=\"https:\/\/www.museodelapaz.eus\/wp-content\/uploads\/2026\/02\/ronenglish1-e1771585066980.jpg 812w, https:\/\/www.museodelapaz.eus\/wp-content\/uploads\/2026\/02\/ronenglish1-e1771585066980-300x207.jpg 300w, https:\/\/www.museodelapaz.eus\/wp-content\/uploads\/2026\/02\/ronenglish1-e1771585066980-768x531.jpg 768w\" data-sizes=\"(max-width: 812px) 100vw, 812px\" src=\"data:image\/svg+xml;base64,PHN2ZyB3aWR0aD0iMSIgaGVpZ2h0PSIxIiB4bWxucz0iaHR0cDovL3d3dy53My5vcmcvMjAwMC9zdmciPjwvc3ZnPg==\" style=\"--smush-placeholder-width: 812px; --smush-placeholder-aspect-ratio: 812\/561;\" \/><span aria-hidden=\"true\" class=\"wp-block-cover__background has-black-background-color has-background-dim-40 has-background-dim\"><\/span><div class=\"wp-block-cover__inner-container is-layout-constrained wp-block-cover-is-layout-constrained\">\n<p class=\"has-text-align-center has-large-font-size\">Papeterie<\/p>\n\n\n\n<hr class=\"wp-block-separator has-alpha-channel-opacity is-style-default w-25 mx-auto\"\/>\n\n\n\n<p class=\"has-text-align-center has-small-font-size\">27 articles<\/p>\n\n\n\n<div class=\"wp-block-buttons is-content-justification-center is-layout-flex wp-container-core-buttons-is-layout-16018d1d wp-block-buttons-is-layout-flex\">\n<div class=\"wp-block-button\"><a class=\"wp-block-button__link has-text-color has-background has-link-color has-small-font-size has-custom-font-size wp-element-button\" href=\"https:\/\/denda.museodelapaz.eus\/36-papeleria\" style=\"border-top-left-radius:4px;border-top-right-radius:4px;border-bottom-left-radius:4px;border-bottom-right-radius:4px;color:#000000;background-color:#ff9900;font-style:normal;font-weight:600\" target=\"_blank\" rel=\"noreferrer noopener\">Acheter maintenant<\/a><\/div>\n<\/div>\n<\/div><\/div>\n\n\n\n<div class=\"wp-block-cover has-white-color has-text-color has-link-color wp-elements-405a13c346573a03731083a1003f006f wp-duotone-unset-4\"><img decoding=\"async\" width=\"832\" height=\"557\" class=\"wp-block-cover__image-background wp-image-27044 size-full lazyload\" alt=\"\" data-src=\"https:\/\/www.museodelapaz.eus\/wp-content\/uploads\/2026\/02\/accesorios-pagina-web1-e1771585437604.jpg\" data-object-fit=\"cover\" data-srcset=\"https:\/\/www.museodelapaz.eus\/wp-content\/uploads\/2026\/02\/accesorios-pagina-web1-e1771585437604.jpg 832w, https:\/\/www.museodelapaz.eus\/wp-content\/uploads\/2026\/02\/accesorios-pagina-web1-e1771585437604-300x201.jpg 300w, https:\/\/www.museodelapaz.eus\/wp-content\/uploads\/2026\/02\/accesorios-pagina-web1-e1771585437604-768x514.jpg 768w\" data-sizes=\"(max-width: 832px) 100vw, 832px\" src=\"data:image\/svg+xml;base64,PHN2ZyB3aWR0aD0iMSIgaGVpZ2h0PSIxIiB4bWxucz0iaHR0cDovL3d3dy53My5vcmcvMjAwMC9zdmciPjwvc3ZnPg==\" style=\"--smush-placeholder-width: 832px; --smush-placeholder-aspect-ratio: 832\/557;\" \/><span aria-hidden=\"true\" class=\"wp-block-cover__background has-black-background-color has-background-dim-40 has-background-dim\"><\/span><div class=\"wp-block-cover__inner-container is-layout-constrained wp-block-cover-is-layout-constrained\">\n<p class=\"has-text-align-center has-large-font-size\">Collaborations<\/p>\n\n\n\n<hr class=\"wp-block-separator has-alpha-channel-opacity is-style-default w-25 mx-auto\"\/>\n\n\n\n<p class=\"has-text-align-center has-small-font-size\">6 articles<\/p>\n\n\n\n<div class=\"wp-block-buttons is-content-justification-center is-layout-flex wp-container-core-buttons-is-layout-16018d1d wp-block-buttons-is-layout-flex\">\n<div class=\"wp-block-button\"><a class=\"wp-block-button__link has-text-color has-background has-link-color has-small-font-size has-custom-font-size wp-element-button\" href=\"https:\/\/denda.museodelapaz.eus\/57-colaboraciones\" style=\"border-top-left-radius:4px;border-top-right-radius:4px;border-bottom-left-radius:4px;border-bottom-right-radius:4px;color:#000000;background-color:#ff9900;font-style:normal;font-weight:600\" target=\"_blank\" rel=\"noreferrer noopener\">Acheter maintenant<\/a><\/div>\n<\/div>\n<\/div><\/div>\n<\/div>\n","protected":false},"excerpt":{"rendered":"","protected":false},"author":1,"featured_media":0,"parent":0,"menu_order":0,"comment_status":"closed","ping_status":"closed","template":"","meta":{"_acf_changed":false,"inline_featured_image":false,"footnotes":""},"class_list":["post-18","page","type-page","status-publish","hentry"],"acf":[],"yoast_head":"<!-- This site is optimized with the Yoast SEO plugin v27.4 - https:\/\/yoast.com\/product\/yoast-seo-wordpress\/ -->\n<title>Fondation Mus\u00e9e de la Paix de Gernika<\/title>\n<meta name=\"description\" content=\"Le Mus\u00e9e de la Paix de Gernika est un mus\u00e9e th\u00e9matique consacr\u00e9 \u00e0 la culture de la paix. Inspir\u00e9 par le tragique bombardement de Gernika, aborde deux domaines d&#039;activit\u00e9 du Mus\u00e9e, l&#039;Histoire et de la paix, \u00e0 travers trois axes ou questions.\" \/>\n<meta name=\"robots\" content=\"index, follow, max-snippet:-1, max-image-preview:large, max-video-preview:-1\" \/>\n<link rel=\"canonical\" href=\"https:\/\/www.museodelapaz.eus\/fr\/\" \/>\n<meta property=\"og:locale\" content=\"fr_FR\" \/>\n<meta property=\"og:type\" content=\"article\" \/>\n<meta property=\"og:title\" content=\"Fondation Mus\u00e9e de la Paix de Gernika\" \/>\n<meta property=\"og:description\" content=\"Le Mus\u00e9e de la Paix de Gernika est un mus\u00e9e th\u00e9matique consacr\u00e9 \u00e0 la culture de la paix. Inspir\u00e9 par le tragique bombardement de Gernika, aborde deux domaines d&#039;activit\u00e9 du Mus\u00e9e, l&#039;Histoire et de la paix, \u00e0 travers trois axes ou questions.\" \/>\n<meta property=\"og:url\" content=\"https:\/\/www.museodelapaz.eus\/fr\/\" \/>\n<meta property=\"og:site_name\" content=\"Museo de la Paz de Gernika\" \/>\n<meta property=\"article:modified_time\" content=\"2026-03-03T16:13:06+00:00\" \/>\n<meta property=\"og:image\" content=\"https:\/\/www.museodelapaz.eus\/wp-content\/uploads\/2026\/02\/liburuak-e1771584916774.jpg\" \/>\n\t<meta property=\"og:image:width\" content=\"810\" \/>\n\t<meta property=\"og:image:height\" content=\"562\" \/>\n\t<meta property=\"og:image:type\" content=\"image\/jpeg\" \/>\n<meta name=\"twitter:card\" content=\"summary_large_image\" \/>\n<meta name=\"twitter:label1\" content=\"Dur\u00e9e de lecture estim\u00e9e\" \/>\n\t<meta name=\"twitter:data1\" content=\"1 minute\" \/>\n<script type=\"application\/ld+json\" class=\"yoast-schema-graph\">{\"@context\":\"https:\\\/\\\/schema.org\",\"@graph\":[{\"@type\":\"WebPage\",\"@id\":\"https:\\\/\\\/www.museodelapaz.eus\\\/fr\\\/\",\"url\":\"https:\\\/\\\/www.museodelapaz.eus\\\/fr\\\/\",\"name\":\"Fondation Mus\u00e9e de la Paix de Gernika\",\"isPartOf\":{\"@id\":\"https:\\\/\\\/www.museodelapaz.eus\\\/fr\\\/#website\"},\"primaryImageOfPage\":{\"@id\":\"https:\\\/\\\/www.museodelapaz.eus\\\/fr\\\/#primaryimage\"},\"image\":{\"@id\":\"https:\\\/\\\/www.museodelapaz.eus\\\/fr\\\/#primaryimage\"},\"thumbnailUrl\":\"https:\\\/\\\/www.museodelapaz.eus\\\/wp-content\\\/uploads\\\/2026\\\/02\\\/liburuak-e1771584916774.jpg\",\"datePublished\":\"2024-04-16T14:13:03+00:00\",\"dateModified\":\"2026-03-03T16:13:06+00:00\",\"description\":\"Le Mus\u00e9e de la Paix de Gernika est un mus\u00e9e th\u00e9matique consacr\u00e9 \u00e0 la culture de la paix. Inspir\u00e9 par le tragique bombardement de Gernika, aborde deux domaines d'activit\u00e9 du Mus\u00e9e, l'Histoire et de la paix, \u00e0 travers trois axes ou questions.\",\"breadcrumb\":{\"@id\":\"https:\\\/\\\/www.museodelapaz.eus\\\/fr\\\/#breadcrumb\"},\"inLanguage\":\"fr-FR\",\"potentialAction\":[{\"@type\":\"ReadAction\",\"target\":[\"https:\\\/\\\/www.museodelapaz.eus\\\/fr\\\/\"]}]},{\"@type\":\"ImageObject\",\"inLanguage\":\"fr-FR\",\"@id\":\"https:\\\/\\\/www.museodelapaz.eus\\\/fr\\\/#primaryimage\",\"url\":\"https:\\\/\\\/www.museodelapaz.eus\\\/wp-content\\\/uploads\\\/2026\\\/02\\\/liburuak-e1771584916774.jpg\",\"contentUrl\":\"https:\\\/\\\/www.museodelapaz.eus\\\/wp-content\\\/uploads\\\/2026\\\/02\\\/liburuak-e1771584916774.jpg\"},{\"@type\":\"BreadcrumbList\",\"@id\":\"https:\\\/\\\/www.museodelapaz.eus\\\/fr\\\/#breadcrumb\",\"itemListElement\":[{\"@type\":\"ListItem\",\"position\":1,\"name\":\"Portada\",\"item\":\"https:\\\/\\\/www.museodelapaz.eus\\\/fr\\\/accueil\\\/\"},{\"@type\":\"ListItem\",\"position\":2,\"name\":\"Accueil\"}]},{\"@type\":\"WebSite\",\"@id\":\"https:\\\/\\\/www.museodelapaz.eus\\\/fr\\\/#website\",\"url\":\"https:\\\/\\\/www.museodelapaz.eus\\\/fr\\\/\",\"name\":\"Museo de la Paz de Gernika\",\"description\":\"\",\"publisher\":{\"@id\":\"https:\\\/\\\/www.museodelapaz.eus\\\/fr\\\/#organization\"},\"potentialAction\":[{\"@type\":\"SearchAction\",\"target\":{\"@type\":\"EntryPoint\",\"urlTemplate\":\"https:\\\/\\\/www.museodelapaz.eus\\\/fr\\\/?s={search_term_string}\"},\"query-input\":{\"@type\":\"PropertyValueSpecification\",\"valueRequired\":true,\"valueName\":\"search_term_string\"}}],\"inLanguage\":\"fr-FR\"},{\"@type\":\"Organization\",\"@id\":\"https:\\\/\\\/www.museodelapaz.eus\\\/fr\\\/#organization\",\"name\":\"Museo de la Paz de Gernika\",\"url\":\"https:\\\/\\\/www.museodelapaz.eus\\\/fr\\\/\",\"logo\":{\"@type\":\"ImageObject\",\"inLanguage\":\"fr-FR\",\"@id\":\"https:\\\/\\\/www.museodelapaz.eus\\\/fr\\\/#\\\/schema\\\/logo\\\/image\\\/\",\"url\":\"https:\\\/\\\/www.museodelapaz.eus\\\/wp-content\\\/uploads\\\/2024\\\/05\\\/logo-museo-de-la-paz-gernika-h-1.svg\",\"contentUrl\":\"https:\\\/\\\/www.museodelapaz.eus\\\/wp-content\\\/uploads\\\/2024\\\/05\\\/logo-museo-de-la-paz-gernika-h-1.svg\",\"caption\":\"Museo de la Paz de Gernika\"},\"image\":{\"@id\":\"https:\\\/\\\/www.museodelapaz.eus\\\/fr\\\/#\\\/schema\\\/logo\\\/image\\\/\"}}]}<\/script>\n<!-- \/ Yoast SEO plugin. -->","yoast_head_json":{"title":"Fondation Mus\u00e9e de la Paix de Gernika","description":"Le Mus\u00e9e de la Paix de Gernika est un mus\u00e9e th\u00e9matique consacr\u00e9 \u00e0 la culture de la paix. Inspir\u00e9 par le tragique bombardement de Gernika, aborde deux domaines d'activit\u00e9 du Mus\u00e9e, l'Histoire et de la paix, \u00e0 travers trois axes ou questions.","robots":{"index":"index","follow":"follow","max-snippet":"max-snippet:-1","max-image-preview":"max-image-preview:large","max-video-preview":"max-video-preview:-1"},"canonical":"https:\/\/www.museodelapaz.eus\/fr\/","og_locale":"fr_FR","og_type":"article","og_title":"Fondation Mus\u00e9e de la Paix de Gernika","og_description":"Le Mus\u00e9e de la Paix de Gernika est un mus\u00e9e th\u00e9matique consacr\u00e9 \u00e0 la culture de la paix. Inspir\u00e9 par le tragique bombardement de Gernika, aborde deux domaines d'activit\u00e9 du Mus\u00e9e, l'Histoire et de la paix, \u00e0 travers trois axes ou questions.","og_url":"https:\/\/www.museodelapaz.eus\/fr\/","og_site_name":"Museo de la Paz de Gernika","article_modified_time":"2026-03-03T16:13:06+00:00","og_image":[{"width":810,"height":562,"url":"https:\/\/www.museodelapaz.eus\/wp-content\/uploads\/2026\/02\/liburuak-e1771584916774.jpg","type":"image\/jpeg"}],"twitter_card":"summary_large_image","twitter_misc":{"Dur\u00e9e de lecture estim\u00e9e":"1 minute"},"schema":{"@context":"https:\/\/schema.org","@graph":[{"@type":"WebPage","@id":"https:\/\/www.museodelapaz.eus\/fr\/","url":"https:\/\/www.museodelapaz.eus\/fr\/","name":"Fondation Mus\u00e9e de la Paix de Gernika","isPartOf":{"@id":"https:\/\/www.museodelapaz.eus\/fr\/#website"},"primaryImageOfPage":{"@id":"https:\/\/www.museodelapaz.eus\/fr\/#primaryimage"},"image":{"@id":"https:\/\/www.museodelapaz.eus\/fr\/#primaryimage"},"thumbnailUrl":"https:\/\/www.museodelapaz.eus\/wp-content\/uploads\/2026\/02\/liburuak-e1771584916774.jpg","datePublished":"2024-04-16T14:13:03+00:00","dateModified":"2026-03-03T16:13:06+00:00","description":"Le Mus\u00e9e de la Paix de Gernika est un mus\u00e9e th\u00e9matique consacr\u00e9 \u00e0 la culture de la paix. Inspir\u00e9 par le tragique bombardement de Gernika, aborde deux domaines d'activit\u00e9 du Mus\u00e9e, l'Histoire et de la paix, \u00e0 travers trois axes ou questions.","breadcrumb":{"@id":"https:\/\/www.museodelapaz.eus\/fr\/#breadcrumb"},"inLanguage":"fr-FR","potentialAction":[{"@type":"ReadAction","target":["https:\/\/www.museodelapaz.eus\/fr\/"]}]},{"@type":"ImageObject","inLanguage":"fr-FR","@id":"https:\/\/www.museodelapaz.eus\/fr\/#primaryimage","url":"https:\/\/www.museodelapaz.eus\/wp-content\/uploads\/2026\/02\/liburuak-e1771584916774.jpg","contentUrl":"https:\/\/www.museodelapaz.eus\/wp-content\/uploads\/2026\/02\/liburuak-e1771584916774.jpg"},{"@type":"BreadcrumbList","@id":"https:\/\/www.museodelapaz.eus\/fr\/#breadcrumb","itemListElement":[{"@type":"ListItem","position":1,"name":"Portada","item":"https:\/\/www.museodelapaz.eus\/fr\/accueil\/"},{"@type":"ListItem","position":2,"name":"Accueil"}]},{"@type":"WebSite","@id":"https:\/\/www.museodelapaz.eus\/fr\/#website","url":"https:\/\/www.museodelapaz.eus\/fr\/","name":"Museo de la Paz de Gernika","description":"","publisher":{"@id":"https:\/\/www.museodelapaz.eus\/fr\/#organization"},"potentialAction":[{"@type":"SearchAction","target":{"@type":"EntryPoint","urlTemplate":"https:\/\/www.museodelapaz.eus\/fr\/?s={search_term_string}"},"query-input":{"@type":"PropertyValueSpecification","valueRequired":true,"valueName":"search_term_string"}}],"inLanguage":"fr-FR"},{"@type":"Organization","@id":"https:\/\/www.museodelapaz.eus\/fr\/#organization","name":"Museo de la Paz de Gernika","url":"https:\/\/www.museodelapaz.eus\/fr\/","logo":{"@type":"ImageObject","inLanguage":"fr-FR","@id":"https:\/\/www.museodelapaz.eus\/fr\/#\/schema\/logo\/image\/","url":"https:\/\/www.museodelapaz.eus\/wp-content\/uploads\/2024\/05\/logo-museo-de-la-paz-gernika-h-1.svg","contentUrl":"https:\/\/www.museodelapaz.eus\/wp-content\/uploads\/2024\/05\/logo-museo-de-la-paz-gernika-h-1.svg","caption":"Museo de la Paz de Gernika"},"image":{"@id":"https:\/\/www.museodelapaz.eus\/fr\/#\/schema\/logo\/image\/"}}]}},"_links":{"self":[{"href":"https:\/\/www.museodelapaz.eus\/fr\/wp-json\/wp\/v2\/pages\/18","targetHints":{"allow":["GET"]}}],"collection":[{"href":"https:\/\/www.museodelapaz.eus\/fr\/wp-json\/wp\/v2\/pages"}],"about":[{"href":"https:\/\/www.museodelapaz.eus\/fr\/wp-json\/wp\/v2\/types\/page"}],"author":[{"embeddable":true,"href":"https:\/\/www.museodelapaz.eus\/fr\/wp-json\/wp\/v2\/users\/1"}],"replies":[{"embeddable":true,"href":"https:\/\/www.museodelapaz.eus\/fr\/wp-json\/wp\/v2\/comments?post=18"}],"version-history":[{"count":9,"href":"https:\/\/www.museodelapaz.eus\/fr\/wp-json\/wp\/v2\/pages\/18\/revisions"}],"predecessor-version":[{"id":27271,"href":"https:\/\/www.museodelapaz.eus\/fr\/wp-json\/wp\/v2\/pages\/18\/revisions\/27271"}],"wp:attachment":[{"href":"https:\/\/www.museodelapaz.eus\/fr\/wp-json\/wp\/v2\/media?parent=18"}],"curies":[{"name":"wp","href":"https:\/\/api.w.org\/{rel}","templated":true}]}}